{"id":4126,"date":"2022-09-05T14:45:08","date_gmt":"2022-09-05T14:45:20","guid":{"rendered":"https:\/\/aroshops.com\/?post_type=product&#038;p=4126"},"modified":"2024-11-02T14:40:27","modified_gmt":"2024-11-02T14:40:27","slug":"kung-fu","status":"publish","type":"product","link":"https:\/\/aroshops.com\/de\/produkt\/kung-fu\/","title":{"rendered":"Kung Fu (EN)"},"content":{"rendered":"<p>Kung Fu ist ein aufregendes, w\u00fcrfelgesteuertes Kartenspiel, bei dem 2-5 Spieler um den Titel des Kung Fu Meisters k\u00e4mpfen. Inspiriert von legend\u00e4ren Kampfk\u00fcnsten wie Tai-Chi, Wu-Dang, Wing-Chun und Shao-Lin treten die Spieler in schnellen K\u00e4mpfen gegeneinander an, um als Letzter zu stehen.<\/p>\n<p>Zu Beginn draftet jeder Spieler 10 Kung Fu Karten und passt seinen Anfangsstatus an. In jeder Runde spielen die Spieler gleichzeitig 3 Karten aus ihrer Hand und greifen basierend auf ihren Initiativwerten abwechselnd an. Mit 7 W\u00fcrfeln aktivieren die Spieler ihre Kung Fu Karten f\u00fcr Angriff oder Verteidigung. Das Spiel endet, wenn nur noch ein Spieler \u00fcbrig ist oder nach 3 Runden, wobei der Spieler mit den meisten Lebenspunkten (HP) gewinnt.<\/p>\n<p>Kung Fu ist ideal f\u00fcr Familien und Gelegenheitsspieler, die ein einfach zu lernendes, aber vielseitiges Spiel mit viel Strategie und Kampfsportaction genie\u00dfen.&#8221;<\/p>\n<p>Spieldetails:<br \/>\nSpieler: 2-5<br \/>\nDauer: 30-40 Minuten<br \/>\nAlter: ab 8 Jahren<\/p>\n","protected":false},"excerpt":{"rendered":"<p>Kung Fu ist ein w\u00fcrfelgesteuertes Kartenspiel f\u00fcr 2-5 Spieler, die um den Titel des Kung Fu Meisters k\u00e4mpfen. Leicht zu lernen und perfekt f\u00fcr Familien und Gelegenheitsspieler.<\/p>\n<p>Sprache: Englisch<br \/>\nSpielerzahl: 2-5<br \/>\nSpielzeit: 30-40 Min<br \/>\nAlter: +8<\/p>\n","protected":false},"featured_media":4117,"comment_status":"open","ping_status":"closed","template":"","meta":[],"product_brand":[],"product_cat":[286,282,283,292,297,234,236,83,288,302,306,309,303],"product_tag":[],"class_list":{"0":"post-4126","1":"product","2":"type-product","3":"status-publish","4":"has-post-thumbnail","6":"product_cat-alter7-9","7":"product_cat-alter10-15","8":"product_cat-alter16-99","9":"product_cat-asien-de","10":"product_cat-2-6-spieler-de","11":"product_cat-deckbuilding-de","12":"product_cat-wurfelspiele","13":"product_cat-brettspiele","14":"product_cat-englisch-de","15":"product_cat-casual-de","16":"product_cat-explorer-de","17":"product_cat-flitzer-de","18":"product_cat-sammler-de","20":"first","21":"instock","22":"taxable","23":"shipping-taxable","24":"purchasable","25":"product-type-simple"},"yoast_head":"<!-- This site is optimized with the Yoast SEO plugin v21.6 - https:\/\/yoast.com\/wordpress\/plugins\/seo\/ -->\n<title>Kung Fu (EN) - aroshops<\/title>\n<meta name=\"description\" content=\"Kung Fu ist ein w\u00fcrfelgesteuertes Kartenspiel f\u00fcr 2-5 Spieler, die um den Titel des Kung Fu Meisters k\u00e4mpfen. Ab 8 Jahren, 30-40 Minuten.\" \/>\n<meta name=\"robots\" content=\"index, follow, max-snippet:-1, max-image-preview:large, max-video-preview:-1\" \/>\n<link rel=\"canonical\" href=\"https:\/\/aroshops.com\/produkt\/kung-fu\/\" \/>\n<meta property=\"og:locale\" content=\"de_DE\" \/>\n<meta property=\"og:type\" content=\"article\" \/>\n<meta property=\"og:title\" content=\"Kung Fu (EN) - aroshops\" \/>\n<meta property=\"og:description\" content=\"Kung Fu ist ein w\u00fcrfelgesteuertes Kartenspiel f\u00fcr 2-5 Spieler, die um den Titel des Kung Fu Meisters k\u00e4mpfen. Ab 8 Jahren, 30-40 Minuten.\" \/>\n<meta property=\"og:url\" content=\"https:\/\/aroshops.com\/produkt\/kung-fu\/\" \/>\n<meta property=\"og:site_name\" content=\"aroshops\" \/>\n<meta property=\"article:publisher\" content=\"https:\/\/www.facebook.com\/Aroshops-112003261334249\" \/>\n<meta property=\"article:modified_time\" content=\"2024-11-02T14:40:27+00:00\" \/>\n<meta property=\"og:image\" content=\"https:\/\/aroshops.com\/wp-content\/uploads\/2022\/09\/Titelbild.png\" \/>\n\t<meta property=\"og:image:width\" content=\"800\" \/>\n\t<meta property=\"og:image:height\" content=\"800\" \/>\n\t<meta property=\"og:image:type\" content=\"image\/png\" \/>\n<meta name=\"twitter:card\" content=\"summary_large_image\" \/>\n<meta name=\"twitter:label1\" content=\"Gesch\u00e4tzte Lesezeit\" \/>\n\t<meta name=\"twitter:data1\" content=\"1 Minute\" \/>\n<script type=\"application\/ld+json\" class=\"yoast-schema-graph\">{\"@context\":\"https:\/\/schema.org\",\"@graph\":[{\"@type\":\"WebPage\",\"@id\":\"https:\/\/aroshops.com\/produkt\/kung-fu\/\",\"url\":\"https:\/\/aroshops.com\/produkt\/kung-fu\/\",\"name\":\"Kung Fu (EN) - aroshops\",\"isPartOf\":{\"@id\":\"https:\/\/aroshops.com\/#website\"},\"datePublished\":\"2022-09-05T14:45:20+00:00\",\"dateModified\":\"2024-11-02T14:40:27+00:00\",\"description\":\"Kung Fu ist ein w\u00fcrfelgesteuertes Kartenspiel f\u00fcr 2-5 Spieler, die um den Titel des Kung Fu Meisters k\u00e4mpfen. Ab 8 Jahren, 30-40 Minuten.\",\"breadcrumb\":{\"@id\":\"https:\/\/aroshops.com\/produkt\/kung-fu\/#breadcrumb\"},\"inLanguage\":\"de\",\"potentialAction\":[{\"@type\":\"ReadAction\",\"target\":[\"https:\/\/aroshops.com\/produkt\/kung-fu\/\"]}]},{\"@type\":\"BreadcrumbList\",\"@id\":\"https:\/\/aroshops.com\/produkt\/kung-fu\/#breadcrumb\",\"itemListElement\":[{\"@type\":\"ListItem\",\"position\":1,\"name\":\"Home\",\"item\":\"https:\/\/aroshops.com\/de\/\"},{\"@type\":\"ListItem\",\"position\":2,\"name\":\"Shop\",\"item\":\"https:\/\/aroshops.com\/de\/shop-2\/\"},{\"@type\":\"ListItem\",\"position\":3,\"name\":\"Kung Fu (EN)\"}]},{\"@type\":\"WebSite\",\"@id\":\"https:\/\/aroshops.com\/#website\",\"url\":\"https:\/\/aroshops.com\/\",\"name\":\"aroshops\",\"description\":\"Rare Games from the World\u2019s Best Small Publishers\",\"publisher\":{\"@id\":\"https:\/\/aroshops.com\/#organization\"},\"potentialAction\":[{\"@type\":\"SearchAction\",\"target\":{\"@type\":\"EntryPoint\",\"urlTemplate\":\"https:\/\/aroshops.com\/?s={search_term_string}\"},\"query-input\":\"required name=search_term_string\"}],\"inLanguage\":\"de\"},{\"@type\":\"Organization\",\"@id\":\"https:\/\/aroshops.com\/#organization\",\"name\":\"Aroshops\",\"url\":\"https:\/\/aroshops.com\/\",\"logo\":{\"@type\":\"ImageObject\",\"inLanguage\":\"de\",\"@id\":\"https:\/\/aroshops.com\/#\/schema\/logo\/image\/\",\"url\":\"https:\/\/aroshops.com\/wp-content\/uploads\/2022\/04\/AroQuadrat1-min-scaled.jpg\",\"contentUrl\":\"https:\/\/aroshops.com\/wp-content\/uploads\/2022\/04\/AroQuadrat1-min-scaled.jpg\",\"width\":2560,\"height\":2560,\"caption\":\"Aroshops\"},\"image\":{\"@id\":\"https:\/\/aroshops.com\/#\/schema\/logo\/image\/\"},\"sameAs\":[\"https:\/\/www.facebook.com\/Aroshops-112003261334249\",\"https:\/\/www.instagram.com\/aroshops_\/\",\"https:\/\/www.linkedin.com\/company\/79450258\/admin\/\",\"https:\/\/www.youtube.com\/channel\/UCAvICtso1DRXyhZbVgXqQ0g\"]}]}<\/script>\n<!-- \/ Yoast SEO plugin. -->","yoast_head_json":{"title":"Kung Fu (EN) - aroshops","description":"Kung Fu ist ein w\u00fcrfelgesteuertes Kartenspiel f\u00fcr 2-5 Spieler, die um den Titel des Kung Fu Meisters k\u00e4mpfen. Ab 8 Jahren, 30-40 Minuten.","robots":{"index":"index","follow":"follow","max-snippet":"max-snippet:-1","max-image-preview":"max-image-preview:large","max-video-preview":"max-video-preview:-1"},"canonical":"https:\/\/aroshops.com\/produkt\/kung-fu\/","og_locale":"de_DE","og_type":"article","og_title":"Kung Fu (EN) - aroshops","og_description":"Kung Fu ist ein w\u00fcrfelgesteuertes Kartenspiel f\u00fcr 2-5 Spieler, die um den Titel des Kung Fu Meisters k\u00e4mpfen. Ab 8 Jahren, 30-40 Minuten.","og_url":"https:\/\/aroshops.com\/produkt\/kung-fu\/","og_site_name":"aroshops","article_publisher":"https:\/\/www.facebook.com\/Aroshops-112003261334249","article_modified_time":"2024-11-02T14:40:27+00:00","og_image":[{"width":800,"height":800,"url":"https:\/\/aroshops.com\/wp-content\/uploads\/2022\/09\/Titelbild.png","type":"image\/png"}],"twitter_card":"summary_large_image","twitter_misc":{"Gesch\u00e4tzte Lesezeit":"1 Minute"},"schema":{"@context":"https:\/\/schema.org","@graph":[{"@type":"WebPage","@id":"https:\/\/aroshops.com\/produkt\/kung-fu\/","url":"https:\/\/aroshops.com\/produkt\/kung-fu\/","name":"Kung Fu (EN) - aroshops","isPartOf":{"@id":"https:\/\/aroshops.com\/#website"},"datePublished":"2022-09-05T14:45:20+00:00","dateModified":"2024-11-02T14:40:27+00:00","description":"Kung Fu ist ein w\u00fcrfelgesteuertes Kartenspiel f\u00fcr 2-5 Spieler, die um den Titel des Kung Fu Meisters k\u00e4mpfen. Ab 8 Jahren, 30-40 Minuten.","breadcrumb":{"@id":"https:\/\/aroshops.com\/produkt\/kung-fu\/#breadcrumb"},"inLanguage":"de","potentialAction":[{"@type":"ReadAction","target":["https:\/\/aroshops.com\/produkt\/kung-fu\/"]}]},{"@type":"BreadcrumbList","@id":"https:\/\/aroshops.com\/produkt\/kung-fu\/#breadcrumb","itemListElement":[{"@type":"ListItem","position":1,"name":"Home","item":"https:\/\/aroshops.com\/de\/"},{"@type":"ListItem","position":2,"name":"Shop","item":"https:\/\/aroshops.com\/de\/shop-2\/"},{"@type":"ListItem","position":3,"name":"Kung Fu (EN)"}]},{"@type":"WebSite","@id":"https:\/\/aroshops.com\/#website","url":"https:\/\/aroshops.com\/","name":"aroshops","description":"Rare Games from the World\u2019s Best Small Publishers","publisher":{"@id":"https:\/\/aroshops.com\/#organization"},"potentialAction":[{"@type":"SearchAction","target":{"@type":"EntryPoint","urlTemplate":"https:\/\/aroshops.com\/?s={search_term_string}"},"query-input":"required name=search_term_string"}],"inLanguage":"de"},{"@type":"Organization","@id":"https:\/\/aroshops.com\/#organization","name":"Aroshops","url":"https:\/\/aroshops.com\/","logo":{"@type":"ImageObject","inLanguage":"de","@id":"https:\/\/aroshops.com\/#\/schema\/logo\/image\/","url":"https:\/\/aroshops.com\/wp-content\/uploads\/2022\/04\/AroQuadrat1-min-scaled.jpg","contentUrl":"https:\/\/aroshops.com\/wp-content\/uploads\/2022\/04\/AroQuadrat1-min-scaled.jpg","width":2560,"height":2560,"caption":"Aroshops"},"image":{"@id":"https:\/\/aroshops.com\/#\/schema\/logo\/image\/"},"sameAs":["https:\/\/www.facebook.com\/Aroshops-112003261334249","https:\/\/www.instagram.com\/aroshops_\/","https:\/\/www.linkedin.com\/company\/79450258\/admin\/","https:\/\/www.youtube.com\/channel\/UCAvICtso1DRXyhZbVgXqQ0g"]}]}},"_links":{"self":[{"href":"https:\/\/aroshops.com\/de\/wp-json\/wp\/v2\/product\/4126","targetHints":{"allow":["GET"]}}],"collection":[{"href":"https:\/\/aroshops.com\/de\/wp-json\/wp\/v2\/product"}],"about":[{"href":"https:\/\/aroshops.com\/de\/wp-json\/wp\/v2\/types\/product"}],"replies":[{"embeddable":true,"href":"https:\/\/aroshops.com\/de\/wp-json\/wp\/v2\/comments?post=4126"}],"wp:featuredmedia":[{"embeddable":true,"href":"https:\/\/aroshops.com\/de\/wp-json\/wp\/v2\/media\/4117"}],"wp:attachment":[{"href":"https:\/\/aroshops.com\/de\/wp-json\/wp\/v2\/media?parent=4126"}],"wp:term":[{"taxonomy":"product_brand","embeddable":true,"href":"https:\/\/aroshops.com\/de\/wp-json\/wp\/v2\/product_brand?post=4126"},{"taxonomy":"product_cat","embeddable":true,"href":"https:\/\/aroshops.com\/de\/wp-json\/wp\/v2\/product_cat?post=4126"},{"taxonomy":"product_tag","embeddable":true,"href":"https:\/\/aroshops.com\/de\/wp-json\/wp\/v2\/product_tag?post=4126"}],"curies":[{"name":"wp","href":"https:\/\/api.w.org\/{rel}","templated":true}]}}