{"id":4307,"date":"2023-03-30T19:36:54","date_gmt":"2023-03-30T19:37:09","guid":{"rendered":"https:\/\/aroshops.com\/?post_type=product&#038;p=4307"},"modified":"2025-10-27T09:09:01","modified_gmt":"2025-10-27T09:09:01","slug":"aeolos","status":"publish","type":"product","link":"https:\/\/aroshops.com\/de\/produkt\/aeolos\/","title":{"rendered":"Aeolos (DE EN)"},"content":{"rendered":"<p>Aeolos versetzt die Spieler ins mythische Inselreich, wo Segler um die Gunst der G\u00f6tter k\u00e4mpfen. Als auserw\u00e4hlter Segler musst du Siedlungen errichten, Schiffe bauen und heilige Kristalle sammeln, w\u00e4hrend du mit den unberechenbaren Winden des m\u00e4chtigen Aeolos k\u00e4mpfst. Das Ziel ist es, die meiste Anerkennung von Olympus zu erhalten und in den Kreis der G\u00f6tter aufzusteigen.<\/p>\n<p>Segle mit deinen Schiffen zu den Tempeln der Winde, bringe Opfer dar oder schicke deinen Propheten auf eine heilige Reise \u00fcber die Berge, um von deinen Heldentaten zu berichten. Durch geschicktes Kombinieren von Segelkarten werden deine Schiffe in See stechen und dein Windbeutel wird sich f\u00fcllen. Doch Vorsicht ist geboten: Nutze den Wind weise und behalte deine Rivalen im Auge. Die Zeit dr\u00e4ngt, um dein Schicksal zu erf\u00fcllen.<\/p>\n<p>Aeolos ist ein leichtes Strategiespiel voller Abenteuer, bei dem du den Launen des Windes trotzen musst, um den Sieg zu erringen.<\/p>\n<p>Spieldetails:<br \/>\nSpieler: 2-4<br \/>\nDauer: 45-60 Minuten<br \/>\nAlter: ab 10 Jahren<\/p>\n","protected":false},"excerpt":{"rendered":"<p>Aeolos ist ein strategisches Spiel f\u00fcr 2-4 Spieler, bei dem du Schiffe baust, heilige Kristalle sammelst und in den Tempeln die Gunst der G\u00f6tter erlangst.<\/p>\n<p>Sprache: Deutsch, Englisch<br \/>\nSpielerzahl: 2-4<br \/>\nSpielzeit: 45-60 Min<br \/>\nAlter: +10<\/p>\n","protected":false},"featured_media":4413,"comment_status":"open","ping_status":"closed","template":"","meta":[],"product_brand":[],"product_cat":[282,283,294,297,243,245,248,83,289,290,302,307],"product_tag":[],"class_list":{"0":"post-4307","1":"product","2":"type-product","3":"status-publish","4":"has-post-thumbnail","6":"product_cat-alter10-15","7":"product_cat-alter16-99","8":"product_cat-deutschland-de","9":"product_cat-2-6-spieler-de","10":"product_cat-push-your-luck-de","11":"product_cat-strategiespiele","12":"product_cat-worker-placement-de","13":"product_cat-brettspiele","14":"product_cat-deutsch-de","15":"product_cat-mehrsprachig-de","16":"product_cat-casual-de","17":"product_cat-familienspieler-de","18":"product_shipping_class-paket-1kg","20":"first","21":"outofstock","22":"taxable","23":"shipping-taxable","24":"purchasable","25":"product-type-simple"},"yoast_head":"<!-- This site is optimized with the Yoast SEO plugin v21.6 - https:\/\/yoast.com\/wordpress\/plugins\/seo\/ -->\n<title>Aeolos (DE EN) - aroshops<\/title>\n<meta name=\"description\" content=\"In Aeolos wetteifern 2-4 Spieler darum, Schiffe zu bauen, heilige Kristalle zu sammeln und in den Tempeln der Winde die Gunst der G\u00f6tter zu gewinnen.\" \/>\n<meta name=\"robots\" content=\"index, follow, max-snippet:-1, max-image-preview:large, max-video-preview:-1\" \/>\n<link rel=\"canonical\" href=\"https:\/\/aroshops.com\/de\/produkt\/aeolos\/\" \/>\n<meta property=\"og:locale\" content=\"de_DE\" \/>\n<meta property=\"og:type\" content=\"article\" \/>\n<meta property=\"og:title\" content=\"Aeolos (DE EN) - aroshops\" \/>\n<meta property=\"og:description\" content=\"In Aeolos wetteifern 2-4 Spieler darum, Schiffe zu bauen, heilige Kristalle zu sammeln und in den Tempeln der Winde die Gunst der G\u00f6tter zu gewinnen.\" \/>\n<meta property=\"og:url\" content=\"https:\/\/aroshops.com\/de\/produkt\/aeolos\/\" \/>\n<meta property=\"og:site_name\" content=\"aroshops\" \/>\n<meta property=\"article:publisher\" content=\"https:\/\/www.facebook.com\/Aroshops-112003261334249\" \/>\n<meta property=\"article:modified_time\" content=\"2025-10-27T09:09:01+00:00\" \/>\n<meta property=\"og:image\" content=\"https:\/\/aroshops.com\/wp-content\/uploads\/2023\/03\/Aeolos_schragvorne.png\" \/>\n\t<meta property=\"og:image:width\" content=\"2250\" \/>\n\t<meta property=\"og:image:height\" content=\"2250\" \/>\n\t<meta property=\"og:image:type\" content=\"image\/png\" \/>\n<meta name=\"twitter:card\" content=\"summary_large_image\" \/>\n<meta name=\"twitter:label1\" content=\"Gesch\u00e4tzte Lesezeit\" \/>\n\t<meta name=\"twitter:data1\" content=\"1 Minute\" \/>\n<script type=\"application\/ld+json\" class=\"yoast-schema-graph\">{\"@context\":\"https:\/\/schema.org\",\"@graph\":[{\"@type\":\"WebPage\",\"@id\":\"https:\/\/aroshops.com\/de\/produkt\/aeolos\/\",\"url\":\"https:\/\/aroshops.com\/de\/produkt\/aeolos\/\",\"name\":\"Aeolos (DE EN) - aroshops\",\"isPartOf\":{\"@id\":\"https:\/\/aroshops.com\/#website\"},\"datePublished\":\"2023-03-30T19:37:09+00:00\",\"dateModified\":\"2025-10-27T09:09:01+00:00\",\"description\":\"In Aeolos wetteifern 2-4 Spieler darum, Schiffe zu bauen, heilige Kristalle zu sammeln und in den Tempeln der Winde die Gunst der G\u00f6tter zu gewinnen.\",\"breadcrumb\":{\"@id\":\"https:\/\/aroshops.com\/de\/produkt\/aeolos\/#breadcrumb\"},\"inLanguage\":\"de\",\"potentialAction\":[{\"@type\":\"ReadAction\",\"target\":[\"https:\/\/aroshops.com\/de\/produkt\/aeolos\/\"]}]},{\"@type\":\"BreadcrumbList\",\"@id\":\"https:\/\/aroshops.com\/de\/produkt\/aeolos\/#breadcrumb\",\"itemListElement\":[{\"@type\":\"ListItem\",\"position\":1,\"name\":\"Home\",\"item\":\"https:\/\/aroshops.com\/de\/\"},{\"@type\":\"ListItem\",\"position\":2,\"name\":\"Shop\",\"item\":\"https:\/\/aroshops.com\/de\/shop-2\/\"},{\"@type\":\"ListItem\",\"position\":3,\"name\":\"Aeolos (DE EN)\"}]},{\"@type\":\"WebSite\",\"@id\":\"https:\/\/aroshops.com\/#website\",\"url\":\"https:\/\/aroshops.com\/\",\"name\":\"aroshops\",\"description\":\"Rare Games from the World\u2019s Best Small Publishers\",\"publisher\":{\"@id\":\"https:\/\/aroshops.com\/#organization\"},\"potentialAction\":[{\"@type\":\"SearchAction\",\"target\":{\"@type\":\"EntryPoint\",\"urlTemplate\":\"https:\/\/aroshops.com\/?s={search_term_string}\"},\"query-input\":\"required name=search_term_string\"}],\"inLanguage\":\"de\"},{\"@type\":\"Organization\",\"@id\":\"https:\/\/aroshops.com\/#organization\",\"name\":\"Aroshops\",\"url\":\"https:\/\/aroshops.com\/\",\"logo\":{\"@type\":\"ImageObject\",\"inLanguage\":\"de\",\"@id\":\"https:\/\/aroshops.com\/#\/schema\/logo\/image\/\",\"url\":\"https:\/\/aroshops.com\/wp-content\/uploads\/2022\/04\/AroQuadrat1-min-scaled.jpg\",\"contentUrl\":\"https:\/\/aroshops.com\/wp-content\/uploads\/2022\/04\/AroQuadrat1-min-scaled.jpg\",\"width\":2560,\"height\":2560,\"caption\":\"Aroshops\"},\"image\":{\"@id\":\"https:\/\/aroshops.com\/#\/schema\/logo\/image\/\"},\"sameAs\":[\"https:\/\/www.facebook.com\/Aroshops-112003261334249\",\"https:\/\/www.instagram.com\/aroshops_\/\",\"https:\/\/www.linkedin.com\/company\/79450258\/admin\/\",\"https:\/\/www.youtube.com\/channel\/UCAvICtso1DRXyhZbVgXqQ0g\"]}]}<\/script>\n<!-- \/ Yoast SEO plugin. -->","yoast_head_json":{"title":"Aeolos (DE EN) - aroshops","description":"In Aeolos wetteifern 2-4 Spieler darum, Schiffe zu bauen, heilige Kristalle zu sammeln und in den Tempeln der Winde die Gunst der G\u00f6tter zu gewinnen.","robots":{"index":"index","follow":"follow","max-snippet":"max-snippet:-1","max-image-preview":"max-image-preview:large","max-video-preview":"max-video-preview:-1"},"canonical":"https:\/\/aroshops.com\/de\/produkt\/aeolos\/","og_locale":"de_DE","og_type":"article","og_title":"Aeolos (DE EN) - aroshops","og_description":"In Aeolos wetteifern 2-4 Spieler darum, Schiffe zu bauen, heilige Kristalle zu sammeln und in den Tempeln der Winde die Gunst der G\u00f6tter zu gewinnen.","og_url":"https:\/\/aroshops.com\/de\/produkt\/aeolos\/","og_site_name":"aroshops","article_publisher":"https:\/\/www.facebook.com\/Aroshops-112003261334249","article_modified_time":"2025-10-27T09:09:01+00:00","og_image":[{"width":2250,"height":2250,"url":"https:\/\/aroshops.com\/wp-content\/uploads\/2023\/03\/Aeolos_schragvorne.png","type":"image\/png"}],"twitter_card":"summary_large_image","twitter_misc":{"Gesch\u00e4tzte Lesezeit":"1 Minute"},"schema":{"@context":"https:\/\/schema.org","@graph":[{"@type":"WebPage","@id":"https:\/\/aroshops.com\/de\/produkt\/aeolos\/","url":"https:\/\/aroshops.com\/de\/produkt\/aeolos\/","name":"Aeolos (DE EN) - aroshops","isPartOf":{"@id":"https:\/\/aroshops.com\/#website"},"datePublished":"2023-03-30T19:37:09+00:00","dateModified":"2025-10-27T09:09:01+00:00","description":"In Aeolos wetteifern 2-4 Spieler darum, Schiffe zu bauen, heilige Kristalle zu sammeln und in den Tempeln der Winde die Gunst der G\u00f6tter zu gewinnen.","breadcrumb":{"@id":"https:\/\/aroshops.com\/de\/produkt\/aeolos\/#breadcrumb"},"inLanguage":"de","potentialAction":[{"@type":"ReadAction","target":["https:\/\/aroshops.com\/de\/produkt\/aeolos\/"]}]},{"@type":"BreadcrumbList","@id":"https:\/\/aroshops.com\/de\/produkt\/aeolos\/#breadcrumb","itemListElement":[{"@type":"ListItem","position":1,"name":"Home","item":"https:\/\/aroshops.com\/de\/"},{"@type":"ListItem","position":2,"name":"Shop","item":"https:\/\/aroshops.com\/de\/shop-2\/"},{"@type":"ListItem","position":3,"name":"Aeolos (DE EN)"}]},{"@type":"WebSite","@id":"https:\/\/aroshops.com\/#website","url":"https:\/\/aroshops.com\/","name":"aroshops","description":"Rare Games from the World\u2019s Best Small Publishers","publisher":{"@id":"https:\/\/aroshops.com\/#organization"},"potentialAction":[{"@type":"SearchAction","target":{"@type":"EntryPoint","urlTemplate":"https:\/\/aroshops.com\/?s={search_term_string}"},"query-input":"required name=search_term_string"}],"inLanguage":"de"},{"@type":"Organization","@id":"https:\/\/aroshops.com\/#organization","name":"Aroshops","url":"https:\/\/aroshops.com\/","logo":{"@type":"ImageObject","inLanguage":"de","@id":"https:\/\/aroshops.com\/#\/schema\/logo\/image\/","url":"https:\/\/aroshops.com\/wp-content\/uploads\/2022\/04\/AroQuadrat1-min-scaled.jpg","contentUrl":"https:\/\/aroshops.com\/wp-content\/uploads\/2022\/04\/AroQuadrat1-min-scaled.jpg","width":2560,"height":2560,"caption":"Aroshops"},"image":{"@id":"https:\/\/aroshops.com\/#\/schema\/logo\/image\/"},"sameAs":["https:\/\/www.facebook.com\/Aroshops-112003261334249","https:\/\/www.instagram.com\/aroshops_\/","https:\/\/www.linkedin.com\/company\/79450258\/admin\/","https:\/\/www.youtube.com\/channel\/UCAvICtso1DRXyhZbVgXqQ0g"]}]}},"_links":{"self":[{"href":"https:\/\/aroshops.com\/de\/wp-json\/wp\/v2\/product\/4307","targetHints":{"allow":["GET"]}}],"collection":[{"href":"https:\/\/aroshops.com\/de\/wp-json\/wp\/v2\/product"}],"about":[{"href":"https:\/\/aroshops.com\/de\/wp-json\/wp\/v2\/types\/product"}],"replies":[{"embeddable":true,"href":"https:\/\/aroshops.com\/de\/wp-json\/wp\/v2\/comments?post=4307"}],"wp:featuredmedia":[{"embeddable":true,"href":"https:\/\/aroshops.com\/de\/wp-json\/wp\/v2\/media\/4413"}],"wp:attachment":[{"href":"https:\/\/aroshops.com\/de\/wp-json\/wp\/v2\/media?parent=4307"}],"wp:term":[{"taxonomy":"product_brand","embeddable":true,"href":"https:\/\/aroshops.com\/de\/wp-json\/wp\/v2\/product_brand?post=4307"},{"taxonomy":"product_cat","embeddable":true,"href":"https:\/\/aroshops.com\/de\/wp-json\/wp\/v2\/product_cat?post=4307"},{"taxonomy":"product_tag","embeddable":true,"href":"https:\/\/aroshops.com\/de\/wp-json\/wp\/v2\/product_tag?post=4307"}],"curies":[{"name":"wp","href":"https:\/\/api.w.org\/{rel}","templated":true}]}}