{"id":5054,"date":"2023-11-04T10:42:06","date_gmt":"2023-11-04T10:42:33","guid":{"rendered":"https:\/\/aroshops.com\/?post_type=product&#038;p=5054"},"modified":"2024-11-02T13:59:05","modified_gmt":"2024-11-02T13:59:05","slug":"shadow-house-masquerade","status":"publish","type":"product","link":"https:\/\/aroshops.com\/de\/produkt\/shadow-house-masquerade\/","title":{"rendered":"Shadow House: Masquerade (EN)"},"content":{"rendered":"<p>Shadow House ist ein spannendes und schnelles Kartenspiel, das in einem Herrenhaus spielt. Eine Dinnerparty wird durch den schockierenden Tod von Viscount Shadow gest\u00f6rt. Der Butler verschlie\u00dft schnell alle T\u00fcren und Fenster, sodass alle G\u00e4ste im Haus gefangen sind. Nun m\u00fcssen die Anwesenden den versteckten T\u00e4ter finden, bevor er die kostbaren Edelsteine stehlen kann.<\/p>\n<p>Im Verlauf des Spiels wechseln sich die Spieler mit der Untersuchung ab und versuchen, den T\u00e4ter zu fassen. Doch der wahre T\u00e4ter hat seine eigenen Tricks\u2014er kann seine Identit\u00e4t an einen anderen Spieler weitergeben und sp\u00e4ter versuchen, diesen neuen T\u00e4ter zu fangen! Jede Runde bringt Spannung und Strategie, w\u00e4hrend die Spieler versuchen, sich gegenseitig zu \u00fcberlisten und das Geheimnis zu l\u00f6sen.<\/p>\n<p>Mit leicht verst\u00e4ndlichen Regeln und schnellem Spielverlauf ist Shadow House ideal f\u00fcr Freunde und Familien, die eine spannende und unterhaltsame Erfahrung suchen.<\/p>\n<p>Spieldetails:<br \/>\nSpieler: 3-8<br \/>\nDauer: 15 Minuten<br \/>\nAlter: ab 8 Jahren<\/p>\n","protected":false},"excerpt":{"rendered":"<div class=\"group final-completion w-full text-token-text-primary border-b border-black\/10 gizmo:border-0 dark:border-gray-900\/50 gizmo:dark:border-0 bg-gray-50 gizmo:bg-transparent dark:bg-[#444654] gizmo:dark:bg-transparent\" data-testid=\"conversation-turn-73\">\n<div class=\"p-4 justify-center text-base md:gap-6 md:py-6 m-auto\">\n<div class=\"flex flex-1 gap-4 text-base mx-auto md:gap-6 gizmo:gap-3 gizmo:md:px-5 gizmo:lg:px-1 gizmo:xl:px-5 md:max-w-2xl lg:max-w-[38rem] gizmo:md:max-w-3xl gizmo:lg:max-w-[40rem] gizmo:xl:max-w-[48rem] xl:max-w-3xl }\">\n<div class=\"relative flex w-[calc(100%-50px)] flex-col gizmo:w-full lg:w-[calc(100%-115px)] agent-turn\">\n<div class=\"flex-col gap-1 md:gap-3\">\n<div class=\"flex flex-grow flex-col gap-3 max-w-full\">\n<div class=\"min-h-[20px] flex flex-col items-start gap-3 whitespace-pre-wrap break-words overflow-x-auto\">\n<div class=\"markdown prose w-full break-words dark:prose-invert dark\">\n<div class=\"group final-completion w-full text-token-text-primary border-b border-black\/10 gizmo:border-0 dark:border-gray-900\/50 gizmo:dark:border-0 bg-gray-50 gizmo:bg-transparent dark:bg-[#444654] gizmo:dark:bg-transparent\" data-testid=\"conversation-turn-79\">\n<div class=\"p-4 justify-center text-base md:gap-6 md:py-6 m-auto\">\n<div class=\"flex flex-1 gap-4 text-base mx-auto md:gap-6 gizmo:gap-3 gizmo:md:px-5 gizmo:lg:px-1 gizmo:xl:px-5 md:max-w-2xl lg:max-w-[38rem] gizmo:md:max-w-3xl gizmo:lg:max-w-[40rem] gizmo:xl:max-w-[48rem] xl:max-w-3xl }\">\n<div class=\"relative flex w-[calc(100%-50px)] flex-col gizmo:w-full lg:w-[calc(100%-115px)] agent-turn\">\n<div class=\"flex-col gap-1 md:gap-3\">\n<div class=\"flex flex-grow flex-col gap-3 max-w-full\">\n<div class=\"min-h-[20px] flex flex-col items-start gap-3 whitespace-pre-wrap break-words overflow-x-auto\">\n<div class=\"markdown prose w-full break-words dark:prose-invert dark\">\n<p>Shadow House ist ein schnelles, spannendes Kartenspiel, bei dem die Spieler in einem Herrenhaus nach einem versteckten T\u00e4ter suchen, w\u00e4hrend dieser versucht, Edelsteine zu stehlen und seine Identit\u00e4t weiterzugeben.<\/p>\n<\/div>\n<\/div>\n<\/div>\n<\/div>\n<\/div>\n<\/div>\n<\/div>\n<\/div>\n<p>Sprache: Englisch<br \/>\nSpielerzahl: 3-8<br \/>\nSpielzeit: 15 Min<br \/>\nAlter: +8<\/p>\n<\/div>\n<\/div>\n<\/div>\n<\/div>\n<\/div>\n<\/div>\n<\/div>\n<\/div>\n","protected":false},"featured_media":5147,"comment_status":"open","ping_status":"closed","template":"","meta":[],"product_brand":[],"product_cat":[286,282,283,292,297,298,232,234,81,210,288,302,307],"product_tag":[],"class_list":{"0":"post-5054","1":"product","2":"type-product","3":"status-publish","4":"has-post-thumbnail","6":"product_cat-alter7-9","7":"product_cat-alter10-15","8":"product_cat-alter16-99","9":"product_cat-asien-de","10":"product_cat-2-6-spieler-de","11":"product_cat-7-spieler-de","12":"product_cat-bluffspiele","13":"product_cat-deckbuilding-de","14":"product_cat-kartenspiele","15":"product_cat-reisepiele","16":"product_cat-englisch-de","17":"product_cat-casual-de","18":"product_cat-familienspieler-de","19":"product_shipping_class-paket-1kg","21":"first","22":"instock","23":"taxable","24":"shipping-taxable","25":"purchasable","26":"product-type-simple"},"yoast_head":"<!-- This site is optimized with the Yoast SEO plugin v21.6 - https:\/\/yoast.com\/wordpress\/plugins\/seo\/ -->\n<title>Shadow House: Masquerade (EN) - aroshops<\/title>\n<meta name=\"robots\" content=\"index, follow, max-snippet:-1, max-image-preview:large, max-video-preview:-1\" \/>\n<link rel=\"canonical\" href=\"https:\/\/aroshops.com\/produkt\/shadow-house-masquerade\/\" \/>\n<meta property=\"og:locale\" content=\"de_DE\" \/>\n<meta property=\"og:type\" content=\"article\" \/>\n<meta property=\"og:title\" content=\"Shadow House: Masquerade (EN) - aroshops\" \/>\n<meta property=\"og:description\" content=\"Shadow House ist ein schnelles, spannendes Kartenspiel, bei dem die Spieler in einem Herrenhaus nach einem versteckten T\u00e4ter suchen, w\u00e4hrend dieser versucht, Edelsteine zu stehlen und seine Identit\u00e4t weiterzugeben.          Sprache: Englisch Spielerzahl: 3-8 Spielzeit: 15 Min Alter: +8\" \/>\n<meta property=\"og:url\" content=\"https:\/\/aroshops.com\/produkt\/shadow-house-masquerade\/\" \/>\n<meta property=\"og:site_name\" content=\"aroshops\" \/>\n<meta property=\"article:publisher\" content=\"https:\/\/www.facebook.com\/Aroshops-112003261334249\" \/>\n<meta property=\"article:modified_time\" content=\"2024-11-02T13:59:05+00:00\" \/>\n<meta property=\"og:image\" content=\"https:\/\/aroshops.com\/wp-content\/uploads\/2023\/10\/shadowhouse_front.jpg\" \/>\n\t<meta property=\"og:image:width\" content=\"2250\" \/>\n\t<meta property=\"og:image:height\" content=\"2250\" \/>\n\t<meta property=\"og:image:type\" content=\"image\/jpeg\" \/>\n<meta name=\"twitter:card\" content=\"summary_large_image\" \/>\n<meta name=\"twitter:label1\" content=\"Gesch\u00e4tzte Lesezeit\" \/>\n\t<meta name=\"twitter:data1\" content=\"1 Minute\" \/>\n<script type=\"application\/ld+json\" class=\"yoast-schema-graph\">{\"@context\":\"https:\/\/schema.org\",\"@graph\":[{\"@type\":\"WebPage\",\"@id\":\"https:\/\/aroshops.com\/produkt\/shadow-house-masquerade\/\",\"url\":\"https:\/\/aroshops.com\/produkt\/shadow-house-masquerade\/\",\"name\":\"Shadow House: Masquerade (EN) - aroshops\",\"isPartOf\":{\"@id\":\"https:\/\/aroshops.com\/#website\"},\"datePublished\":\"2023-11-04T10:42:33+00:00\",\"dateModified\":\"2024-11-02T13:59:05+00:00\",\"breadcrumb\":{\"@id\":\"https:\/\/aroshops.com\/produkt\/shadow-house-masquerade\/#breadcrumb\"},\"inLanguage\":\"de\",\"potentialAction\":[{\"@type\":\"ReadAction\",\"target\":[\"https:\/\/aroshops.com\/produkt\/shadow-house-masquerade\/\"]}]},{\"@type\":\"BreadcrumbList\",\"@id\":\"https:\/\/aroshops.com\/produkt\/shadow-house-masquerade\/#breadcrumb\",\"itemListElement\":[{\"@type\":\"ListItem\",\"position\":1,\"name\":\"Home\",\"item\":\"https:\/\/aroshops.com\/de\/\"},{\"@type\":\"ListItem\",\"position\":2,\"name\":\"Shop\",\"item\":\"https:\/\/aroshops.com\/de\/shop-2\/\"},{\"@type\":\"ListItem\",\"position\":3,\"name\":\"Shadow House: Masquerade (EN)\"}]},{\"@type\":\"WebSite\",\"@id\":\"https:\/\/aroshops.com\/#website\",\"url\":\"https:\/\/aroshops.com\/\",\"name\":\"aroshops\",\"description\":\"Rare Games from the World\u2019s Best Small Publishers\",\"publisher\":{\"@id\":\"https:\/\/aroshops.com\/#organization\"},\"potentialAction\":[{\"@type\":\"SearchAction\",\"target\":{\"@type\":\"EntryPoint\",\"urlTemplate\":\"https:\/\/aroshops.com\/?s={search_term_string}\"},\"query-input\":\"required name=search_term_string\"}],\"inLanguage\":\"de\"},{\"@type\":\"Organization\",\"@id\":\"https:\/\/aroshops.com\/#organization\",\"name\":\"Aroshops\",\"url\":\"https:\/\/aroshops.com\/\",\"logo\":{\"@type\":\"ImageObject\",\"inLanguage\":\"de\",\"@id\":\"https:\/\/aroshops.com\/#\/schema\/logo\/image\/\",\"url\":\"https:\/\/aroshops.com\/wp-content\/uploads\/2022\/04\/AroQuadrat1-min-scaled.jpg\",\"contentUrl\":\"https:\/\/aroshops.com\/wp-content\/uploads\/2022\/04\/AroQuadrat1-min-scaled.jpg\",\"width\":2560,\"height\":2560,\"caption\":\"Aroshops\"},\"image\":{\"@id\":\"https:\/\/aroshops.com\/#\/schema\/logo\/image\/\"},\"sameAs\":[\"https:\/\/www.facebook.com\/Aroshops-112003261334249\",\"https:\/\/www.instagram.com\/aroshops_\/\",\"https:\/\/www.linkedin.com\/company\/79450258\/admin\/\",\"https:\/\/www.youtube.com\/channel\/UCAvICtso1DRXyhZbVgXqQ0g\"]}]}<\/script>\n<!-- \/ Yoast SEO plugin. -->","yoast_head_json":{"title":"Shadow House: Masquerade (EN) - aroshops","robots":{"index":"index","follow":"follow","max-snippet":"max-snippet:-1","max-image-preview":"max-image-preview:large","max-video-preview":"max-video-preview:-1"},"canonical":"https:\/\/aroshops.com\/produkt\/shadow-house-masquerade\/","og_locale":"de_DE","og_type":"article","og_title":"Shadow House: Masquerade (EN) - aroshops","og_description":"Shadow House ist ein schnelles, spannendes Kartenspiel, bei dem die Spieler in einem Herrenhaus nach einem versteckten T\u00e4ter suchen, w\u00e4hrend dieser versucht, Edelsteine zu stehlen und seine Identit\u00e4t weiterzugeben.          Sprache: Englisch Spielerzahl: 3-8 Spielzeit: 15 Min Alter: +8","og_url":"https:\/\/aroshops.com\/produkt\/shadow-house-masquerade\/","og_site_name":"aroshops","article_publisher":"https:\/\/www.facebook.com\/Aroshops-112003261334249","article_modified_time":"2024-11-02T13:59:05+00:00","og_image":[{"width":2250,"height":2250,"url":"https:\/\/aroshops.com\/wp-content\/uploads\/2023\/10\/shadowhouse_front.jpg","type":"image\/jpeg"}],"twitter_card":"summary_large_image","twitter_misc":{"Gesch\u00e4tzte Lesezeit":"1 Minute"},"schema":{"@context":"https:\/\/schema.org","@graph":[{"@type":"WebPage","@id":"https:\/\/aroshops.com\/produkt\/shadow-house-masquerade\/","url":"https:\/\/aroshops.com\/produkt\/shadow-house-masquerade\/","name":"Shadow House: Masquerade (EN) - aroshops","isPartOf":{"@id":"https:\/\/aroshops.com\/#website"},"datePublished":"2023-11-04T10:42:33+00:00","dateModified":"2024-11-02T13:59:05+00:00","breadcrumb":{"@id":"https:\/\/aroshops.com\/produkt\/shadow-house-masquerade\/#breadcrumb"},"inLanguage":"de","potentialAction":[{"@type":"ReadAction","target":["https:\/\/aroshops.com\/produkt\/shadow-house-masquerade\/"]}]},{"@type":"BreadcrumbList","@id":"https:\/\/aroshops.com\/produkt\/shadow-house-masquerade\/#breadcrumb","itemListElement":[{"@type":"ListItem","position":1,"name":"Home","item":"https:\/\/aroshops.com\/de\/"},{"@type":"ListItem","position":2,"name":"Shop","item":"https:\/\/aroshops.com\/de\/shop-2\/"},{"@type":"ListItem","position":3,"name":"Shadow House: Masquerade (EN)"}]},{"@type":"WebSite","@id":"https:\/\/aroshops.com\/#website","url":"https:\/\/aroshops.com\/","name":"aroshops","description":"Rare Games from the World\u2019s Best Small Publishers","publisher":{"@id":"https:\/\/aroshops.com\/#organization"},"potentialAction":[{"@type":"SearchAction","target":{"@type":"EntryPoint","urlTemplate":"https:\/\/aroshops.com\/?s={search_term_string}"},"query-input":"required name=search_term_string"}],"inLanguage":"de"},{"@type":"Organization","@id":"https:\/\/aroshops.com\/#organization","name":"Aroshops","url":"https:\/\/aroshops.com\/","logo":{"@type":"ImageObject","inLanguage":"de","@id":"https:\/\/aroshops.com\/#\/schema\/logo\/image\/","url":"https:\/\/aroshops.com\/wp-content\/uploads\/2022\/04\/AroQuadrat1-min-scaled.jpg","contentUrl":"https:\/\/aroshops.com\/wp-content\/uploads\/2022\/04\/AroQuadrat1-min-scaled.jpg","width":2560,"height":2560,"caption":"Aroshops"},"image":{"@id":"https:\/\/aroshops.com\/#\/schema\/logo\/image\/"},"sameAs":["https:\/\/www.facebook.com\/Aroshops-112003261334249","https:\/\/www.instagram.com\/aroshops_\/","https:\/\/www.linkedin.com\/company\/79450258\/admin\/","https:\/\/www.youtube.com\/channel\/UCAvICtso1DRXyhZbVgXqQ0g"]}]}},"_links":{"self":[{"href":"https:\/\/aroshops.com\/de\/wp-json\/wp\/v2\/product\/5054","targetHints":{"allow":["GET"]}}],"collection":[{"href":"https:\/\/aroshops.com\/de\/wp-json\/wp\/v2\/product"}],"about":[{"href":"https:\/\/aroshops.com\/de\/wp-json\/wp\/v2\/types\/product"}],"replies":[{"embeddable":true,"href":"https:\/\/aroshops.com\/de\/wp-json\/wp\/v2\/comments?post=5054"}],"wp:featuredmedia":[{"embeddable":true,"href":"https:\/\/aroshops.com\/de\/wp-json\/wp\/v2\/media\/5147"}],"wp:attachment":[{"href":"https:\/\/aroshops.com\/de\/wp-json\/wp\/v2\/media?parent=5054"}],"wp:term":[{"taxonomy":"product_brand","embeddable":true,"href":"https:\/\/aroshops.com\/de\/wp-json\/wp\/v2\/product_brand?post=5054"},{"taxonomy":"product_cat","embeddable":true,"href":"https:\/\/aroshops.com\/de\/wp-json\/wp\/v2\/product_cat?post=5054"},{"taxonomy":"product_tag","embeddable":true,"href":"https:\/\/aroshops.com\/de\/wp-json\/wp\/v2\/product_tag?post=5054"}],"curies":[{"name":"wp","href":"https:\/\/api.w.org\/{rel}","templated":true}]}}