{"id":5056,"date":"2023-11-04T12:23:35","date_gmt":"2023-11-04T12:23:55","guid":{"rendered":"https:\/\/aroshops.com\/?post_type=product&#038;p=5056"},"modified":"2024-10-17T09:01:10","modified_gmt":"2024-10-17T09:01:10","slug":"hnefatafl-the-viking-tales","status":"publish","type":"product","link":"https:\/\/aroshops.com\/de\/produkt\/hnefatafl-the-viking-tales\/","title":{"rendered":"Hnefatafl: The Viking Tales (DE EN)"},"content":{"rendered":"<p>Hnefatafl: Die Wikingergeschichten l\u00e4dt die Spieler ein, in die Welt der Wikinger einzutauchen und ihre Truppen in einem strategischen Spiel f\u00fcr 2 bis 4 Spieler zum Sieg zu f\u00fchren. Hnefatafl, oft als \u201eK\u00f6nigstisch\u201c bezeichnet, hat seinen Ursprung vor \u00fcber 1600 Jahren in Skandinavien. Traditionell spielen zwei Spieler \u2013 einer \u00fcbernimmt die Rolle des K\u00f6nigs mit Truppen, die in einen Hinterhalt geraten, und der andere ist der Angreifer, der versucht, den K\u00f6nig zu fangen.<\/p>\n<p>In Hnefatafl: Die Wikingergeschichten wurde das klassische Spiel erweitert, um bis zu vier Spieler einzubeziehen, was intensivere und dynamischere Spielm\u00f6glichkeiten bietet. Trotz der Regelanpassungen f\u00fcr mehr Spieler beh\u00e4lt das Spiel seine einfachen Mechaniken bei, was lange Stunden voller Spa\u00df und unz\u00e4hlige strategische M\u00f6glichkeiten garantiert.<\/p>\n<p>Ideal f\u00fcr Familien, Freunde und Fans der Wikinger-Geschichte bietet Hnefatafl: Die Wikingergeschichten ein fesselndes, zeitloses Spielerlebnis.<\/p>\n<p>Spieldetails:<br \/>\nSpieler: 2-4<br \/>\nDauer: 30 Minuten<br \/>\nAlter: ab 6 Jahren<\/p>\n","protected":false},"excerpt":{"rendered":"<div class=\"Qr7Oae\" role=\"listitem\">\n<div class=\"OxAavc NVbRL\" data-required=\"true\" data-item-id=\"1207904119\">\n<div class=\"Ih4Dzb\">\n<div class=\"q4tvle JqSWld yqQS1\">\n<div class=\"group final-completion w-full text-token-text-primary border-b border-black\/10 gizmo:border-0 dark:border-gray-900\/50 gizmo:dark:border-0 bg-gray-50 gizmo:bg-transparent dark:bg-[#444654] gizmo:dark:bg-transparent\" data-testid=\"conversation-turn-85\">\n<div class=\"p-4 justify-center text-base md:gap-6 md:py-6 m-auto\">\n<div class=\"flex flex-1 gap-4 text-base mx-auto md:gap-6 gizmo:gap-3 gizmo:md:px-5 gizmo:lg:px-1 gizmo:xl:px-5 md:max-w-2xl lg:max-w-[38rem] gizmo:md:max-w-3xl gizmo:lg:max-w-[40rem] gizmo:xl:max-w-[48rem] xl:max-w-3xl }\">\n<div class=\"relative flex w-[calc(100%-50px)] flex-col gizmo:w-full lg:w-[calc(100%-115px)] agent-turn\">\n<div class=\"flex-col gap-1 md:gap-3\">\n<div class=\"flex flex-grow flex-col gap-3 max-w-full\">\n<div class=\"min-h-[20px] flex flex-col items-start gap-3 whitespace-pre-wrap break-words overflow-x-auto\">\n<div class=\"markdown prose w-full break-words dark:prose-invert dark\">\n<p>Hnefatafl: Die Wikingergeschichten ist ein strategisches Wikinger-Brettspiel, bei dem 2-4 Spieler als K\u00f6nige und Angreifer um den Sieg k\u00e4mpfen. Einfach, aber herausfordernd!<\/p>\n<\/div>\n<\/div>\n<\/div>\n<\/div>\n<\/div>\n<\/div>\n<\/div>\n<\/div>\n<\/div>\n<\/div>\n<\/div>\n<\/div>\n<div>Sprache: Deutsch, Englisch<br \/>\nSpielerzahl: 2-4<br \/>\nSpielzeit: 30 Min<br \/>\nAlter: +6<\/div>\n","protected":false},"featured_media":5097,"comment_status":"open","ping_status":"closed","template":"","meta":[],"product_brand":[],"product_cat":[286,282,283,293,300,297,231,245,83,289,288,290,305,306,303],"product_tag":[],"class_list":{"0":"post-5056","1":"product","2":"type-product","3":"status-publish","4":"has-post-thumbnail","6":"product_cat-alter7-9","7":"product_cat-alter10-15","8":"product_cat-alter16-99","9":"product_cat-europa-de","10":"product_cat-zweispieler-de","11":"product_cat-2-6-spieler-de","12":"product_cat-area-control-de","13":"product_cat-strategiespiele","14":"product_cat-brettspiele","15":"product_cat-deutsch-de","16":"product_cat-englisch-de","17":"product_cat-mehrsprachig-de","18":"product_cat-experte-de","19":"product_cat-explorer-de","20":"product_cat-sammler-de","21":"product_shipping_class-paket-1kg","23":"first","24":"instock","25":"taxable","26":"shipping-taxable","27":"purchasable","28":"product-type-simple"},"yoast_head":"<!-- This site is optimized with the Yoast SEO plugin v21.6 - https:\/\/yoast.com\/wordpress\/plugins\/seo\/ -->\n<title>Hnefatafl: The Viking Tales (DE EN) - aroshops<\/title>\n<meta name=\"description\" content=\"Hnefatafl: Die Wikingergeschichten ist ein strategisches Wikinger-Brettspiel f\u00fcr 2-4 Spieler, bei dem ein K\u00f6nig verteidigt und andere angreifen.\" \/>\n<meta name=\"robots\" content=\"index, follow, max-snippet:-1, max-image-preview:large, max-video-preview:-1\" \/>\n<link rel=\"canonical\" href=\"https:\/\/aroshops.com\/de\/produkt\/hnefatafl-the-viking-tales\/\" \/>\n<meta property=\"og:locale\" content=\"de_DE\" \/>\n<meta property=\"og:type\" content=\"article\" \/>\n<meta property=\"og:title\" content=\"Hnefatafl: The Viking Tales (DE EN) - aroshops\" \/>\n<meta property=\"og:description\" content=\"Hnefatafl: Die Wikingergeschichten ist ein strategisches Wikinger-Brettspiel f\u00fcr 2-4 Spieler, bei dem ein K\u00f6nig verteidigt und andere angreifen.\" \/>\n<meta property=\"og:url\" content=\"https:\/\/aroshops.com\/de\/produkt\/hnefatafl-the-viking-tales\/\" \/>\n<meta property=\"og:site_name\" content=\"aroshops\" \/>\n<meta property=\"article:publisher\" content=\"https:\/\/www.facebook.com\/Aroshops-112003261334249\" \/>\n<meta property=\"article:modified_time\" content=\"2024-10-17T09:01:10+00:00\" \/>\n<meta property=\"og:image\" content=\"https:\/\/aroshops.com\/wp-content\/uploads\/2023\/10\/hnefatafl_front.jpg\" \/>\n\t<meta property=\"og:image:width\" content=\"2250\" \/>\n\t<meta property=\"og:image:height\" content=\"2250\" \/>\n\t<meta property=\"og:image:type\" content=\"image\/jpeg\" \/>\n<meta name=\"twitter:card\" content=\"summary_large_image\" \/>\n<meta name=\"twitter:label1\" content=\"Gesch\u00e4tzte Lesezeit\" \/>\n\t<meta name=\"twitter:data1\" content=\"1 Minute\" \/>\n<script type=\"application\/ld+json\" class=\"yoast-schema-graph\">{\"@context\":\"https:\/\/schema.org\",\"@graph\":[{\"@type\":\"WebPage\",\"@id\":\"https:\/\/aroshops.com\/de\/produkt\/hnefatafl-the-viking-tales\/\",\"url\":\"https:\/\/aroshops.com\/de\/produkt\/hnefatafl-the-viking-tales\/\",\"name\":\"Hnefatafl: The Viking Tales (DE EN) - aroshops\",\"isPartOf\":{\"@id\":\"https:\/\/aroshops.com\/#website\"},\"datePublished\":\"2023-11-04T12:23:55+00:00\",\"dateModified\":\"2024-10-17T09:01:10+00:00\",\"description\":\"Hnefatafl: Die Wikingergeschichten ist ein strategisches Wikinger-Brettspiel f\u00fcr 2-4 Spieler, bei dem ein K\u00f6nig verteidigt und andere angreifen.\",\"breadcrumb\":{\"@id\":\"https:\/\/aroshops.com\/de\/produkt\/hnefatafl-the-viking-tales\/#breadcrumb\"},\"inLanguage\":\"de\",\"potentialAction\":[{\"@type\":\"ReadAction\",\"target\":[\"https:\/\/aroshops.com\/de\/produkt\/hnefatafl-the-viking-tales\/\"]}]},{\"@type\":\"BreadcrumbList\",\"@id\":\"https:\/\/aroshops.com\/de\/produkt\/hnefatafl-the-viking-tales\/#breadcrumb\",\"itemListElement\":[{\"@type\":\"ListItem\",\"position\":1,\"name\":\"Home\",\"item\":\"https:\/\/aroshops.com\/de\/\"},{\"@type\":\"ListItem\",\"position\":2,\"name\":\"Shop\",\"item\":\"https:\/\/aroshops.com\/de\/shop-2\/\"},{\"@type\":\"ListItem\",\"position\":3,\"name\":\"Hnefatafl: The Viking Tales (DE EN)\"}]},{\"@type\":\"WebSite\",\"@id\":\"https:\/\/aroshops.com\/#website\",\"url\":\"https:\/\/aroshops.com\/\",\"name\":\"aroshops\",\"description\":\"Rare Games from the World\u2019s Best Small Publishers\",\"publisher\":{\"@id\":\"https:\/\/aroshops.com\/#organization\"},\"potentialAction\":[{\"@type\":\"SearchAction\",\"target\":{\"@type\":\"EntryPoint\",\"urlTemplate\":\"https:\/\/aroshops.com\/?s={search_term_string}\"},\"query-input\":\"required name=search_term_string\"}],\"inLanguage\":\"de\"},{\"@type\":\"Organization\",\"@id\":\"https:\/\/aroshops.com\/#organization\",\"name\":\"Aroshops\",\"url\":\"https:\/\/aroshops.com\/\",\"logo\":{\"@type\":\"ImageObject\",\"inLanguage\":\"de\",\"@id\":\"https:\/\/aroshops.com\/#\/schema\/logo\/image\/\",\"url\":\"https:\/\/aroshops.com\/wp-content\/uploads\/2022\/04\/AroQuadrat1-min-scaled.jpg\",\"contentUrl\":\"https:\/\/aroshops.com\/wp-content\/uploads\/2022\/04\/AroQuadrat1-min-scaled.jpg\",\"width\":2560,\"height\":2560,\"caption\":\"Aroshops\"},\"image\":{\"@id\":\"https:\/\/aroshops.com\/#\/schema\/logo\/image\/\"},\"sameAs\":[\"https:\/\/www.facebook.com\/Aroshops-112003261334249\",\"https:\/\/www.instagram.com\/aroshops_\/\",\"https:\/\/www.linkedin.com\/company\/79450258\/admin\/\",\"https:\/\/www.youtube.com\/channel\/UCAvICtso1DRXyhZbVgXqQ0g\"]}]}<\/script>\n<!-- \/ Yoast SEO plugin. -->","yoast_head_json":{"title":"Hnefatafl: The Viking Tales (DE EN) - aroshops","description":"Hnefatafl: Die Wikingergeschichten ist ein strategisches Wikinger-Brettspiel f\u00fcr 2-4 Spieler, bei dem ein K\u00f6nig verteidigt und andere angreifen.","robots":{"index":"index","follow":"follow","max-snippet":"max-snippet:-1","max-image-preview":"max-image-preview:large","max-video-preview":"max-video-preview:-1"},"canonical":"https:\/\/aroshops.com\/de\/produkt\/hnefatafl-the-viking-tales\/","og_locale":"de_DE","og_type":"article","og_title":"Hnefatafl: The Viking Tales (DE EN) - aroshops","og_description":"Hnefatafl: Die Wikingergeschichten ist ein strategisches Wikinger-Brettspiel f\u00fcr 2-4 Spieler, bei dem ein K\u00f6nig verteidigt und andere angreifen.","og_url":"https:\/\/aroshops.com\/de\/produkt\/hnefatafl-the-viking-tales\/","og_site_name":"aroshops","article_publisher":"https:\/\/www.facebook.com\/Aroshops-112003261334249","article_modified_time":"2024-10-17T09:01:10+00:00","og_image":[{"width":2250,"height":2250,"url":"https:\/\/aroshops.com\/wp-content\/uploads\/2023\/10\/hnefatafl_front.jpg","type":"image\/jpeg"}],"twitter_card":"summary_large_image","twitter_misc":{"Gesch\u00e4tzte Lesezeit":"1 Minute"},"schema":{"@context":"https:\/\/schema.org","@graph":[{"@type":"WebPage","@id":"https:\/\/aroshops.com\/de\/produkt\/hnefatafl-the-viking-tales\/","url":"https:\/\/aroshops.com\/de\/produkt\/hnefatafl-the-viking-tales\/","name":"Hnefatafl: The Viking Tales (DE EN) - aroshops","isPartOf":{"@id":"https:\/\/aroshops.com\/#website"},"datePublished":"2023-11-04T12:23:55+00:00","dateModified":"2024-10-17T09:01:10+00:00","description":"Hnefatafl: Die Wikingergeschichten ist ein strategisches Wikinger-Brettspiel f\u00fcr 2-4 Spieler, bei dem ein K\u00f6nig verteidigt und andere angreifen.","breadcrumb":{"@id":"https:\/\/aroshops.com\/de\/produkt\/hnefatafl-the-viking-tales\/#breadcrumb"},"inLanguage":"de","potentialAction":[{"@type":"ReadAction","target":["https:\/\/aroshops.com\/de\/produkt\/hnefatafl-the-viking-tales\/"]}]},{"@type":"BreadcrumbList","@id":"https:\/\/aroshops.com\/de\/produkt\/hnefatafl-the-viking-tales\/#breadcrumb","itemListElement":[{"@type":"ListItem","position":1,"name":"Home","item":"https:\/\/aroshops.com\/de\/"},{"@type":"ListItem","position":2,"name":"Shop","item":"https:\/\/aroshops.com\/de\/shop-2\/"},{"@type":"ListItem","position":3,"name":"Hnefatafl: The Viking Tales (DE EN)"}]},{"@type":"WebSite","@id":"https:\/\/aroshops.com\/#website","url":"https:\/\/aroshops.com\/","name":"aroshops","description":"Rare Games from the World\u2019s Best Small Publishers","publisher":{"@id":"https:\/\/aroshops.com\/#organization"},"potentialAction":[{"@type":"SearchAction","target":{"@type":"EntryPoint","urlTemplate":"https:\/\/aroshops.com\/?s={search_term_string}"},"query-input":"required name=search_term_string"}],"inLanguage":"de"},{"@type":"Organization","@id":"https:\/\/aroshops.com\/#organization","name":"Aroshops","url":"https:\/\/aroshops.com\/","logo":{"@type":"ImageObject","inLanguage":"de","@id":"https:\/\/aroshops.com\/#\/schema\/logo\/image\/","url":"https:\/\/aroshops.com\/wp-content\/uploads\/2022\/04\/AroQuadrat1-min-scaled.jpg","contentUrl":"https:\/\/aroshops.com\/wp-content\/uploads\/2022\/04\/AroQuadrat1-min-scaled.jpg","width":2560,"height":2560,"caption":"Aroshops"},"image":{"@id":"https:\/\/aroshops.com\/#\/schema\/logo\/image\/"},"sameAs":["https:\/\/www.facebook.com\/Aroshops-112003261334249","https:\/\/www.instagram.com\/aroshops_\/","https:\/\/www.linkedin.com\/company\/79450258\/admin\/","https:\/\/www.youtube.com\/channel\/UCAvICtso1DRXyhZbVgXqQ0g"]}]}},"_links":{"self":[{"href":"https:\/\/aroshops.com\/de\/wp-json\/wp\/v2\/product\/5056","targetHints":{"allow":["GET"]}}],"collection":[{"href":"https:\/\/aroshops.com\/de\/wp-json\/wp\/v2\/product"}],"about":[{"href":"https:\/\/aroshops.com\/de\/wp-json\/wp\/v2\/types\/product"}],"replies":[{"embeddable":true,"href":"https:\/\/aroshops.com\/de\/wp-json\/wp\/v2\/comments?post=5056"}],"wp:featuredmedia":[{"embeddable":true,"href":"https:\/\/aroshops.com\/de\/wp-json\/wp\/v2\/media\/5097"}],"wp:attachment":[{"href":"https:\/\/aroshops.com\/de\/wp-json\/wp\/v2\/media?parent=5056"}],"wp:term":[{"taxonomy":"product_brand","embeddable":true,"href":"https:\/\/aroshops.com\/de\/wp-json\/wp\/v2\/product_brand?post=5056"},{"taxonomy":"product_cat","embeddable":true,"href":"https:\/\/aroshops.com\/de\/wp-json\/wp\/v2\/product_cat?post=5056"},{"taxonomy":"product_tag","embeddable":true,"href":"https:\/\/aroshops.com\/de\/wp-json\/wp\/v2\/product_tag?post=5056"}],"curies":[{"name":"wp","href":"https:\/\/api.w.org\/{rel}","templated":true}]}}