{"id":5319,"date":"2023-11-18T10:53:35","date_gmt":"2023-11-18T10:53:59","guid":{"rendered":"https:\/\/aroshops.com\/?post_type=product&#038;p=5319"},"modified":"2024-11-19T18:53:50","modified_gmt":"2024-11-19T18:53:50","slug":"la-bete","status":"publish","type":"product","link":"https:\/\/aroshops.com\/de\/produkt\/la-bete\/","title":{"rendered":"La Bete (DE)"},"content":{"rendered":"<div class=\"w-full text-token-text-primary border-b border-black\/10 gizmo:border-0 dark:border-gray-900\/50 gizmo:dark:border-0 bg-gray-50 gizmo:bg-transparent dark:bg-[#444654] gizmo:dark:bg-transparent\" data-testid=\"conversation-turn-53\">\n<div class=\"p-4 gizmo:py-2 justify-center text-base md:gap-6 md:py-6 m-auto\">\n<div class=\"flex flex-1 gap-4 text-base mx-auto md:gap-6 gizmo:gap-3 gizmo:md:px-5 gizmo:lg:px-1 gizmo:xl:px-5 md:max-w-2xl lg:max-w-[38rem] gizmo:md:max-w-3xl gizmo:lg:max-w-[40rem] gizmo:xl:max-w-[48rem] xl:max-w-3xl } group\">\n<div class=\"relative flex w-[calc(100%-50px)] flex-col gizmo:w-full lg:w-[calc(100%-115px)] agent-turn\">\n<div class=\"flex-col gap-1 md:gap-3\">\n<div class=\"flex flex-grow flex-col max-w-full gap-3 gizmo:gap-0\">\n<div class=\"min-h-[20px] text-message flex flex-col items-start gap-3 whitespace-pre-wrap break-words [.text-message+&amp;]:mt-5 overflow-x-auto\" data-message-author-role=\"assistant\" data-message-id=\"3537d45b-72cc-451f-aedf-f59403304864\">\n<div class=\"markdown prose w-full break-words dark:prose-invert dark\">\n<p>La B\u00eate ist ein spannendes asymmetrisches Strategiespiel, in dem ein Spieler die Rolle der Bestie \u00fcbernimmt, deren Ziel es ist, 25 Opfer zu eliminieren. Die anderen Spieler agieren als Ermittler, die zusammenarbeiten, um die Opfer zu sch\u00fctzen, Hinweise zu sammeln und die wahre Identit\u00e4t der Bestie zu enth\u00fcllen, bevor diese ihre t\u00f6dliche Mission vollendet.<\/p>\n<p>Das Spiel verl\u00e4uft \u00fcber 12 Runden, wobei jede Runde durch die wechselnden Jahreszeiten beeinflusst wird, was beiden Seiten zus\u00e4tzliche Herausforderungen bietet. Die Bestie muss sich im Verborgenen bewegen und spezielle F\u00e4higkeiten einsetzen, um der Entdeckung zu entgehen, w\u00e4hrend sie ihre Beute jagt. Gleichzeitig m\u00fcssen die Ermittler strategisch vorgehen, um wichtige Orte zu sch\u00fctzen und Hinweise zu sammeln, immer auf der Suche nach dem n\u00e4chsten Schritt der Bestie.<\/p>\n<p>Mit zunehmender Spannung in jeder Runde bietet La B\u00eate ein fesselndes und immersives Spielerlebnis, bei dem schnelles Denken und sorgf\u00e4ltige Planung f\u00fcr beide Seiten entscheidend sind.<\/p>\n<p>Spieldetails:<br \/>\nSpieler: 2-5<br \/>\nDauer: 45-60 Minuten<br \/>\nAlter: ab 12 Jahren<\/p>\n<\/div>\n<\/div>\n<\/div>\n<\/div>\n<\/div>\n<\/div>\n<\/div>\n<\/div>\n","protected":false},"excerpt":{"rendered":"<div class=\"flex-1 overflow-hidden\">\n<div class=\"react-scroll-to-bottom--css-joowh-79elbk h-full\">\n<div class=\"react-scroll-to-bottom--css-joowh-1n7m0yu\">\n<div class=\"flex flex-col text-sm gizmo:pb-9 dark:bg-gray-800 gizmo:dark:bg-transparent\">\n<div class=\"w-full text-token-text-primary border-b border-black\/10 gizmo:border-0 dark:border-gray-900\/50 gizmo:dark:border-0 bg-gray-50 gizmo:bg-transparent dark:bg-[#444654] gizmo:dark:bg-transparent\" data-testid=\"conversation-turn-51\">\n<div class=\"p-4 gizmo:py-2 justify-center text-base md:gap-6 md:py-6 m-auto\">\n<div class=\"flex flex-1 gap-4 text-base mx-auto md:gap-6 gizmo:gap-3 gizmo:md:px-5 gizmo:lg:px-1 gizmo:xl:px-5 md:max-w-2xl lg:max-w-[38rem] gizmo:md:max-w-3xl gizmo:lg:max-w-[40rem] gizmo:xl:max-w-[48rem] xl:max-w-3xl } group final-completion\">\n<div class=\"relative flex w-[calc(100%-50px)] flex-col gizmo:w-full lg:w-[calc(100%-115px)] agent-turn\">\n<div class=\"flex-col gap-1 md:gap-3\">\n<div class=\"flex flex-grow flex-col max-w-full gap-3 gizmo:gap-0\">\n<div class=\"min-h-[20px] text-message flex flex-col items-start gap-3 whitespace-pre-wrap break-words [.text-message+&amp;]:mt-5 overflow-x-auto\" data-message-author-role=\"assistant\" data-message-id=\"76fe6e72-52d3-48f5-ae87-ef716cf9452d\">\n<div class=\"markdown prose w-full break-words dark:prose-invert dark\">\n<div class=\"flex-1 overflow-hidden\">\n<div class=\"react-scroll-to-bottom--css-joowh-79elbk h-full\">\n<div class=\"react-scroll-to-bottom--css-joowh-1n7m0yu\">\n<div class=\"flex flex-col text-sm gizmo:pb-9 dark:bg-gray-800 gizmo:dark:bg-transparent\">\n<div class=\"w-full text-token-text-primary border-b border-black\/10 gizmo:border-0 dark:border-gray-900\/50 gizmo:dark:border-0 bg-gray-50 gizmo:bg-transparent dark:bg-[#444654] gizmo:dark:bg-transparent\" data-testid=\"conversation-turn-55\">\n<div class=\"p-4 gizmo:py-2 justify-center text-base md:gap-6 md:py-6 m-auto\">\n<div class=\"flex flex-1 gap-4 text-base mx-auto md:gap-6 gizmo:gap-3 gizmo:md:px-5 gizmo:lg:px-1 gizmo:xl:px-5 md:max-w-2xl lg:max-w-[38rem] gizmo:md:max-w-3xl gizmo:lg:max-w-[40rem] gizmo:xl:max-w-[48rem] xl:max-w-3xl } group final-completion\">\n<div class=\"relative flex w-[calc(100%-50px)] flex-col gizmo:w-full lg:w-[calc(100%-115px)] agent-turn\">\n<div class=\"flex-col gap-1 md:gap-3\">\n<div class=\"flex flex-grow flex-col max-w-full gap-3 gizmo:gap-0\">\n<div class=\"min-h-[20px] text-message flex flex-col items-start gap-3 whitespace-pre-wrap break-words [.text-message+&amp;]:mt-5 overflow-x-auto\" data-message-author-role=\"assistant\" data-message-id=\"8075ba8e-ff53-41dc-9673-c974b006ac9d\">\n<div class=\"markdown prose w-full break-words dark:prose-invert dark\">\n<p>La B\u00eate ist ein spannendes, asymmetrisches Strategiespiel, bei dem ein Spieler als Bestie Opfer jagt, w\u00e4hrend Ermittler versuchen, die Identit\u00e4t der Bestie zu enth\u00fcllen und ihre Mission zu stoppen.<\/p>\n<\/div>\n<\/div>\n<\/div>\n<\/div>\n<\/div>\n<\/div>\n<\/div>\n<\/div>\n<\/div>\n<\/div>\n<\/div>\n<\/div>\n<\/div>\n<\/div>\n<\/div>\n<\/div>\n<\/div>\n<\/div>\n<\/div>\n<\/div>\n<\/div>\n<\/div>\n<\/div>\n<\/div>\n<p>Sprache: Deutsch<br \/>\nSpielerzahl: 2-5<br \/>\nSpielzeit: 45-60 Min<br \/>\nAlter: +12<\/p>\n","protected":false},"featured_media":5310,"comment_status":"open","ping_status":"closed","template":"","meta":[],"product_brand":[],"product_cat":[282,283,293,297,232,235,238,233,245,248,83,289,288,302,304,305,306,307],"product_tag":[],"class_list":{"0":"post-5319","1":"product","2":"type-product","3":"status-publish","4":"has-post-thumbnail","6":"product_cat-alter10-15","7":"product_cat-alter16-99","8":"product_cat-europa-de","9":"product_cat-2-6-spieler-de","10":"product_cat-bluffspiele","11":"product_cat-deduktionsspiele","12":"product_cat-fantasiespiele","13":"product_cat-kooperationsspiele","14":"product_cat-strategiespiele","15":"product_cat-worker-placement-de","16":"product_cat-brettspiele","17":"product_cat-deutsch-de","18":"product_cat-englisch-de","19":"product_cat-casual-de","20":"product_cat-competitor-de","21":"product_cat-experte-de","22":"product_cat-explorer-de","23":"product_cat-familienspieler-de","24":"product_shipping_class-paket-1kg","26":"first","27":"outofstock","28":"taxable","29":"shipping-taxable","30":"purchasable","31":"product-type-simple"},"yoast_head":"<!-- This site is optimized with the Yoast SEO plugin v21.6 - https:\/\/yoast.com\/wordpress\/plugins\/seo\/ -->\n<title>La Bete (DE) - aroshops<\/title>\n<meta name=\"description\" content=\"In La B\u00eate jagt 1 Spieler als Bestie Opfer, w\u00e4hrend die anderen als Ermittler versuchen, die Identit\u00e4t der Bestie in diesem Deduktionsspiel aufzudecken.\" \/>\n<meta name=\"robots\" content=\"index, follow, max-snippet:-1, max-image-preview:large, max-video-preview:-1\" \/>\n<link rel=\"canonical\" href=\"https:\/\/aroshops.com\/de\/produkt\/la-bete\/\" \/>\n<meta property=\"og:locale\" content=\"de_DE\" \/>\n<meta property=\"og:type\" content=\"article\" \/>\n<meta property=\"og:title\" content=\"La Bete (DE) - aroshops\" \/>\n<meta property=\"og:description\" content=\"In La B\u00eate jagt 1 Spieler als Bestie Opfer, w\u00e4hrend die anderen als Ermittler versuchen, die Identit\u00e4t der Bestie in diesem Deduktionsspiel aufzudecken.\" \/>\n<meta property=\"og:url\" content=\"https:\/\/aroshops.com\/de\/produkt\/la-bete\/\" \/>\n<meta property=\"og:site_name\" content=\"aroshops\" \/>\n<meta property=\"article:publisher\" content=\"https:\/\/www.facebook.com\/Aroshops-112003261334249\" \/>\n<meta property=\"article:modified_time\" content=\"2024-11-19T18:53:50+00:00\" \/>\n<meta property=\"og:image\" content=\"https:\/\/aroshops.com\/wp-content\/uploads\/2023\/11\/labete_front.jpg\" \/>\n\t<meta property=\"og:image:width\" content=\"1700\" \/>\n\t<meta property=\"og:image:height\" content=\"1700\" \/>\n\t<meta property=\"og:image:type\" content=\"image\/jpeg\" \/>\n<meta name=\"twitter:card\" content=\"summary_large_image\" \/>\n<meta name=\"twitter:label1\" content=\"Gesch\u00e4tzte Lesezeit\" \/>\n\t<meta name=\"twitter:data1\" content=\"1 Minute\" \/>\n<script type=\"application\/ld+json\" class=\"yoast-schema-graph\">{\"@context\":\"https:\/\/schema.org\",\"@graph\":[{\"@type\":\"WebPage\",\"@id\":\"https:\/\/aroshops.com\/de\/produkt\/la-bete\/\",\"url\":\"https:\/\/aroshops.com\/de\/produkt\/la-bete\/\",\"name\":\"La Bete (DE) - aroshops\",\"isPartOf\":{\"@id\":\"https:\/\/aroshops.com\/#website\"},\"datePublished\":\"2023-11-18T10:53:59+00:00\",\"dateModified\":\"2024-11-19T18:53:50+00:00\",\"description\":\"In La B\u00eate jagt 1 Spieler als Bestie Opfer, w\u00e4hrend die anderen als Ermittler versuchen, die Identit\u00e4t der Bestie in diesem Deduktionsspiel aufzudecken.\",\"breadcrumb\":{\"@id\":\"https:\/\/aroshops.com\/de\/produkt\/la-bete\/#breadcrumb\"},\"inLanguage\":\"de\",\"potentialAction\":[{\"@type\":\"ReadAction\",\"target\":[\"https:\/\/aroshops.com\/de\/produkt\/la-bete\/\"]}]},{\"@type\":\"BreadcrumbList\",\"@id\":\"https:\/\/aroshops.com\/de\/produkt\/la-bete\/#breadcrumb\",\"itemListElement\":[{\"@type\":\"ListItem\",\"position\":1,\"name\":\"Home\",\"item\":\"https:\/\/aroshops.com\/de\/\"},{\"@type\":\"ListItem\",\"position\":2,\"name\":\"Shop\",\"item\":\"https:\/\/aroshops.com\/de\/shop-2\/\"},{\"@type\":\"ListItem\",\"position\":3,\"name\":\"La Bete (DE)\"}]},{\"@type\":\"WebSite\",\"@id\":\"https:\/\/aroshops.com\/#website\",\"url\":\"https:\/\/aroshops.com\/\",\"name\":\"aroshops\",\"description\":\"Rare Games from the World\u2019s Best Small Publishers\",\"publisher\":{\"@id\":\"https:\/\/aroshops.com\/#organization\"},\"potentialAction\":[{\"@type\":\"SearchAction\",\"target\":{\"@type\":\"EntryPoint\",\"urlTemplate\":\"https:\/\/aroshops.com\/?s={search_term_string}\"},\"query-input\":\"required name=search_term_string\"}],\"inLanguage\":\"de\"},{\"@type\":\"Organization\",\"@id\":\"https:\/\/aroshops.com\/#organization\",\"name\":\"Aroshops\",\"url\":\"https:\/\/aroshops.com\/\",\"logo\":{\"@type\":\"ImageObject\",\"inLanguage\":\"de\",\"@id\":\"https:\/\/aroshops.com\/#\/schema\/logo\/image\/\",\"url\":\"https:\/\/aroshops.com\/wp-content\/uploads\/2022\/04\/AroQuadrat1-min-scaled.jpg\",\"contentUrl\":\"https:\/\/aroshops.com\/wp-content\/uploads\/2022\/04\/AroQuadrat1-min-scaled.jpg\",\"width\":2560,\"height\":2560,\"caption\":\"Aroshops\"},\"image\":{\"@id\":\"https:\/\/aroshops.com\/#\/schema\/logo\/image\/\"},\"sameAs\":[\"https:\/\/www.facebook.com\/Aroshops-112003261334249\",\"https:\/\/www.instagram.com\/aroshops_\/\",\"https:\/\/www.linkedin.com\/company\/79450258\/admin\/\",\"https:\/\/www.youtube.com\/channel\/UCAvICtso1DRXyhZbVgXqQ0g\"]}]}<\/script>\n<!-- \/ Yoast SEO plugin. -->","yoast_head_json":{"title":"La Bete (DE) - aroshops","description":"In La B\u00eate jagt 1 Spieler als Bestie Opfer, w\u00e4hrend die anderen als Ermittler versuchen, die Identit\u00e4t der Bestie in diesem Deduktionsspiel aufzudecken.","robots":{"index":"index","follow":"follow","max-snippet":"max-snippet:-1","max-image-preview":"max-image-preview:large","max-video-preview":"max-video-preview:-1"},"canonical":"https:\/\/aroshops.com\/de\/produkt\/la-bete\/","og_locale":"de_DE","og_type":"article","og_title":"La Bete (DE) - aroshops","og_description":"In La B\u00eate jagt 1 Spieler als Bestie Opfer, w\u00e4hrend die anderen als Ermittler versuchen, die Identit\u00e4t der Bestie in diesem Deduktionsspiel aufzudecken.","og_url":"https:\/\/aroshops.com\/de\/produkt\/la-bete\/","og_site_name":"aroshops","article_publisher":"https:\/\/www.facebook.com\/Aroshops-112003261334249","article_modified_time":"2024-11-19T18:53:50+00:00","og_image":[{"width":1700,"height":1700,"url":"https:\/\/aroshops.com\/wp-content\/uploads\/2023\/11\/labete_front.jpg","type":"image\/jpeg"}],"twitter_card":"summary_large_image","twitter_misc":{"Gesch\u00e4tzte Lesezeit":"1 Minute"},"schema":{"@context":"https:\/\/schema.org","@graph":[{"@type":"WebPage","@id":"https:\/\/aroshops.com\/de\/produkt\/la-bete\/","url":"https:\/\/aroshops.com\/de\/produkt\/la-bete\/","name":"La Bete (DE) - aroshops","isPartOf":{"@id":"https:\/\/aroshops.com\/#website"},"datePublished":"2023-11-18T10:53:59+00:00","dateModified":"2024-11-19T18:53:50+00:00","description":"In La B\u00eate jagt 1 Spieler als Bestie Opfer, w\u00e4hrend die anderen als Ermittler versuchen, die Identit\u00e4t der Bestie in diesem Deduktionsspiel aufzudecken.","breadcrumb":{"@id":"https:\/\/aroshops.com\/de\/produkt\/la-bete\/#breadcrumb"},"inLanguage":"de","potentialAction":[{"@type":"ReadAction","target":["https:\/\/aroshops.com\/de\/produkt\/la-bete\/"]}]},{"@type":"BreadcrumbList","@id":"https:\/\/aroshops.com\/de\/produkt\/la-bete\/#breadcrumb","itemListElement":[{"@type":"ListItem","position":1,"name":"Home","item":"https:\/\/aroshops.com\/de\/"},{"@type":"ListItem","position":2,"name":"Shop","item":"https:\/\/aroshops.com\/de\/shop-2\/"},{"@type":"ListItem","position":3,"name":"La Bete (DE)"}]},{"@type":"WebSite","@id":"https:\/\/aroshops.com\/#website","url":"https:\/\/aroshops.com\/","name":"aroshops","description":"Rare Games from the World\u2019s Best Small Publishers","publisher":{"@id":"https:\/\/aroshops.com\/#organization"},"potentialAction":[{"@type":"SearchAction","target":{"@type":"EntryPoint","urlTemplate":"https:\/\/aroshops.com\/?s={search_term_string}"},"query-input":"required name=search_term_string"}],"inLanguage":"de"},{"@type":"Organization","@id":"https:\/\/aroshops.com\/#organization","name":"Aroshops","url":"https:\/\/aroshops.com\/","logo":{"@type":"ImageObject","inLanguage":"de","@id":"https:\/\/aroshops.com\/#\/schema\/logo\/image\/","url":"https:\/\/aroshops.com\/wp-content\/uploads\/2022\/04\/AroQuadrat1-min-scaled.jpg","contentUrl":"https:\/\/aroshops.com\/wp-content\/uploads\/2022\/04\/AroQuadrat1-min-scaled.jpg","width":2560,"height":2560,"caption":"Aroshops"},"image":{"@id":"https:\/\/aroshops.com\/#\/schema\/logo\/image\/"},"sameAs":["https:\/\/www.facebook.com\/Aroshops-112003261334249","https:\/\/www.instagram.com\/aroshops_\/","https:\/\/www.linkedin.com\/company\/79450258\/admin\/","https:\/\/www.youtube.com\/channel\/UCAvICtso1DRXyhZbVgXqQ0g"]}]}},"_links":{"self":[{"href":"https:\/\/aroshops.com\/de\/wp-json\/wp\/v2\/product\/5319","targetHints":{"allow":["GET"]}}],"collection":[{"href":"https:\/\/aroshops.com\/de\/wp-json\/wp\/v2\/product"}],"about":[{"href":"https:\/\/aroshops.com\/de\/wp-json\/wp\/v2\/types\/product"}],"replies":[{"embeddable":true,"href":"https:\/\/aroshops.com\/de\/wp-json\/wp\/v2\/comments?post=5319"}],"wp:featuredmedia":[{"embeddable":true,"href":"https:\/\/aroshops.com\/de\/wp-json\/wp\/v2\/media\/5310"}],"wp:attachment":[{"href":"https:\/\/aroshops.com\/de\/wp-json\/wp\/v2\/media?parent=5319"}],"wp:term":[{"taxonomy":"product_brand","embeddable":true,"href":"https:\/\/aroshops.com\/de\/wp-json\/wp\/v2\/product_brand?post=5319"},{"taxonomy":"product_cat","embeddable":true,"href":"https:\/\/aroshops.com\/de\/wp-json\/wp\/v2\/product_cat?post=5319"},{"taxonomy":"product_tag","embeddable":true,"href":"https:\/\/aroshops.com\/de\/wp-json\/wp\/v2\/product_tag?post=5319"}],"curies":[{"name":"wp","href":"https:\/\/api.w.org\/{rel}","templated":true}]}}