{"id":5463,"date":"2023-11-25T10:31:16","date_gmt":"2023-11-25T10:31:29","guid":{"rendered":"https:\/\/aroshops.com\/?post_type=product&#038;p=5463"},"modified":"2024-11-02T09:52:39","modified_gmt":"2024-11-02T09:52:39","slug":"where-am-i","status":"publish","type":"product","link":"https:\/\/aroshops.com\/de\/produkt\/where-am-i\/","title":{"rendered":"Where am I? (DE EN)"},"content":{"rendered":"<p>Wo bin ich? Alice im verr\u00fcckten Teekr\u00e4nzchen ist ein strategisches Spiel, bei dem du in die Welt von Alice im Wunderland eintauchst und als Gast an einem Teekr\u00e4nzchen teilnimmst, w\u00e4hrend du deine wahre Identit\u00e4t verbirgst. Dein Ziel ist es, Tassen und Kannen zu sammeln, um das Teekr\u00e4nzchen prachtvoller zu gestalten und Punkte zu verdienen. Aber sei vorsichtig \u2013 err\u00e4t ein anderer Spieler deine Identit\u00e4t, verliert du deine Punkte an ihn!<\/p>\n<p>Jeder Spieler platziert Tassen und Kannen auf dem Tisch und bewegt seine Figur zu verschiedenen St\u00fchlen, ohne seine Identit\u00e4t preiszugeben. Das Spiel ist ein geschickter Balanceakt aus Strategie, T\u00e4uschung und Deduktion, bei dem der Spieler mit der h\u00f6chsten Punktzahl am Ende gewinnt.<\/p>\n<p>Mit wundersch\u00f6nen Illustrationen aus der Welt des Wunderlands ist Wo bin ich? perfekt f\u00fcr alle, die Bluffen, Deduktion und eine Prise Geheimnis lieben.<\/p>\n<p>Spieldetails:<br \/>\nSpieler: 2-4<br \/>\nDauer: 20-30 Minuten<br \/>\nAlter: ab 8 Jahren<\/p>\n","protected":false},"excerpt":{"rendered":"<p>Wo bin ich? ist ein strategisches Spiel, bei dem Spieler an einem verr\u00fcckten Teekr\u00e4nzchen im Wunderland teilnehmen, Tassen und Kannen sammeln und ihre Identit\u00e4t verbergen.<\/p>\n<div class=\"elementor-element elementor-element-9921e0b elementor-widget elementor-widget-woocommerce-product-short-description\" data-id=\"9921e0b\" data-element_type=\"widget\" data-widget_type=\"woocommerce-product-short-description.default\">\n<div class=\"elementor-widget-container\">\n<div class=\"woocommerce-product-details__short-description\">\n<p>Sprache: Deutsch, Englisch<br \/>\nSpielerzahl: 2-4<br \/>\nSpielzeit: 20-30 Min<br \/>\nAlter: +8<\/p>\n<\/div>\n<\/div>\n<\/div>\n","protected":false},"featured_media":5460,"comment_status":"open","ping_status":"closed","template":"","meta":[],"product_brand":[],"product_cat":[286,282,283,292,297,232,235,238,210,289,288,302,304,306,307,303],"product_tag":[],"class_list":{"0":"post-5463","1":"product","2":"type-product","3":"status-publish","4":"has-post-thumbnail","6":"product_cat-alter7-9","7":"product_cat-alter10-15","8":"product_cat-alter16-99","9":"product_cat-asien-de","10":"product_cat-2-6-spieler-de","11":"product_cat-bluffspiele","12":"product_cat-deduktionsspiele","13":"product_cat-fantasiespiele","14":"product_cat-reisepiele","15":"product_cat-deutsch-de","16":"product_cat-englisch-de","17":"product_cat-casual-de","18":"product_cat-competitor-de","19":"product_cat-explorer-de","20":"product_cat-familienspieler-de","21":"product_cat-sammler-de","22":"product_shipping_class-paket-1kg","24":"first","25":"instock","26":"taxable","27":"shipping-taxable","28":"purchasable","29":"product-type-simple"},"yoast_head":"<!-- This site is optimized with the Yoast SEO plugin v21.6 - https:\/\/yoast.com\/wordpress\/plugins\/seo\/ -->\n<title>Where am I? (DE EN) - aroshops<\/title>\n<meta name=\"description\" content=\"Tauche in ein verr\u00fccktes Teekr\u00e4nzchen in &#039;Wo bin ich?&#039; ein. Sammle Tassen und Kannen, verberge deine Identit\u00e4t und gewinne dieses strategische Spiel.\" \/>\n<meta name=\"robots\" content=\"index, follow, max-snippet:-1, max-image-preview:large, max-video-preview:-1\" \/>\n<link rel=\"canonical\" href=\"https:\/\/aroshops.com\/de\/produkt\/where-am-i\/\" \/>\n<meta property=\"og:locale\" content=\"de_DE\" \/>\n<meta property=\"og:type\" content=\"article\" \/>\n<meta property=\"og:title\" content=\"Where am I? (DE EN) - aroshops\" \/>\n<meta property=\"og:description\" content=\"Tauche in ein verr\u00fccktes Teekr\u00e4nzchen in &#039;Wo bin ich?&#039; ein. Sammle Tassen und Kannen, verberge deine Identit\u00e4t und gewinne dieses strategische Spiel.\" \/>\n<meta property=\"og:url\" content=\"https:\/\/aroshops.com\/de\/produkt\/where-am-i\/\" \/>\n<meta property=\"og:site_name\" content=\"aroshops\" \/>\n<meta property=\"article:publisher\" content=\"https:\/\/www.facebook.com\/Aroshops-112003261334249\" \/>\n<meta property=\"article:modified_time\" content=\"2024-11-02T09:52:39+00:00\" \/>\n<meta property=\"og:image\" content=\"https:\/\/aroshops.com\/wp-content\/uploads\/2023\/11\/alice_front.jpg\" \/>\n\t<meta property=\"og:image:width\" content=\"1500\" \/>\n\t<meta property=\"og:image:height\" content=\"1500\" \/>\n\t<meta property=\"og:image:type\" content=\"image\/jpeg\" \/>\n<meta name=\"twitter:card\" content=\"summary_large_image\" \/>\n<meta name=\"twitter:label1\" content=\"Gesch\u00e4tzte Lesezeit\" \/>\n\t<meta name=\"twitter:data1\" content=\"1 Minute\" \/>\n<script type=\"application\/ld+json\" class=\"yoast-schema-graph\">{\"@context\":\"https:\/\/schema.org\",\"@graph\":[{\"@type\":\"WebPage\",\"@id\":\"https:\/\/aroshops.com\/de\/produkt\/where-am-i\/\",\"url\":\"https:\/\/aroshops.com\/de\/produkt\/where-am-i\/\",\"name\":\"Where am I? (DE EN) - aroshops\",\"isPartOf\":{\"@id\":\"https:\/\/aroshops.com\/#website\"},\"datePublished\":\"2023-11-25T10:31:29+00:00\",\"dateModified\":\"2024-11-02T09:52:39+00:00\",\"description\":\"Tauche in ein verr\u00fccktes Teekr\u00e4nzchen in 'Wo bin ich?' ein. Sammle Tassen und Kannen, verberge deine Identit\u00e4t und gewinne dieses strategische Spiel.\",\"breadcrumb\":{\"@id\":\"https:\/\/aroshops.com\/de\/produkt\/where-am-i\/#breadcrumb\"},\"inLanguage\":\"de\",\"potentialAction\":[{\"@type\":\"ReadAction\",\"target\":[\"https:\/\/aroshops.com\/de\/produkt\/where-am-i\/\"]}]},{\"@type\":\"BreadcrumbList\",\"@id\":\"https:\/\/aroshops.com\/de\/produkt\/where-am-i\/#breadcrumb\",\"itemListElement\":[{\"@type\":\"ListItem\",\"position\":1,\"name\":\"Home\",\"item\":\"https:\/\/aroshops.com\/de\/\"},{\"@type\":\"ListItem\",\"position\":2,\"name\":\"Shop\",\"item\":\"https:\/\/aroshops.com\/de\/shop-2\/\"},{\"@type\":\"ListItem\",\"position\":3,\"name\":\"Where am I? (DE EN)\"}]},{\"@type\":\"WebSite\",\"@id\":\"https:\/\/aroshops.com\/#website\",\"url\":\"https:\/\/aroshops.com\/\",\"name\":\"aroshops\",\"description\":\"Rare Games from the World\u2019s Best Small Publishers\",\"publisher\":{\"@id\":\"https:\/\/aroshops.com\/#organization\"},\"potentialAction\":[{\"@type\":\"SearchAction\",\"target\":{\"@type\":\"EntryPoint\",\"urlTemplate\":\"https:\/\/aroshops.com\/?s={search_term_string}\"},\"query-input\":\"required name=search_term_string\"}],\"inLanguage\":\"de\"},{\"@type\":\"Organization\",\"@id\":\"https:\/\/aroshops.com\/#organization\",\"name\":\"Aroshops\",\"url\":\"https:\/\/aroshops.com\/\",\"logo\":{\"@type\":\"ImageObject\",\"inLanguage\":\"de\",\"@id\":\"https:\/\/aroshops.com\/#\/schema\/logo\/image\/\",\"url\":\"https:\/\/aroshops.com\/wp-content\/uploads\/2022\/04\/AroQuadrat1-min-scaled.jpg\",\"contentUrl\":\"https:\/\/aroshops.com\/wp-content\/uploads\/2022\/04\/AroQuadrat1-min-scaled.jpg\",\"width\":2560,\"height\":2560,\"caption\":\"Aroshops\"},\"image\":{\"@id\":\"https:\/\/aroshops.com\/#\/schema\/logo\/image\/\"},\"sameAs\":[\"https:\/\/www.facebook.com\/Aroshops-112003261334249\",\"https:\/\/www.instagram.com\/aroshops_\/\",\"https:\/\/www.linkedin.com\/company\/79450258\/admin\/\",\"https:\/\/www.youtube.com\/channel\/UCAvICtso1DRXyhZbVgXqQ0g\"]}]}<\/script>\n<!-- \/ Yoast SEO plugin. -->","yoast_head_json":{"title":"Where am I? (DE EN) - aroshops","description":"Tauche in ein verr\u00fccktes Teekr\u00e4nzchen in 'Wo bin ich?' ein. Sammle Tassen und Kannen, verberge deine Identit\u00e4t und gewinne dieses strategische Spiel.","robots":{"index":"index","follow":"follow","max-snippet":"max-snippet:-1","max-image-preview":"max-image-preview:large","max-video-preview":"max-video-preview:-1"},"canonical":"https:\/\/aroshops.com\/de\/produkt\/where-am-i\/","og_locale":"de_DE","og_type":"article","og_title":"Where am I? (DE EN) - aroshops","og_description":"Tauche in ein verr\u00fccktes Teekr\u00e4nzchen in 'Wo bin ich?' ein. Sammle Tassen und Kannen, verberge deine Identit\u00e4t und gewinne dieses strategische Spiel.","og_url":"https:\/\/aroshops.com\/de\/produkt\/where-am-i\/","og_site_name":"aroshops","article_publisher":"https:\/\/www.facebook.com\/Aroshops-112003261334249","article_modified_time":"2024-11-02T09:52:39+00:00","og_image":[{"width":1500,"height":1500,"url":"https:\/\/aroshops.com\/wp-content\/uploads\/2023\/11\/alice_front.jpg","type":"image\/jpeg"}],"twitter_card":"summary_large_image","twitter_misc":{"Gesch\u00e4tzte Lesezeit":"1 Minute"},"schema":{"@context":"https:\/\/schema.org","@graph":[{"@type":"WebPage","@id":"https:\/\/aroshops.com\/de\/produkt\/where-am-i\/","url":"https:\/\/aroshops.com\/de\/produkt\/where-am-i\/","name":"Where am I? (DE EN) - aroshops","isPartOf":{"@id":"https:\/\/aroshops.com\/#website"},"datePublished":"2023-11-25T10:31:29+00:00","dateModified":"2024-11-02T09:52:39+00:00","description":"Tauche in ein verr\u00fccktes Teekr\u00e4nzchen in 'Wo bin ich?' ein. Sammle Tassen und Kannen, verberge deine Identit\u00e4t und gewinne dieses strategische Spiel.","breadcrumb":{"@id":"https:\/\/aroshops.com\/de\/produkt\/where-am-i\/#breadcrumb"},"inLanguage":"de","potentialAction":[{"@type":"ReadAction","target":["https:\/\/aroshops.com\/de\/produkt\/where-am-i\/"]}]},{"@type":"BreadcrumbList","@id":"https:\/\/aroshops.com\/de\/produkt\/where-am-i\/#breadcrumb","itemListElement":[{"@type":"ListItem","position":1,"name":"Home","item":"https:\/\/aroshops.com\/de\/"},{"@type":"ListItem","position":2,"name":"Shop","item":"https:\/\/aroshops.com\/de\/shop-2\/"},{"@type":"ListItem","position":3,"name":"Where am I? (DE EN)"}]},{"@type":"WebSite","@id":"https:\/\/aroshops.com\/#website","url":"https:\/\/aroshops.com\/","name":"aroshops","description":"Rare Games from the World\u2019s Best Small Publishers","publisher":{"@id":"https:\/\/aroshops.com\/#organization"},"potentialAction":[{"@type":"SearchAction","target":{"@type":"EntryPoint","urlTemplate":"https:\/\/aroshops.com\/?s={search_term_string}"},"query-input":"required name=search_term_string"}],"inLanguage":"de"},{"@type":"Organization","@id":"https:\/\/aroshops.com\/#organization","name":"Aroshops","url":"https:\/\/aroshops.com\/","logo":{"@type":"ImageObject","inLanguage":"de","@id":"https:\/\/aroshops.com\/#\/schema\/logo\/image\/","url":"https:\/\/aroshops.com\/wp-content\/uploads\/2022\/04\/AroQuadrat1-min-scaled.jpg","contentUrl":"https:\/\/aroshops.com\/wp-content\/uploads\/2022\/04\/AroQuadrat1-min-scaled.jpg","width":2560,"height":2560,"caption":"Aroshops"},"image":{"@id":"https:\/\/aroshops.com\/#\/schema\/logo\/image\/"},"sameAs":["https:\/\/www.facebook.com\/Aroshops-112003261334249","https:\/\/www.instagram.com\/aroshops_\/","https:\/\/www.linkedin.com\/company\/79450258\/admin\/","https:\/\/www.youtube.com\/channel\/UCAvICtso1DRXyhZbVgXqQ0g"]}]}},"_links":{"self":[{"href":"https:\/\/aroshops.com\/de\/wp-json\/wp\/v2\/product\/5463","targetHints":{"allow":["GET"]}}],"collection":[{"href":"https:\/\/aroshops.com\/de\/wp-json\/wp\/v2\/product"}],"about":[{"href":"https:\/\/aroshops.com\/de\/wp-json\/wp\/v2\/types\/product"}],"replies":[{"embeddable":true,"href":"https:\/\/aroshops.com\/de\/wp-json\/wp\/v2\/comments?post=5463"}],"wp:featuredmedia":[{"embeddable":true,"href":"https:\/\/aroshops.com\/de\/wp-json\/wp\/v2\/media\/5460"}],"wp:attachment":[{"href":"https:\/\/aroshops.com\/de\/wp-json\/wp\/v2\/media?parent=5463"}],"wp:term":[{"taxonomy":"product_brand","embeddable":true,"href":"https:\/\/aroshops.com\/de\/wp-json\/wp\/v2\/product_brand?post=5463"},{"taxonomy":"product_cat","embeddable":true,"href":"https:\/\/aroshops.com\/de\/wp-json\/wp\/v2\/product_cat?post=5463"},{"taxonomy":"product_tag","embeddable":true,"href":"https:\/\/aroshops.com\/de\/wp-json\/wp\/v2\/product_tag?post=5463"}],"curies":[{"name":"wp","href":"https:\/\/api.w.org\/{rel}","templated":true}]}}