{"id":5967,"date":"2024-02-19T15:31:23","date_gmt":"2024-02-19T15:31:23","guid":{"rendered":"https:\/\/aroshops.com\/product\/zombie-bus\/"},"modified":"2024-11-02T09:44:14","modified_gmt":"2024-11-02T09:44:14","slug":"zombie-bus","status":"publish","type":"product","link":"https:\/\/aroshops.com\/de\/produkt\/zombie-bus\/","title":{"rendered":"Zombie Bus (DE)"},"content":{"rendered":"<p>Zombie Bus ist ein actionreiches, kooperatives W\u00fcrfelspiel, bei dem die Spieler einen Schulbus vor einer Zombiehorde verteidigen und Cheerleader retten m\u00fcssen. Mithilfe von Yahtzee-\u00e4hnlichen W\u00fcrfel-Neuw\u00fcrfen k\u00f6nnen die Spieler gemeinsam gegen die Zombies k\u00e4mpfen oder sich dazu entscheiden, ihre Freunde zu verraten, um alleine zu gewinnen. Aber sei gewarnt: Wird die W\u00fcrfelf\u00e4higkeit eines Spielers auf null reduziert, verwandelt er sich selbst in einen Zombie und macht die Mission f\u00fcr alle anderen schwieriger.<\/p>\n<p>Jeder Zombie hat einzigartige F\u00e4higkeiten und erfordert spezielle W\u00fcrfelkombinationen, um besiegt zu werden. Einige Zombies greifen den Bus an, andere attackieren die Spieler und verringern deren Neuw\u00fcrfelf\u00e4higkeit. Wenn vier oder mehr Zombies (einschlie\u00dflich Spieler-Zombies) den Bus umzingeln, verlieren alle. Doch das Ziel ist nicht, die Zombies zu besiegen \u2013 sondern alle Cheerleader zu retten, indem du die entsprechenden Sternsymbole w\u00fcrfelst. Einige Zombies blockieren jedoch diese Sternw\u00fcrfe, daher sind Teamarbeit und Strategie entscheidend!<\/p>\n<p>Jeder Spieler hat besondere Charakterf\u00e4higkeiten, von zus\u00e4tzlichen Belohnungen f\u00fcr das T\u00f6ten von Zombies bis hin zur Umgehung bestimmter Zombie-Einschr\u00e4nkungen. Kannst du die Cheerleader retten und den Zombie Bus \u00fcberleben?<\/p>\n<p>Spieldetails:<br \/>\nSpieler: 2-5<br \/>\nDauer: 20-30 Minuten<br \/>\nAlter: ab 10 Jahren<\/p>\n","protected":false},"excerpt":{"rendered":"<div class=\"flex-1 overflow-hidden\">\n<div class=\"react-scroll-to-bottom--css-jqmnt-79elbk h-full\">\n<div class=\"react-scroll-to-bottom--css-jqmnt-1n7m0yu\">\n<div class=\"flex flex-col pb-9 text-sm\">\n<div class=\"w-full text-token-text-primary\" data-testid=\"conversation-turn-5\">\n<div class=\"px-4 py-2 justify-center text-base md:gap-6 m-auto\">\n<div class=\"flex flex-1 text-base mx-auto gap-3 md:px-5 lg:px-1 xl:px-5 md:max-w-3xl lg:max-w-[40rem] xl:max-w-[48rem] group final-completion\">\n<div class=\"relative flex w-full flex-col agent-turn\">\n<div class=\"flex-col gap-1 md:gap-3\">\n<div class=\"flex flex-grow flex-col max-w-full\">\n<div class=\"min-h-[20px] text-message flex flex-col items-start gap-3 whitespace-pre-wrap break-words [.text-message+&amp;]:mt-5 overflow-x-auto\" data-message-author-role=\"assistant\" data-message-id=\"0b49dead-86fa-45ca-884c-b1b759f2f7a1\">\n<div class=\"markdown prose w-full break-words dark:prose-invert dark\">\n<p>Zombie Bus ist ein schnelles W\u00fcrfelspiel, bei dem Spieler zusammenarbeiten, um einen Schulbus vor Zombies zu verteidigen, Cheerleader zu retten und spezielle F\u00e4higkeiten zu nutzen.<\/p>\n<p>Sprache: Deutsch<br \/>\nSpielerzahl: 2-5<br \/>\nSpielzeit: 20-30 Min<br \/>\nAlter: +10<\/p>\n<\/div>\n<\/div>\n<\/div>\n<\/div>\n<\/div>\n<\/div>\n<\/div>\n<\/div>\n<\/div>\n<\/div>\n<\/div>\n<\/div>\n","protected":false},"featured_media":5964,"comment_status":"open","ping_status":"closed","template":"","meta":[],"product_brand":[],"product_cat":[286,282,283,293,297,243,236,83,289,302,306,307],"product_tag":[],"class_list":{"0":"post-5967","1":"product","2":"type-product","3":"status-publish","4":"has-post-thumbnail","6":"product_cat-alter7-9","7":"product_cat-alter10-15","8":"product_cat-alter16-99","9":"product_cat-europa-de","10":"product_cat-2-6-spieler-de","11":"product_cat-push-your-luck-de","12":"product_cat-wurfelspiele","13":"product_cat-brettspiele","14":"product_cat-deutsch-de","15":"product_cat-casual-de","16":"product_cat-explorer-de","17":"product_cat-familienspieler-de","18":"product_shipping_class-paket-1kg","20":"first","21":"outofstock","22":"taxable","23":"shipping-taxable","24":"purchasable","25":"product-type-simple"},"yoast_head":"<!-- This site is optimized with the Yoast SEO plugin v21.6 - https:\/\/yoast.com\/wordpress\/plugins\/seo\/ -->\n<title>Zombie Bus (DE) - aroshops<\/title>\n<meta name=\"description\" content=\"Verteidige den Bus vor Zombies, rette Cheerleader und w\u00fcrfle strategisch in diesem aufregenden Koop-Spiel. Wirst du \u00fcberleben oder deine Freunde verraten\" \/>\n<meta name=\"robots\" content=\"index, follow, max-snippet:-1, max-image-preview:large, max-video-preview:-1\" \/>\n<link rel=\"canonical\" href=\"https:\/\/aroshops.com\/produkt\/zombie-bus\/\" \/>\n<meta property=\"og:locale\" content=\"de_DE\" \/>\n<meta property=\"og:type\" content=\"article\" \/>\n<meta property=\"og:title\" content=\"Zombie Bus (DE) - aroshops\" \/>\n<meta property=\"og:description\" content=\"Verteidige den Bus vor Zombies, rette Cheerleader und w\u00fcrfle strategisch in diesem aufregenden Koop-Spiel. Wirst du \u00fcberleben oder deine Freunde verraten\" \/>\n<meta property=\"og:url\" content=\"https:\/\/aroshops.com\/produkt\/zombie-bus\/\" \/>\n<meta property=\"og:site_name\" content=\"aroshops\" \/>\n<meta property=\"article:publisher\" content=\"https:\/\/www.facebook.com\/Aroshops-112003261334249\" \/>\n<meta property=\"article:modified_time\" content=\"2024-11-02T09:44:14+00:00\" \/>\n<meta property=\"og:image\" content=\"https:\/\/aroshops.com\/wp-content\/uploads\/2024\/02\/zombiebus_front.jpg\" \/>\n\t<meta property=\"og:image:width\" content=\"2250\" \/>\n\t<meta property=\"og:image:height\" content=\"2250\" \/>\n\t<meta property=\"og:image:type\" content=\"image\/jpeg\" \/>\n<meta name=\"twitter:card\" content=\"summary_large_image\" \/>\n<meta name=\"twitter:label1\" content=\"Gesch\u00e4tzte Lesezeit\" \/>\n\t<meta name=\"twitter:data1\" content=\"1 Minute\" \/>\n<script type=\"application\/ld+json\" class=\"yoast-schema-graph\">{\"@context\":\"https:\/\/schema.org\",\"@graph\":[{\"@type\":\"WebPage\",\"@id\":\"https:\/\/aroshops.com\/produkt\/zombie-bus\/\",\"url\":\"https:\/\/aroshops.com\/produkt\/zombie-bus\/\",\"name\":\"Zombie Bus (DE) - aroshops\",\"isPartOf\":{\"@id\":\"https:\/\/aroshops.com\/#website\"},\"datePublished\":\"2024-02-19T15:31:23+00:00\",\"dateModified\":\"2024-11-02T09:44:14+00:00\",\"description\":\"Verteidige den Bus vor Zombies, rette Cheerleader und w\u00fcrfle strategisch in diesem aufregenden Koop-Spiel. Wirst du \u00fcberleben oder deine Freunde verraten\",\"breadcrumb\":{\"@id\":\"https:\/\/aroshops.com\/produkt\/zombie-bus\/#breadcrumb\"},\"inLanguage\":\"de\",\"potentialAction\":[{\"@type\":\"ReadAction\",\"target\":[\"https:\/\/aroshops.com\/produkt\/zombie-bus\/\"]}]},{\"@type\":\"BreadcrumbList\",\"@id\":\"https:\/\/aroshops.com\/produkt\/zombie-bus\/#breadcrumb\",\"itemListElement\":[{\"@type\":\"ListItem\",\"position\":1,\"name\":\"Home\",\"item\":\"https:\/\/aroshops.com\/de\/\"},{\"@type\":\"ListItem\",\"position\":2,\"name\":\"Shop\",\"item\":\"https:\/\/aroshops.com\/de\/shop-2\/\"},{\"@type\":\"ListItem\",\"position\":3,\"name\":\"Zombie Bus (DE)\"}]},{\"@type\":\"WebSite\",\"@id\":\"https:\/\/aroshops.com\/#website\",\"url\":\"https:\/\/aroshops.com\/\",\"name\":\"aroshops\",\"description\":\"Rare Games from the World\u2019s Best Small Publishers\",\"publisher\":{\"@id\":\"https:\/\/aroshops.com\/#organization\"},\"potentialAction\":[{\"@type\":\"SearchAction\",\"target\":{\"@type\":\"EntryPoint\",\"urlTemplate\":\"https:\/\/aroshops.com\/?s={search_term_string}\"},\"query-input\":\"required name=search_term_string\"}],\"inLanguage\":\"de\"},{\"@type\":\"Organization\",\"@id\":\"https:\/\/aroshops.com\/#organization\",\"name\":\"Aroshops\",\"url\":\"https:\/\/aroshops.com\/\",\"logo\":{\"@type\":\"ImageObject\",\"inLanguage\":\"de\",\"@id\":\"https:\/\/aroshops.com\/#\/schema\/logo\/image\/\",\"url\":\"https:\/\/aroshops.com\/wp-content\/uploads\/2022\/04\/AroQuadrat1-min-scaled.jpg\",\"contentUrl\":\"https:\/\/aroshops.com\/wp-content\/uploads\/2022\/04\/AroQuadrat1-min-scaled.jpg\",\"width\":2560,\"height\":2560,\"caption\":\"Aroshops\"},\"image\":{\"@id\":\"https:\/\/aroshops.com\/#\/schema\/logo\/image\/\"},\"sameAs\":[\"https:\/\/www.facebook.com\/Aroshops-112003261334249\",\"https:\/\/www.instagram.com\/aroshops_\/\",\"https:\/\/www.linkedin.com\/company\/79450258\/admin\/\",\"https:\/\/www.youtube.com\/channel\/UCAvICtso1DRXyhZbVgXqQ0g\"]}]}<\/script>\n<!-- \/ Yoast SEO plugin. -->","yoast_head_json":{"title":"Zombie Bus (DE) - aroshops","description":"Verteidige den Bus vor Zombies, rette Cheerleader und w\u00fcrfle strategisch in diesem aufregenden Koop-Spiel. Wirst du \u00fcberleben oder deine Freunde verraten","robots":{"index":"index","follow":"follow","max-snippet":"max-snippet:-1","max-image-preview":"max-image-preview:large","max-video-preview":"max-video-preview:-1"},"canonical":"https:\/\/aroshops.com\/produkt\/zombie-bus\/","og_locale":"de_DE","og_type":"article","og_title":"Zombie Bus (DE) - aroshops","og_description":"Verteidige den Bus vor Zombies, rette Cheerleader und w\u00fcrfle strategisch in diesem aufregenden Koop-Spiel. Wirst du \u00fcberleben oder deine Freunde verraten","og_url":"https:\/\/aroshops.com\/produkt\/zombie-bus\/","og_site_name":"aroshops","article_publisher":"https:\/\/www.facebook.com\/Aroshops-112003261334249","article_modified_time":"2024-11-02T09:44:14+00:00","og_image":[{"width":2250,"height":2250,"url":"https:\/\/aroshops.com\/wp-content\/uploads\/2024\/02\/zombiebus_front.jpg","type":"image\/jpeg"}],"twitter_card":"summary_large_image","twitter_misc":{"Gesch\u00e4tzte Lesezeit":"1 Minute"},"schema":{"@context":"https:\/\/schema.org","@graph":[{"@type":"WebPage","@id":"https:\/\/aroshops.com\/produkt\/zombie-bus\/","url":"https:\/\/aroshops.com\/produkt\/zombie-bus\/","name":"Zombie Bus (DE) - aroshops","isPartOf":{"@id":"https:\/\/aroshops.com\/#website"},"datePublished":"2024-02-19T15:31:23+00:00","dateModified":"2024-11-02T09:44:14+00:00","description":"Verteidige den Bus vor Zombies, rette Cheerleader und w\u00fcrfle strategisch in diesem aufregenden Koop-Spiel. Wirst du \u00fcberleben oder deine Freunde verraten","breadcrumb":{"@id":"https:\/\/aroshops.com\/produkt\/zombie-bus\/#breadcrumb"},"inLanguage":"de","potentialAction":[{"@type":"ReadAction","target":["https:\/\/aroshops.com\/produkt\/zombie-bus\/"]}]},{"@type":"BreadcrumbList","@id":"https:\/\/aroshops.com\/produkt\/zombie-bus\/#breadcrumb","itemListElement":[{"@type":"ListItem","position":1,"name":"Home","item":"https:\/\/aroshops.com\/de\/"},{"@type":"ListItem","position":2,"name":"Shop","item":"https:\/\/aroshops.com\/de\/shop-2\/"},{"@type":"ListItem","position":3,"name":"Zombie Bus (DE)"}]},{"@type":"WebSite","@id":"https:\/\/aroshops.com\/#website","url":"https:\/\/aroshops.com\/","name":"aroshops","description":"Rare Games from the World\u2019s Best Small Publishers","publisher":{"@id":"https:\/\/aroshops.com\/#organization"},"potentialAction":[{"@type":"SearchAction","target":{"@type":"EntryPoint","urlTemplate":"https:\/\/aroshops.com\/?s={search_term_string}"},"query-input":"required name=search_term_string"}],"inLanguage":"de"},{"@type":"Organization","@id":"https:\/\/aroshops.com\/#organization","name":"Aroshops","url":"https:\/\/aroshops.com\/","logo":{"@type":"ImageObject","inLanguage":"de","@id":"https:\/\/aroshops.com\/#\/schema\/logo\/image\/","url":"https:\/\/aroshops.com\/wp-content\/uploads\/2022\/04\/AroQuadrat1-min-scaled.jpg","contentUrl":"https:\/\/aroshops.com\/wp-content\/uploads\/2022\/04\/AroQuadrat1-min-scaled.jpg","width":2560,"height":2560,"caption":"Aroshops"},"image":{"@id":"https:\/\/aroshops.com\/#\/schema\/logo\/image\/"},"sameAs":["https:\/\/www.facebook.com\/Aroshops-112003261334249","https:\/\/www.instagram.com\/aroshops_\/","https:\/\/www.linkedin.com\/company\/79450258\/admin\/","https:\/\/www.youtube.com\/channel\/UCAvICtso1DRXyhZbVgXqQ0g"]}]}},"_links":{"self":[{"href":"https:\/\/aroshops.com\/de\/wp-json\/wp\/v2\/product\/5967","targetHints":{"allow":["GET"]}}],"collection":[{"href":"https:\/\/aroshops.com\/de\/wp-json\/wp\/v2\/product"}],"about":[{"href":"https:\/\/aroshops.com\/de\/wp-json\/wp\/v2\/types\/product"}],"replies":[{"embeddable":true,"href":"https:\/\/aroshops.com\/de\/wp-json\/wp\/v2\/comments?post=5967"}],"wp:featuredmedia":[{"embeddable":true,"href":"https:\/\/aroshops.com\/de\/wp-json\/wp\/v2\/media\/5964"}],"wp:attachment":[{"href":"https:\/\/aroshops.com\/de\/wp-json\/wp\/v2\/media?parent=5967"}],"wp:term":[{"taxonomy":"product_brand","embeddable":true,"href":"https:\/\/aroshops.com\/de\/wp-json\/wp\/v2\/product_brand?post=5967"},{"taxonomy":"product_cat","embeddable":true,"href":"https:\/\/aroshops.com\/de\/wp-json\/wp\/v2\/product_cat?post=5967"},{"taxonomy":"product_tag","embeddable":true,"href":"https:\/\/aroshops.com\/de\/wp-json\/wp\/v2\/product_tag?post=5967"}],"curies":[{"name":"wp","href":"https:\/\/api.w.org\/{rel}","templated":true}]}}