{"id":6291,"date":"2024-12-08T09:22:14","date_gmt":"2024-12-08T09:23:22","guid":{"rendered":"https:\/\/aroshops.com\/?post_type=product&#038;p=6291"},"modified":"2024-12-08T09:23:23","modified_gmt":"2024-12-08T09:23:23","slug":"grab-your-breakfast","status":"publish","type":"product","link":"https:\/\/aroshops.com\/de\/produkt\/grab-your-breakfast\/","title":{"rendered":"Grab Your Breakfast (EN)"},"content":{"rendered":"<p>In Grab Your Breakfast stellen die Spieler das herzhafteste Fr\u00fchst\u00fcck zusammen in diesem leichten Drafting-Spiel f\u00fcr die ganze Familie. Auf dem Tisch stehen Pancakes, M\u00fcsli, Bagels und Kaffee zur Auswahl \u2013 jeder sammelt die besten Zutaten f\u00fcr sein Fr\u00fchst\u00fcck. Aber Strategie ist gefragt \u2013 manche Lebensmittel bringen mehr Punkte, und spezielle Kombinationen geben Bonuspunkte. Vorsicht vor Strafen, wenn du zu viel hortest! Mit Sammeln, Handmanagement und Matching-Mechaniken bringt Grab Your Breakfast eine spannende Mischung aus Gl\u00fcck und Planung f\u00fcr den Familienspielspa\u00df.<\/p>\n<p>Spieldetails:<br \/>\nSpieler: 2\u20134<br \/>\nDauer: 20\u201330 Minuten<br \/>\nAlter: 6+<\/p>\n","protected":false},"excerpt":{"rendered":"<p>Sammle deine Lieblingsfr\u00fchst\u00fcckszutaten in Grab Your Breakfast, einem leichten Kartenspiel voller leckerer Strategie!<\/p>\n<p>Sprache: Englisch<br \/>\nSpieleranzahl: 2\u20134<br \/>\nSpieldauer: 20\u201330 Minuten<br \/>\nAlter: ab 6 Jahren<\/p>\n","protected":false},"featured_media":6728,"comment_status":"open","ping_status":"closed","template":"","meta":[],"product_brand":[],"product_cat":[281,285,286,282,283,291,292,79,296,297,212,202,81,210,287,288,301,302,307],"product_tag":[],"class_list":{"0":"post-6291","1":"product","2":"type-product","3":"status-publish","4":"has-post-thumbnail","6":"product_cat-altersgruppe","7":"product_cat-alter4-6","8":"product_cat-alter7-9","9":"product_cat-alter10-15","10":"product_cat-alter16-99","11":"product_cat-herkunft-de","12":"product_cat-asien-de","13":"product_cat-neuheiten","14":"product_cat-spielerzahl-de","15":"product_cat-2-6-spieler-de","16":"product_cat-spielgenere","17":"product_cat-spielkategorie","18":"product_cat-kartenspiele","19":"product_cat-reisepiele","20":"product_cat-sprache-de","21":"product_cat-englisch-de","22":"product_cat-zielgruppe-de","23":"product_cat-casual-de","24":"product_cat-familienspieler-de","25":"product_shipping_class-warenpost-de","27":"first","28":"instock","29":"taxable","30":"shipping-taxable","31":"purchasable","32":"product-type-simple"},"yoast_head":"<!-- This site is optimized with the Yoast SEO plugin v21.6 - https:\/\/yoast.com\/wordpress\/plugins\/seo\/ -->\n<title>Grab Your Breakfast (EN) - aroshops<\/title>\n<meta name=\"description\" content=\"Baue das beste Fr\u00fchst\u00fcck in Grab Your Breakfast, einem Familienspiel f\u00fcr 2\u20134 Spieler. Schnell und leicht f\u00fcr alle! 20\u201330 Minuten Spielzeit.\" \/>\n<meta name=\"robots\" content=\"index, follow, max-snippet:-1, max-image-preview:large, max-video-preview:-1\" \/>\n<link rel=\"canonical\" href=\"https:\/\/aroshops.com\/de\/produkt\/grab-your-breakfast\/\" \/>\n<meta property=\"og:locale\" content=\"de_DE\" \/>\n<meta property=\"og:type\" content=\"article\" \/>\n<meta property=\"og:title\" content=\"Grab Your Breakfast (EN) - aroshops\" \/>\n<meta property=\"og:description\" content=\"Baue das beste Fr\u00fchst\u00fcck in Grab Your Breakfast, einem Familienspiel f\u00fcr 2\u20134 Spieler. Schnell und leicht f\u00fcr alle! 20\u201330 Minuten Spielzeit.\" \/>\n<meta property=\"og:url\" content=\"https:\/\/aroshops.com\/de\/produkt\/grab-your-breakfast\/\" \/>\n<meta property=\"og:site_name\" content=\"aroshops\" \/>\n<meta property=\"article:publisher\" content=\"https:\/\/www.facebook.com\/Aroshops-112003261334249\" \/>\n<meta property=\"article:modified_time\" content=\"2024-12-08T09:23:23+00:00\" \/>\n<meta property=\"og:image\" content=\"https:\/\/aroshops.com\/wp-content\/uploads\/2024\/10\/Grab-Your-Breakfast_front-box.jpg\" \/>\n\t<meta property=\"og:image:width\" content=\"1100\" \/>\n\t<meta property=\"og:image:height\" content=\"1100\" \/>\n\t<meta property=\"og:image:type\" content=\"image\/jpeg\" \/>\n<meta name=\"twitter:card\" content=\"summary_large_image\" \/>\n<meta name=\"twitter:label1\" content=\"Gesch\u00e4tzte Lesezeit\" \/>\n\t<meta name=\"twitter:data1\" content=\"1 Minute\" \/>\n<script type=\"application\/ld+json\" class=\"yoast-schema-graph\">{\"@context\":\"https:\/\/schema.org\",\"@graph\":[{\"@type\":\"WebPage\",\"@id\":\"https:\/\/aroshops.com\/de\/produkt\/grab-your-breakfast\/\",\"url\":\"https:\/\/aroshops.com\/de\/produkt\/grab-your-breakfast\/\",\"name\":\"Grab Your Breakfast (EN) - aroshops\",\"isPartOf\":{\"@id\":\"https:\/\/aroshops.com\/#website\"},\"datePublished\":\"2024-12-08T09:23:22+00:00\",\"dateModified\":\"2024-12-08T09:23:23+00:00\",\"description\":\"Baue das beste Fr\u00fchst\u00fcck in Grab Your Breakfast, einem Familienspiel f\u00fcr 2\u20134 Spieler. Schnell und leicht f\u00fcr alle! 20\u201330 Minuten Spielzeit.\",\"breadcrumb\":{\"@id\":\"https:\/\/aroshops.com\/de\/produkt\/grab-your-breakfast\/#breadcrumb\"},\"inLanguage\":\"de\",\"potentialAction\":[{\"@type\":\"ReadAction\",\"target\":[\"https:\/\/aroshops.com\/de\/produkt\/grab-your-breakfast\/\"]}]},{\"@type\":\"BreadcrumbList\",\"@id\":\"https:\/\/aroshops.com\/de\/produkt\/grab-your-breakfast\/#breadcrumb\",\"itemListElement\":[{\"@type\":\"ListItem\",\"position\":1,\"name\":\"Home\",\"item\":\"https:\/\/aroshops.com\/de\/\"},{\"@type\":\"ListItem\",\"position\":2,\"name\":\"Shop\",\"item\":\"https:\/\/aroshops.com\/de\/shop-2\/\"},{\"@type\":\"ListItem\",\"position\":3,\"name\":\"Grab Your Breakfast (EN)\"}]},{\"@type\":\"WebSite\",\"@id\":\"https:\/\/aroshops.com\/#website\",\"url\":\"https:\/\/aroshops.com\/\",\"name\":\"aroshops\",\"description\":\"Rare Games from the World\u2019s Best Small Publishers\",\"publisher\":{\"@id\":\"https:\/\/aroshops.com\/#organization\"},\"potentialAction\":[{\"@type\":\"SearchAction\",\"target\":{\"@type\":\"EntryPoint\",\"urlTemplate\":\"https:\/\/aroshops.com\/?s={search_term_string}\"},\"query-input\":\"required name=search_term_string\"}],\"inLanguage\":\"de\"},{\"@type\":\"Organization\",\"@id\":\"https:\/\/aroshops.com\/#organization\",\"name\":\"Aroshops\",\"url\":\"https:\/\/aroshops.com\/\",\"logo\":{\"@type\":\"ImageObject\",\"inLanguage\":\"de\",\"@id\":\"https:\/\/aroshops.com\/#\/schema\/logo\/image\/\",\"url\":\"https:\/\/aroshops.com\/wp-content\/uploads\/2022\/04\/AroQuadrat1-min-scaled.jpg\",\"contentUrl\":\"https:\/\/aroshops.com\/wp-content\/uploads\/2022\/04\/AroQuadrat1-min-scaled.jpg\",\"width\":2560,\"height\":2560,\"caption\":\"Aroshops\"},\"image\":{\"@id\":\"https:\/\/aroshops.com\/#\/schema\/logo\/image\/\"},\"sameAs\":[\"https:\/\/www.facebook.com\/Aroshops-112003261334249\",\"https:\/\/www.instagram.com\/aroshops_\/\",\"https:\/\/www.linkedin.com\/company\/79450258\/admin\/\",\"https:\/\/www.youtube.com\/channel\/UCAvICtso1DRXyhZbVgXqQ0g\"]}]}<\/script>\n<!-- \/ Yoast SEO plugin. -->","yoast_head_json":{"title":"Grab Your Breakfast (EN) - aroshops","description":"Baue das beste Fr\u00fchst\u00fcck in Grab Your Breakfast, einem Familienspiel f\u00fcr 2\u20134 Spieler. Schnell und leicht f\u00fcr alle! 20\u201330 Minuten Spielzeit.","robots":{"index":"index","follow":"follow","max-snippet":"max-snippet:-1","max-image-preview":"max-image-preview:large","max-video-preview":"max-video-preview:-1"},"canonical":"https:\/\/aroshops.com\/de\/produkt\/grab-your-breakfast\/","og_locale":"de_DE","og_type":"article","og_title":"Grab Your Breakfast (EN) - aroshops","og_description":"Baue das beste Fr\u00fchst\u00fcck in Grab Your Breakfast, einem Familienspiel f\u00fcr 2\u20134 Spieler. Schnell und leicht f\u00fcr alle! 20\u201330 Minuten Spielzeit.","og_url":"https:\/\/aroshops.com\/de\/produkt\/grab-your-breakfast\/","og_site_name":"aroshops","article_publisher":"https:\/\/www.facebook.com\/Aroshops-112003261334249","article_modified_time":"2024-12-08T09:23:23+00:00","og_image":[{"width":1100,"height":1100,"url":"https:\/\/aroshops.com\/wp-content\/uploads\/2024\/10\/Grab-Your-Breakfast_front-box.jpg","type":"image\/jpeg"}],"twitter_card":"summary_large_image","twitter_misc":{"Gesch\u00e4tzte Lesezeit":"1 Minute"},"schema":{"@context":"https:\/\/schema.org","@graph":[{"@type":"WebPage","@id":"https:\/\/aroshops.com\/de\/produkt\/grab-your-breakfast\/","url":"https:\/\/aroshops.com\/de\/produkt\/grab-your-breakfast\/","name":"Grab Your Breakfast (EN) - aroshops","isPartOf":{"@id":"https:\/\/aroshops.com\/#website"},"datePublished":"2024-12-08T09:23:22+00:00","dateModified":"2024-12-08T09:23:23+00:00","description":"Baue das beste Fr\u00fchst\u00fcck in Grab Your Breakfast, einem Familienspiel f\u00fcr 2\u20134 Spieler. Schnell und leicht f\u00fcr alle! 20\u201330 Minuten Spielzeit.","breadcrumb":{"@id":"https:\/\/aroshops.com\/de\/produkt\/grab-your-breakfast\/#breadcrumb"},"inLanguage":"de","potentialAction":[{"@type":"ReadAction","target":["https:\/\/aroshops.com\/de\/produkt\/grab-your-breakfast\/"]}]},{"@type":"BreadcrumbList","@id":"https:\/\/aroshops.com\/de\/produkt\/grab-your-breakfast\/#breadcrumb","itemListElement":[{"@type":"ListItem","position":1,"name":"Home","item":"https:\/\/aroshops.com\/de\/"},{"@type":"ListItem","position":2,"name":"Shop","item":"https:\/\/aroshops.com\/de\/shop-2\/"},{"@type":"ListItem","position":3,"name":"Grab Your Breakfast (EN)"}]},{"@type":"WebSite","@id":"https:\/\/aroshops.com\/#website","url":"https:\/\/aroshops.com\/","name":"aroshops","description":"Rare Games from the World\u2019s Best Small Publishers","publisher":{"@id":"https:\/\/aroshops.com\/#organization"},"potentialAction":[{"@type":"SearchAction","target":{"@type":"EntryPoint","urlTemplate":"https:\/\/aroshops.com\/?s={search_term_string}"},"query-input":"required name=search_term_string"}],"inLanguage":"de"},{"@type":"Organization","@id":"https:\/\/aroshops.com\/#organization","name":"Aroshops","url":"https:\/\/aroshops.com\/","logo":{"@type":"ImageObject","inLanguage":"de","@id":"https:\/\/aroshops.com\/#\/schema\/logo\/image\/","url":"https:\/\/aroshops.com\/wp-content\/uploads\/2022\/04\/AroQuadrat1-min-scaled.jpg","contentUrl":"https:\/\/aroshops.com\/wp-content\/uploads\/2022\/04\/AroQuadrat1-min-scaled.jpg","width":2560,"height":2560,"caption":"Aroshops"},"image":{"@id":"https:\/\/aroshops.com\/#\/schema\/logo\/image\/"},"sameAs":["https:\/\/www.facebook.com\/Aroshops-112003261334249","https:\/\/www.instagram.com\/aroshops_\/","https:\/\/www.linkedin.com\/company\/79450258\/admin\/","https:\/\/www.youtube.com\/channel\/UCAvICtso1DRXyhZbVgXqQ0g"]}]}},"_links":{"self":[{"href":"https:\/\/aroshops.com\/de\/wp-json\/wp\/v2\/product\/6291","targetHints":{"allow":["GET"]}}],"collection":[{"href":"https:\/\/aroshops.com\/de\/wp-json\/wp\/v2\/product"}],"about":[{"href":"https:\/\/aroshops.com\/de\/wp-json\/wp\/v2\/types\/product"}],"replies":[{"embeddable":true,"href":"https:\/\/aroshops.com\/de\/wp-json\/wp\/v2\/comments?post=6291"}],"wp:featuredmedia":[{"embeddable":true,"href":"https:\/\/aroshops.com\/de\/wp-json\/wp\/v2\/media\/6728"}],"wp:attachment":[{"href":"https:\/\/aroshops.com\/de\/wp-json\/wp\/v2\/media?parent=6291"}],"wp:term":[{"taxonomy":"product_brand","embeddable":true,"href":"https:\/\/aroshops.com\/de\/wp-json\/wp\/v2\/product_brand?post=6291"},{"taxonomy":"product_cat","embeddable":true,"href":"https:\/\/aroshops.com\/de\/wp-json\/wp\/v2\/product_cat?post=6291"},{"taxonomy":"product_tag","embeddable":true,"href":"https:\/\/aroshops.com\/de\/wp-json\/wp\/v2\/product_tag?post=6291"}],"curies":[{"name":"wp","href":"https:\/\/api.w.org\/{rel}","templated":true}]}}