{"id":6295,"date":"2024-11-15T08:42:34","date_gmt":"2024-11-15T08:43:44","guid":{"rendered":"https:\/\/aroshops.com\/?post_type=product&#038;p=6295"},"modified":"2025-04-25T02:13:59","modified_gmt":"2025-04-25T02:13:59","slug":"newsboys","status":"publish","type":"product","link":"https:\/\/aroshops.com\/de\/produkt\/newsboys\/","title":{"rendered":"Newsboys (EN)"},"content":{"rendered":"<p>Tauche in das Brooklyn der 1890er Jahre ein mit Newsboys, einem Flip-and-Roll-and-Write-Spiel, bei dem Spieler um die Ausweitung ihrer Zeitungsroute konkurrieren. Jede Runde wird eine Karte aufgedeckt, die Symbole zeigt, w\u00e4hrend die Spieler w\u00fcrfeln, um zu entscheiden, wohin sie ihre Route erweitern. Markiere Xs auf deinem Spielbrett, um Bl\u00f6cke wie B\u00fcros, H\u00e4user, Schulen, Fabriken und Gesch\u00e4fte zu erobern und durch strategische Abdeckung Punkte zu sammeln. Durch Streiks kannst du h\u00f6here L\u00f6hne erzielen und noch mehr Punkte sichern. Der Spieler mit der gr\u00f6\u00dften Zeitungsroute und den meisten Punkten gewinnt \u2013 Newsboys bietet eine schnelle und spannende Herausforderung f\u00fcr alle.<\/p>\n<p>Spieldetails:<br \/>\nSpieler: 1\u20134<br \/>\nDauer: 20 Minuten<br \/>\nAlter: 10+<\/p>\n","protected":false},"excerpt":{"rendered":"<p>Erweitere deine Zeitungsroute im Brooklyn der 1890er Jahre in Newsboys, einem Roll-and-Write-Spiel voller Strategie und Wachstum.<\/p>\n<p>Sprache: Englisch<br \/>\nSpieleranzahl: 1\u20134<br \/>\nSpieldauer: 20 Minuten<br \/>\nAlter: ab 10 Jahren<\/p>\n","protected":false},"featured_media":6470,"comment_status":"open","ping_status":"closed","template":"","meta":[],"product_brand":[],"product_cat":[281,282,283,80,291,292,79,296,299,297,212,242,236,202,210,287,288,301,302,306,303],"product_tag":[],"class_list":{"0":"post-6295","1":"product","2":"type-product","3":"status-publish","4":"has-post-thumbnail","6":"product_cat-altersgruppe","7":"product_cat-alter10-15","8":"product_cat-alter16-99","9":"product_cat-best-sellers-de","10":"product_cat-herkunft-de","11":"product_cat-asien-de","12":"product_cat-neuheiten","13":"product_cat-spielerzahl-de","14":"product_cat-solospielder-de","15":"product_cat-2-6-spieler-de","16":"product_cat-spielgenere","17":"product_cat-paper-and-pencil-de","18":"product_cat-wurfelspiele","19":"product_cat-spielkategorie","20":"product_cat-reisepiele","21":"product_cat-sprache-de","22":"product_cat-englisch-de","23":"product_cat-zielgruppe-de","24":"product_cat-casual-de","25":"product_cat-explorer-de","26":"product_cat-sammler-de","27":"product_shipping_class-warenpost-de","29":"first","30":"instock","31":"taxable","32":"shipping-taxable","33":"purchasable","34":"product-type-simple"},"yoast_head":"<!-- This site is optimized with the Yoast SEO plugin v21.6 - https:\/\/yoast.com\/wordpress\/plugins\/seo\/ -->\n<title>Newsboys (EN) - aroshops<\/title>\n<meta name=\"description\" content=\"Liefere Zeitungen aus und erweitere deine Route in Newsboys, einem Roll-and-Write-Spiel im Brooklyn der 1890er. 1\u20134 Spieler. 20 Minuten Spielzeit.\" \/>\n<meta name=\"robots\" content=\"index, follow, max-snippet:-1, max-image-preview:large, max-video-preview:-1\" \/>\n<link rel=\"canonical\" href=\"https:\/\/aroshops.com\/produkt\/newsboys\/\" \/>\n<meta property=\"og:locale\" content=\"de_DE\" \/>\n<meta property=\"og:type\" content=\"article\" \/>\n<meta property=\"og:title\" content=\"Newsboys (EN) - aroshops\" \/>\n<meta property=\"og:description\" content=\"Liefere Zeitungen aus und erweitere deine Route in Newsboys, einem Roll-and-Write-Spiel im Brooklyn der 1890er. 1\u20134 Spieler. 20 Minuten Spielzeit.\" \/>\n<meta property=\"og:url\" content=\"https:\/\/aroshops.com\/produkt\/newsboys\/\" \/>\n<meta property=\"og:site_name\" content=\"aroshops\" \/>\n<meta property=\"article:publisher\" content=\"https:\/\/www.facebook.com\/Aroshops-112003261334249\" \/>\n<meta property=\"article:modified_time\" content=\"2025-04-25T02:13:59+00:00\" \/>\n<meta property=\"og:image\" content=\"https:\/\/aroshops.com\/wp-content\/uploads\/2024\/11\/nb-cover.jpg\" \/>\n\t<meta property=\"og:image:width\" content=\"1100\" \/>\n\t<meta property=\"og:image:height\" content=\"1100\" \/>\n\t<meta property=\"og:image:type\" content=\"image\/jpeg\" \/>\n<meta name=\"twitter:card\" content=\"summary_large_image\" \/>\n<meta name=\"twitter:label1\" content=\"Gesch\u00e4tzte Lesezeit\" \/>\n\t<meta name=\"twitter:data1\" content=\"1 Minute\" \/>\n<script type=\"application\/ld+json\" class=\"yoast-schema-graph\">{\"@context\":\"https:\/\/schema.org\",\"@graph\":[{\"@type\":\"WebPage\",\"@id\":\"https:\/\/aroshops.com\/produkt\/newsboys\/\",\"url\":\"https:\/\/aroshops.com\/produkt\/newsboys\/\",\"name\":\"Newsboys (EN) - aroshops\",\"isPartOf\":{\"@id\":\"https:\/\/aroshops.com\/#website\"},\"datePublished\":\"2024-11-15T08:43:44+00:00\",\"dateModified\":\"2025-04-25T02:13:59+00:00\",\"description\":\"Liefere Zeitungen aus und erweitere deine Route in Newsboys, einem Roll-and-Write-Spiel im Brooklyn der 1890er. 1\u20134 Spieler. 20 Minuten Spielzeit.\",\"breadcrumb\":{\"@id\":\"https:\/\/aroshops.com\/produkt\/newsboys\/#breadcrumb\"},\"inLanguage\":\"de\",\"potentialAction\":[{\"@type\":\"ReadAction\",\"target\":[\"https:\/\/aroshops.com\/produkt\/newsboys\/\"]}]},{\"@type\":\"BreadcrumbList\",\"@id\":\"https:\/\/aroshops.com\/produkt\/newsboys\/#breadcrumb\",\"itemListElement\":[{\"@type\":\"ListItem\",\"position\":1,\"name\":\"Home\",\"item\":\"https:\/\/aroshops.com\/de\/\"},{\"@type\":\"ListItem\",\"position\":2,\"name\":\"Shop\",\"item\":\"https:\/\/aroshops.com\/de\/shop-2\/\"},{\"@type\":\"ListItem\",\"position\":3,\"name\":\"Newsboys (EN)\"}]},{\"@type\":\"WebSite\",\"@id\":\"https:\/\/aroshops.com\/#website\",\"url\":\"https:\/\/aroshops.com\/\",\"name\":\"aroshops\",\"description\":\"Rare Games from the World\u2019s Best Small Publishers\",\"publisher\":{\"@id\":\"https:\/\/aroshops.com\/#organization\"},\"potentialAction\":[{\"@type\":\"SearchAction\",\"target\":{\"@type\":\"EntryPoint\",\"urlTemplate\":\"https:\/\/aroshops.com\/?s={search_term_string}\"},\"query-input\":\"required name=search_term_string\"}],\"inLanguage\":\"de\"},{\"@type\":\"Organization\",\"@id\":\"https:\/\/aroshops.com\/#organization\",\"name\":\"Aroshops\",\"url\":\"https:\/\/aroshops.com\/\",\"logo\":{\"@type\":\"ImageObject\",\"inLanguage\":\"de\",\"@id\":\"https:\/\/aroshops.com\/#\/schema\/logo\/image\/\",\"url\":\"https:\/\/aroshops.com\/wp-content\/uploads\/2022\/04\/AroQuadrat1-min-scaled.jpg\",\"contentUrl\":\"https:\/\/aroshops.com\/wp-content\/uploads\/2022\/04\/AroQuadrat1-min-scaled.jpg\",\"width\":2560,\"height\":2560,\"caption\":\"Aroshops\"},\"image\":{\"@id\":\"https:\/\/aroshops.com\/#\/schema\/logo\/image\/\"},\"sameAs\":[\"https:\/\/www.facebook.com\/Aroshops-112003261334249\",\"https:\/\/www.instagram.com\/aroshops_\/\",\"https:\/\/www.linkedin.com\/company\/79450258\/admin\/\",\"https:\/\/www.youtube.com\/channel\/UCAvICtso1DRXyhZbVgXqQ0g\"]}]}<\/script>\n<!-- \/ Yoast SEO plugin. -->","yoast_head_json":{"title":"Newsboys (EN) - aroshops","description":"Liefere Zeitungen aus und erweitere deine Route in Newsboys, einem Roll-and-Write-Spiel im Brooklyn der 1890er. 1\u20134 Spieler. 20 Minuten Spielzeit.","robots":{"index":"index","follow":"follow","max-snippet":"max-snippet:-1","max-image-preview":"max-image-preview:large","max-video-preview":"max-video-preview:-1"},"canonical":"https:\/\/aroshops.com\/produkt\/newsboys\/","og_locale":"de_DE","og_type":"article","og_title":"Newsboys (EN) - aroshops","og_description":"Liefere Zeitungen aus und erweitere deine Route in Newsboys, einem Roll-and-Write-Spiel im Brooklyn der 1890er. 1\u20134 Spieler. 20 Minuten Spielzeit.","og_url":"https:\/\/aroshops.com\/produkt\/newsboys\/","og_site_name":"aroshops","article_publisher":"https:\/\/www.facebook.com\/Aroshops-112003261334249","article_modified_time":"2025-04-25T02:13:59+00:00","og_image":[{"width":1100,"height":1100,"url":"https:\/\/aroshops.com\/wp-content\/uploads\/2024\/11\/nb-cover.jpg","type":"image\/jpeg"}],"twitter_card":"summary_large_image","twitter_misc":{"Gesch\u00e4tzte Lesezeit":"1 Minute"},"schema":{"@context":"https:\/\/schema.org","@graph":[{"@type":"WebPage","@id":"https:\/\/aroshops.com\/produkt\/newsboys\/","url":"https:\/\/aroshops.com\/produkt\/newsboys\/","name":"Newsboys (EN) - aroshops","isPartOf":{"@id":"https:\/\/aroshops.com\/#website"},"datePublished":"2024-11-15T08:43:44+00:00","dateModified":"2025-04-25T02:13:59+00:00","description":"Liefere Zeitungen aus und erweitere deine Route in Newsboys, einem Roll-and-Write-Spiel im Brooklyn der 1890er. 1\u20134 Spieler. 20 Minuten Spielzeit.","breadcrumb":{"@id":"https:\/\/aroshops.com\/produkt\/newsboys\/#breadcrumb"},"inLanguage":"de","potentialAction":[{"@type":"ReadAction","target":["https:\/\/aroshops.com\/produkt\/newsboys\/"]}]},{"@type":"BreadcrumbList","@id":"https:\/\/aroshops.com\/produkt\/newsboys\/#breadcrumb","itemListElement":[{"@type":"ListItem","position":1,"name":"Home","item":"https:\/\/aroshops.com\/de\/"},{"@type":"ListItem","position":2,"name":"Shop","item":"https:\/\/aroshops.com\/de\/shop-2\/"},{"@type":"ListItem","position":3,"name":"Newsboys (EN)"}]},{"@type":"WebSite","@id":"https:\/\/aroshops.com\/#website","url":"https:\/\/aroshops.com\/","name":"aroshops","description":"Rare Games from the World\u2019s Best Small Publishers","publisher":{"@id":"https:\/\/aroshops.com\/#organization"},"potentialAction":[{"@type":"SearchAction","target":{"@type":"EntryPoint","urlTemplate":"https:\/\/aroshops.com\/?s={search_term_string}"},"query-input":"required name=search_term_string"}],"inLanguage":"de"},{"@type":"Organization","@id":"https:\/\/aroshops.com\/#organization","name":"Aroshops","url":"https:\/\/aroshops.com\/","logo":{"@type":"ImageObject","inLanguage":"de","@id":"https:\/\/aroshops.com\/#\/schema\/logo\/image\/","url":"https:\/\/aroshops.com\/wp-content\/uploads\/2022\/04\/AroQuadrat1-min-scaled.jpg","contentUrl":"https:\/\/aroshops.com\/wp-content\/uploads\/2022\/04\/AroQuadrat1-min-scaled.jpg","width":2560,"height":2560,"caption":"Aroshops"},"image":{"@id":"https:\/\/aroshops.com\/#\/schema\/logo\/image\/"},"sameAs":["https:\/\/www.facebook.com\/Aroshops-112003261334249","https:\/\/www.instagram.com\/aroshops_\/","https:\/\/www.linkedin.com\/company\/79450258\/admin\/","https:\/\/www.youtube.com\/channel\/UCAvICtso1DRXyhZbVgXqQ0g"]}]}},"_links":{"self":[{"href":"https:\/\/aroshops.com\/de\/wp-json\/wp\/v2\/product\/6295","targetHints":{"allow":["GET"]}}],"collection":[{"href":"https:\/\/aroshops.com\/de\/wp-json\/wp\/v2\/product"}],"about":[{"href":"https:\/\/aroshops.com\/de\/wp-json\/wp\/v2\/types\/product"}],"replies":[{"embeddable":true,"href":"https:\/\/aroshops.com\/de\/wp-json\/wp\/v2\/comments?post=6295"}],"wp:featuredmedia":[{"embeddable":true,"href":"https:\/\/aroshops.com\/de\/wp-json\/wp\/v2\/media\/6470"}],"wp:attachment":[{"href":"https:\/\/aroshops.com\/de\/wp-json\/wp\/v2\/media?parent=6295"}],"wp:term":[{"taxonomy":"product_brand","embeddable":true,"href":"https:\/\/aroshops.com\/de\/wp-json\/wp\/v2\/product_brand?post=6295"},{"taxonomy":"product_cat","embeddable":true,"href":"https:\/\/aroshops.com\/de\/wp-json\/wp\/v2\/product_cat?post=6295"},{"taxonomy":"product_tag","embeddable":true,"href":"https:\/\/aroshops.com\/de\/wp-json\/wp\/v2\/product_tag?post=6295"}],"curies":[{"name":"wp","href":"https:\/\/api.w.org\/{rel}","templated":true}]}}