{"id":6303,"date":"2024-12-08T10:20:04","date_gmt":"2024-12-08T10:21:19","guid":{"rendered":"https:\/\/aroshops.com\/?post_type=product&#038;p=6303"},"modified":"2024-12-08T10:21:19","modified_gmt":"2024-12-08T10:21:19","slug":"mustache-master","status":"publish","type":"product","link":"https:\/\/aroshops.com\/de\/produkt\/mustache-master\/","title":{"rendered":"Mustache Master (EN)"},"content":{"rendered":"<p>Mach dich bereit f\u00fcr rasanten Spielspa\u00df mit Mustache Master, einem Echtzeit-Kartenspiel, bei dem Spieler um die Wette Farben erkennen und die richtigen Aktionen ausf\u00fchren. Jeder Spieler deckt abwechselnd eine Karte von seinem Stapel auf, und wenn die Farbe mit einer anderen offenen Karte \u00fcbereinstimmt, gewinnt der Schnellste den Stich! Mit einfachen Regeln und kurzen Runden ist Mustache Master perfekt f\u00fcr Partys und Familienabende. Mustache Master kombiniert Mustererkennung und Echtzeit-Spielspa\u00df und fordert die Reaktionsf\u00e4higkeit heraus. Sei der Schnellste und meistere den Mustache!<\/p>\n<p>Spieldetails:<br \/>\nSpieler: 2\u20135<br \/>\nDauer: 10\u201330 Minuten<br \/>\nAlter: 8+<\/p>\n","protected":false},"excerpt":{"rendered":"<p>Finde passende Farben in Mustache Master, einem schnellen Kartenspiel voller Reaktionsspa\u00df f\u00fcr 2\u20135 Spieler!<\/p>\n<p>Sprache: Englisch<br \/>\nSpieleranzahl: 2\u20135<br \/>\nSpieldauer: 10\u201330 Minuten<br \/>\nAlter: ab 8 Jahren<\/p>\n","protected":false},"featured_media":6800,"comment_status":"open","ping_status":"closed","template":"","meta":[],"product_brand":[],"product_cat":[281,286,282,283,291,292,79,296,297,212,244,202,81,210,287,288,301,302,306,309,303],"product_tag":[],"class_list":{"0":"post-6303","1":"product","2":"type-product","3":"status-publish","4":"has-post-thumbnail","6":"product_cat-altersgruppe","7":"product_cat-alter7-9","8":"product_cat-alter10-15","9":"product_cat-alter16-99","10":"product_cat-herkunft-de","11":"product_cat-asien-de","12":"product_cat-neuheiten","13":"product_cat-spielerzahl-de","14":"product_cat-2-6-spieler-de","15":"product_cat-spielgenere","16":"product_cat-reaktion-und-geschick","17":"product_cat-spielkategorie","18":"product_cat-kartenspiele","19":"product_cat-reisepiele","20":"product_cat-sprache-de","21":"product_cat-englisch-de","22":"product_cat-zielgruppe-de","23":"product_cat-casual-de","24":"product_cat-explorer-de","25":"product_cat-flitzer-de","26":"product_cat-sammler-de","27":"product_shipping_class-warenpost-de","29":"first","30":"outofstock","31":"taxable","32":"shipping-taxable","33":"purchasable","34":"product-type-simple"},"yoast_head":"<!-- This site is optimized with the Yoast SEO plugin v21.6 - https:\/\/yoast.com\/wordpress\/plugins\/seo\/ -->\n<title>Mustache Master (EN) - aroshops<\/title>\n<meta name=\"description\" content=\"Teste deine Reaktionsf\u00e4higkeit in Mustache Master, einem schnellen Echtzeit-Kartenspiel f\u00fcr 2\u20135 Spieler. Finde Farben und gewinne! 10\u201330 Minuten Spielzeit.\" \/>\n<meta name=\"robots\" content=\"index, follow, max-snippet:-1, max-image-preview:large, max-video-preview:-1\" \/>\n<link rel=\"canonical\" href=\"https:\/\/aroshops.com\/de\/produkt\/mustache-master\/\" \/>\n<meta property=\"og:locale\" content=\"de_DE\" \/>\n<meta property=\"og:type\" content=\"article\" \/>\n<meta property=\"og:title\" content=\"Mustache Master (EN) - aroshops\" \/>\n<meta property=\"og:description\" content=\"Teste deine Reaktionsf\u00e4higkeit in Mustache Master, einem schnellen Echtzeit-Kartenspiel f\u00fcr 2\u20135 Spieler. Finde Farben und gewinne! 10\u201330 Minuten Spielzeit.\" \/>\n<meta property=\"og:url\" content=\"https:\/\/aroshops.com\/de\/produkt\/mustache-master\/\" \/>\n<meta property=\"og:site_name\" content=\"aroshops\" \/>\n<meta property=\"article:publisher\" content=\"https:\/\/www.facebook.com\/Aroshops-112003261334249\" \/>\n<meta property=\"og:image\" content=\"https:\/\/aroshops.com\/wp-content\/uploads\/2024\/11\/Mustache-Master_Front-box.jpg\" \/>\n\t<meta property=\"og:image:width\" content=\"1100\" \/>\n\t<meta property=\"og:image:height\" content=\"1100\" \/>\n\t<meta property=\"og:image:type\" content=\"image\/jpeg\" \/>\n<meta name=\"twitter:card\" content=\"summary_large_image\" \/>\n<meta name=\"twitter:label1\" content=\"Gesch\u00e4tzte Lesezeit\" \/>\n\t<meta name=\"twitter:data1\" content=\"1 Minute\" \/>\n<script type=\"application\/ld+json\" class=\"yoast-schema-graph\">{\"@context\":\"https:\/\/schema.org\",\"@graph\":[{\"@type\":\"WebPage\",\"@id\":\"https:\/\/aroshops.com\/de\/produkt\/mustache-master\/\",\"url\":\"https:\/\/aroshops.com\/de\/produkt\/mustache-master\/\",\"name\":\"Mustache Master (EN) - aroshops\",\"isPartOf\":{\"@id\":\"https:\/\/aroshops.com\/#website\"},\"datePublished\":\"2024-12-08T10:21:19+00:00\",\"dateModified\":\"2024-12-08T10:21:19+00:00\",\"description\":\"Teste deine Reaktionsf\u00e4higkeit in Mustache Master, einem schnellen Echtzeit-Kartenspiel f\u00fcr 2\u20135 Spieler. Finde Farben und gewinne! 10\u201330 Minuten Spielzeit.\",\"breadcrumb\":{\"@id\":\"https:\/\/aroshops.com\/de\/produkt\/mustache-master\/#breadcrumb\"},\"inLanguage\":\"de\",\"potentialAction\":[{\"@type\":\"ReadAction\",\"target\":[\"https:\/\/aroshops.com\/de\/produkt\/mustache-master\/\"]}]},{\"@type\":\"BreadcrumbList\",\"@id\":\"https:\/\/aroshops.com\/de\/produkt\/mustache-master\/#breadcrumb\",\"itemListElement\":[{\"@type\":\"ListItem\",\"position\":1,\"name\":\"Home\",\"item\":\"https:\/\/aroshops.com\/de\/\"},{\"@type\":\"ListItem\",\"position\":2,\"name\":\"Shop\",\"item\":\"https:\/\/aroshops.com\/de\/shop-2\/\"},{\"@type\":\"ListItem\",\"position\":3,\"name\":\"Mustache Master (EN)\"}]},{\"@type\":\"WebSite\",\"@id\":\"https:\/\/aroshops.com\/#website\",\"url\":\"https:\/\/aroshops.com\/\",\"name\":\"aroshops\",\"description\":\"Rare Games from the World\u2019s Best Small Publishers\",\"publisher\":{\"@id\":\"https:\/\/aroshops.com\/#organization\"},\"potentialAction\":[{\"@type\":\"SearchAction\",\"target\":{\"@type\":\"EntryPoint\",\"urlTemplate\":\"https:\/\/aroshops.com\/?s={search_term_string}\"},\"query-input\":\"required name=search_term_string\"}],\"inLanguage\":\"de\"},{\"@type\":\"Organization\",\"@id\":\"https:\/\/aroshops.com\/#organization\",\"name\":\"Aroshops\",\"url\":\"https:\/\/aroshops.com\/\",\"logo\":{\"@type\":\"ImageObject\",\"inLanguage\":\"de\",\"@id\":\"https:\/\/aroshops.com\/#\/schema\/logo\/image\/\",\"url\":\"https:\/\/aroshops.com\/wp-content\/uploads\/2022\/04\/AroQuadrat1-min-scaled.jpg\",\"contentUrl\":\"https:\/\/aroshops.com\/wp-content\/uploads\/2022\/04\/AroQuadrat1-min-scaled.jpg\",\"width\":2560,\"height\":2560,\"caption\":\"Aroshops\"},\"image\":{\"@id\":\"https:\/\/aroshops.com\/#\/schema\/logo\/image\/\"},\"sameAs\":[\"https:\/\/www.facebook.com\/Aroshops-112003261334249\",\"https:\/\/www.instagram.com\/aroshops_\/\",\"https:\/\/www.linkedin.com\/company\/79450258\/admin\/\",\"https:\/\/www.youtube.com\/channel\/UCAvICtso1DRXyhZbVgXqQ0g\"]}]}<\/script>\n<!-- \/ Yoast SEO plugin. -->","yoast_head_json":{"title":"Mustache Master (EN) - aroshops","description":"Teste deine Reaktionsf\u00e4higkeit in Mustache Master, einem schnellen Echtzeit-Kartenspiel f\u00fcr 2\u20135 Spieler. Finde Farben und gewinne! 10\u201330 Minuten Spielzeit.","robots":{"index":"index","follow":"follow","max-snippet":"max-snippet:-1","max-image-preview":"max-image-preview:large","max-video-preview":"max-video-preview:-1"},"canonical":"https:\/\/aroshops.com\/de\/produkt\/mustache-master\/","og_locale":"de_DE","og_type":"article","og_title":"Mustache Master (EN) - aroshops","og_description":"Teste deine Reaktionsf\u00e4higkeit in Mustache Master, einem schnellen Echtzeit-Kartenspiel f\u00fcr 2\u20135 Spieler. Finde Farben und gewinne! 10\u201330 Minuten Spielzeit.","og_url":"https:\/\/aroshops.com\/de\/produkt\/mustache-master\/","og_site_name":"aroshops","article_publisher":"https:\/\/www.facebook.com\/Aroshops-112003261334249","og_image":[{"width":1100,"height":1100,"url":"https:\/\/aroshops.com\/wp-content\/uploads\/2024\/11\/Mustache-Master_Front-box.jpg","type":"image\/jpeg"}],"twitter_card":"summary_large_image","twitter_misc":{"Gesch\u00e4tzte Lesezeit":"1 Minute"},"schema":{"@context":"https:\/\/schema.org","@graph":[{"@type":"WebPage","@id":"https:\/\/aroshops.com\/de\/produkt\/mustache-master\/","url":"https:\/\/aroshops.com\/de\/produkt\/mustache-master\/","name":"Mustache Master (EN) - aroshops","isPartOf":{"@id":"https:\/\/aroshops.com\/#website"},"datePublished":"2024-12-08T10:21:19+00:00","dateModified":"2024-12-08T10:21:19+00:00","description":"Teste deine Reaktionsf\u00e4higkeit in Mustache Master, einem schnellen Echtzeit-Kartenspiel f\u00fcr 2\u20135 Spieler. Finde Farben und gewinne! 10\u201330 Minuten Spielzeit.","breadcrumb":{"@id":"https:\/\/aroshops.com\/de\/produkt\/mustache-master\/#breadcrumb"},"inLanguage":"de","potentialAction":[{"@type":"ReadAction","target":["https:\/\/aroshops.com\/de\/produkt\/mustache-master\/"]}]},{"@type":"BreadcrumbList","@id":"https:\/\/aroshops.com\/de\/produkt\/mustache-master\/#breadcrumb","itemListElement":[{"@type":"ListItem","position":1,"name":"Home","item":"https:\/\/aroshops.com\/de\/"},{"@type":"ListItem","position":2,"name":"Shop","item":"https:\/\/aroshops.com\/de\/shop-2\/"},{"@type":"ListItem","position":3,"name":"Mustache Master (EN)"}]},{"@type":"WebSite","@id":"https:\/\/aroshops.com\/#website","url":"https:\/\/aroshops.com\/","name":"aroshops","description":"Rare Games from the World\u2019s Best Small Publishers","publisher":{"@id":"https:\/\/aroshops.com\/#organization"},"potentialAction":[{"@type":"SearchAction","target":{"@type":"EntryPoint","urlTemplate":"https:\/\/aroshops.com\/?s={search_term_string}"},"query-input":"required name=search_term_string"}],"inLanguage":"de"},{"@type":"Organization","@id":"https:\/\/aroshops.com\/#organization","name":"Aroshops","url":"https:\/\/aroshops.com\/","logo":{"@type":"ImageObject","inLanguage":"de","@id":"https:\/\/aroshops.com\/#\/schema\/logo\/image\/","url":"https:\/\/aroshops.com\/wp-content\/uploads\/2022\/04\/AroQuadrat1-min-scaled.jpg","contentUrl":"https:\/\/aroshops.com\/wp-content\/uploads\/2022\/04\/AroQuadrat1-min-scaled.jpg","width":2560,"height":2560,"caption":"Aroshops"},"image":{"@id":"https:\/\/aroshops.com\/#\/schema\/logo\/image\/"},"sameAs":["https:\/\/www.facebook.com\/Aroshops-112003261334249","https:\/\/www.instagram.com\/aroshops_\/","https:\/\/www.linkedin.com\/company\/79450258\/admin\/","https:\/\/www.youtube.com\/channel\/UCAvICtso1DRXyhZbVgXqQ0g"]}]}},"_links":{"self":[{"href":"https:\/\/aroshops.com\/de\/wp-json\/wp\/v2\/product\/6303","targetHints":{"allow":["GET"]}}],"collection":[{"href":"https:\/\/aroshops.com\/de\/wp-json\/wp\/v2\/product"}],"about":[{"href":"https:\/\/aroshops.com\/de\/wp-json\/wp\/v2\/types\/product"}],"replies":[{"embeddable":true,"href":"https:\/\/aroshops.com\/de\/wp-json\/wp\/v2\/comments?post=6303"}],"wp:featuredmedia":[{"embeddable":true,"href":"https:\/\/aroshops.com\/de\/wp-json\/wp\/v2\/media\/6800"}],"wp:attachment":[{"href":"https:\/\/aroshops.com\/de\/wp-json\/wp\/v2\/media?parent=6303"}],"wp:term":[{"taxonomy":"product_brand","embeddable":true,"href":"https:\/\/aroshops.com\/de\/wp-json\/wp\/v2\/product_brand?post=6303"},{"taxonomy":"product_cat","embeddable":true,"href":"https:\/\/aroshops.com\/de\/wp-json\/wp\/v2\/product_cat?post=6303"},{"taxonomy":"product_tag","embeddable":true,"href":"https:\/\/aroshops.com\/de\/wp-json\/wp\/v2\/product_tag?post=6303"}],"curies":[{"name":"wp","href":"https:\/\/api.w.org\/{rel}","templated":true}]}}