{"id":6318,"date":"2024-12-08T10:25:04","date_gmt":"2024-12-08T10:26:13","guid":{"rendered":"https:\/\/aroshops.com\/?post_type=product&#038;p=6318"},"modified":"2024-12-08T10:26:13","modified_gmt":"2024-12-08T10:26:13","slug":"oh-my-orchids","status":"publish","type":"product","link":"https:\/\/aroshops.com\/de\/produkt\/oh-my-orchids\/","title":{"rendered":"Oh My. Orchids! (EN)"},"content":{"rendered":"<p>Willkommen in den sonnigen G\u00e4rten Singapurs, wo immer Bl\u00fctensaison ist! In Oh My. Orchids! konkurrieren die Spieler darum, den sch\u00f6nsten Garten zu gestalten, indem sie geschickt Samen f\u00fcr ikonische Blumen Singapurs sammeln und pflanzen. W\u00e4hle deine Samen sorgf\u00e4ltig aus einem bunten Display und setze auf Handmanagement und Sammlungstaktik, um die Anforderungen jeder Blume zu erf\u00fcllen. Orchideen sind schwer zu z\u00fcchten, bringen aber die h\u00f6chsten Punkte, w\u00e4hrend das Pflanzen verschiedener Blumen einen Vielfaltsbonus einbringt. Sobald ein Spieler 7 Blumen gepflanzt hat, gewinnt der Garten mit den meisten Bl\u00fctenpunkten! Oh My. Orchids! bietet eine bl\u00fchende Mischung aus Strategie und Natur, ideal f\u00fcr Jung und Alt.<\/p>\n<p>Spieldetails:<br \/>\nSpieler: 2\u20135<br \/>\nDauer: 20\u201330 Minuten<br \/>\nAlter: 8+<\/p>\n","protected":false},"excerpt":{"rendered":"<p>Gestalte einen bl\u00fchenden Garten voller wundersch\u00f6ner Blumen aus Singapur in Oh My. Orchids!, einem strategischen Kartenspiel.<\/p>\n<p>Sprache: Englisch<br \/>\nSpieleranzahl: 2\u20135<br \/>\nSpieldauer: 20\u201330 Minuten<br \/>\nAlter: ab 8 Jahren<\/p>\n","protected":false},"featured_media":6814,"comment_status":"open","ping_status":"closed","template":"","meta":[],"product_brand":[],"product_cat":[281,286,282,283,291,292,79,296,297,212,246,202,81,210,287,288,301,302,306,307,303],"product_tag":[],"class_list":{"0":"post-6318","1":"product","2":"type-product","3":"status-publish","4":"has-post-thumbnail","6":"product_cat-altersgruppe","7":"product_cat-alter7-9","8":"product_cat-alter10-15","9":"product_cat-alter16-99","10":"product_cat-herkunft-de","11":"product_cat-asien-de","12":"product_cat-neuheiten","13":"product_cat-spielerzahl-de","14":"product_cat-2-6-spieler-de","15":"product_cat-spielgenere","16":"product_cat-nachhaltigkeit","17":"product_cat-spielkategorie","18":"product_cat-kartenspiele","19":"product_cat-reisepiele","20":"product_cat-sprache-de","21":"product_cat-englisch-de","22":"product_cat-zielgruppe-de","23":"product_cat-casual-de","24":"product_cat-explorer-de","25":"product_cat-familienspieler-de","26":"product_cat-sammler-de","27":"product_shipping_class-paket-1kg","29":"first","30":"instock","31":"taxable","32":"shipping-taxable","33":"purchasable","34":"product-type-simple"},"yoast_head":"<!-- This site is optimized with the Yoast SEO plugin v21.6 - https:\/\/yoast.com\/wordpress\/plugins\/seo\/ -->\n<title>Oh My. Orchids! (EN) - aroshops<\/title>\n<meta name=\"description\" content=\"Gestalte einen bl\u00fchenden Garten in Oh My. Orchids!, einem floralen Kartenspiel f\u00fcr 2\u20135 Spieler. Strategie trifft auf Bl\u00fctenpracht! 20\u201330 Minuten Spielzeit.\" \/>\n<meta name=\"robots\" content=\"index, follow, max-snippet:-1, max-image-preview:large, max-video-preview:-1\" \/>\n<link rel=\"canonical\" href=\"https:\/\/aroshops.com\/produkt\/oh-my-orchids\/\" \/>\n<meta property=\"og:locale\" content=\"de_DE\" \/>\n<meta property=\"og:type\" content=\"article\" \/>\n<meta property=\"og:title\" content=\"Oh My. Orchids! (EN) - aroshops\" \/>\n<meta property=\"og:description\" content=\"Gestalte einen bl\u00fchenden Garten in Oh My. Orchids!, einem floralen Kartenspiel f\u00fcr 2\u20135 Spieler. Strategie trifft auf Bl\u00fctenpracht! 20\u201330 Minuten Spielzeit.\" \/>\n<meta property=\"og:url\" content=\"https:\/\/aroshops.com\/produkt\/oh-my-orchids\/\" \/>\n<meta property=\"og:site_name\" content=\"aroshops\" \/>\n<meta property=\"article:publisher\" content=\"https:\/\/www.facebook.com\/Aroshops-112003261334249\" \/>\n<meta property=\"og:image\" content=\"https:\/\/aroshops.com\/wp-content\/uploads\/2024\/11\/Oh-My-Orchids_front-box.jpg\" \/>\n\t<meta property=\"og:image:width\" content=\"1100\" \/>\n\t<meta property=\"og:image:height\" content=\"1100\" \/>\n\t<meta property=\"og:image:type\" content=\"image\/jpeg\" \/>\n<meta name=\"twitter:card\" content=\"summary_large_image\" \/>\n<meta name=\"twitter:label1\" content=\"Gesch\u00e4tzte Lesezeit\" \/>\n\t<meta name=\"twitter:data1\" content=\"1 Minute\" \/>\n<script type=\"application\/ld+json\" class=\"yoast-schema-graph\">{\"@context\":\"https:\/\/schema.org\",\"@graph\":[{\"@type\":\"WebPage\",\"@id\":\"https:\/\/aroshops.com\/produkt\/oh-my-orchids\/\",\"url\":\"https:\/\/aroshops.com\/produkt\/oh-my-orchids\/\",\"name\":\"Oh My. Orchids! (EN) - aroshops\",\"isPartOf\":{\"@id\":\"https:\/\/aroshops.com\/#website\"},\"datePublished\":\"2024-12-08T10:26:13+00:00\",\"dateModified\":\"2024-12-08T10:26:13+00:00\",\"description\":\"Gestalte einen bl\u00fchenden Garten in Oh My. Orchids!, einem floralen Kartenspiel f\u00fcr 2\u20135 Spieler. Strategie trifft auf Bl\u00fctenpracht! 20\u201330 Minuten Spielzeit.\",\"breadcrumb\":{\"@id\":\"https:\/\/aroshops.com\/produkt\/oh-my-orchids\/#breadcrumb\"},\"inLanguage\":\"de\",\"potentialAction\":[{\"@type\":\"ReadAction\",\"target\":[\"https:\/\/aroshops.com\/produkt\/oh-my-orchids\/\"]}]},{\"@type\":\"BreadcrumbList\",\"@id\":\"https:\/\/aroshops.com\/produkt\/oh-my-orchids\/#breadcrumb\",\"itemListElement\":[{\"@type\":\"ListItem\",\"position\":1,\"name\":\"Home\",\"item\":\"https:\/\/aroshops.com\/de\/\"},{\"@type\":\"ListItem\",\"position\":2,\"name\":\"Shop\",\"item\":\"https:\/\/aroshops.com\/de\/shop-2\/\"},{\"@type\":\"ListItem\",\"position\":3,\"name\":\"Oh My. Orchids! (EN)\"}]},{\"@type\":\"WebSite\",\"@id\":\"https:\/\/aroshops.com\/#website\",\"url\":\"https:\/\/aroshops.com\/\",\"name\":\"aroshops\",\"description\":\"Rare Games from the World\u2019s Best Small Publishers\",\"publisher\":{\"@id\":\"https:\/\/aroshops.com\/#organization\"},\"potentialAction\":[{\"@type\":\"SearchAction\",\"target\":{\"@type\":\"EntryPoint\",\"urlTemplate\":\"https:\/\/aroshops.com\/?s={search_term_string}\"},\"query-input\":\"required name=search_term_string\"}],\"inLanguage\":\"de\"},{\"@type\":\"Organization\",\"@id\":\"https:\/\/aroshops.com\/#organization\",\"name\":\"Aroshops\",\"url\":\"https:\/\/aroshops.com\/\",\"logo\":{\"@type\":\"ImageObject\",\"inLanguage\":\"de\",\"@id\":\"https:\/\/aroshops.com\/#\/schema\/logo\/image\/\",\"url\":\"https:\/\/aroshops.com\/wp-content\/uploads\/2022\/04\/AroQuadrat1-min-scaled.jpg\",\"contentUrl\":\"https:\/\/aroshops.com\/wp-content\/uploads\/2022\/04\/AroQuadrat1-min-scaled.jpg\",\"width\":2560,\"height\":2560,\"caption\":\"Aroshops\"},\"image\":{\"@id\":\"https:\/\/aroshops.com\/#\/schema\/logo\/image\/\"},\"sameAs\":[\"https:\/\/www.facebook.com\/Aroshops-112003261334249\",\"https:\/\/www.instagram.com\/aroshops_\/\",\"https:\/\/www.linkedin.com\/company\/79450258\/admin\/\",\"https:\/\/www.youtube.com\/channel\/UCAvICtso1DRXyhZbVgXqQ0g\"]}]}<\/script>\n<!-- \/ Yoast SEO plugin. -->","yoast_head_json":{"title":"Oh My. Orchids! (EN) - aroshops","description":"Gestalte einen bl\u00fchenden Garten in Oh My. Orchids!, einem floralen Kartenspiel f\u00fcr 2\u20135 Spieler. Strategie trifft auf Bl\u00fctenpracht! 20\u201330 Minuten Spielzeit.","robots":{"index":"index","follow":"follow","max-snippet":"max-snippet:-1","max-image-preview":"max-image-preview:large","max-video-preview":"max-video-preview:-1"},"canonical":"https:\/\/aroshops.com\/produkt\/oh-my-orchids\/","og_locale":"de_DE","og_type":"article","og_title":"Oh My. Orchids! (EN) - aroshops","og_description":"Gestalte einen bl\u00fchenden Garten in Oh My. Orchids!, einem floralen Kartenspiel f\u00fcr 2\u20135 Spieler. Strategie trifft auf Bl\u00fctenpracht! 20\u201330 Minuten Spielzeit.","og_url":"https:\/\/aroshops.com\/produkt\/oh-my-orchids\/","og_site_name":"aroshops","article_publisher":"https:\/\/www.facebook.com\/Aroshops-112003261334249","og_image":[{"width":1100,"height":1100,"url":"https:\/\/aroshops.com\/wp-content\/uploads\/2024\/11\/Oh-My-Orchids_front-box.jpg","type":"image\/jpeg"}],"twitter_card":"summary_large_image","twitter_misc":{"Gesch\u00e4tzte Lesezeit":"1 Minute"},"schema":{"@context":"https:\/\/schema.org","@graph":[{"@type":"WebPage","@id":"https:\/\/aroshops.com\/produkt\/oh-my-orchids\/","url":"https:\/\/aroshops.com\/produkt\/oh-my-orchids\/","name":"Oh My. Orchids! (EN) - aroshops","isPartOf":{"@id":"https:\/\/aroshops.com\/#website"},"datePublished":"2024-12-08T10:26:13+00:00","dateModified":"2024-12-08T10:26:13+00:00","description":"Gestalte einen bl\u00fchenden Garten in Oh My. Orchids!, einem floralen Kartenspiel f\u00fcr 2\u20135 Spieler. Strategie trifft auf Bl\u00fctenpracht! 20\u201330 Minuten Spielzeit.","breadcrumb":{"@id":"https:\/\/aroshops.com\/produkt\/oh-my-orchids\/#breadcrumb"},"inLanguage":"de","potentialAction":[{"@type":"ReadAction","target":["https:\/\/aroshops.com\/produkt\/oh-my-orchids\/"]}]},{"@type":"BreadcrumbList","@id":"https:\/\/aroshops.com\/produkt\/oh-my-orchids\/#breadcrumb","itemListElement":[{"@type":"ListItem","position":1,"name":"Home","item":"https:\/\/aroshops.com\/de\/"},{"@type":"ListItem","position":2,"name":"Shop","item":"https:\/\/aroshops.com\/de\/shop-2\/"},{"@type":"ListItem","position":3,"name":"Oh My. Orchids! (EN)"}]},{"@type":"WebSite","@id":"https:\/\/aroshops.com\/#website","url":"https:\/\/aroshops.com\/","name":"aroshops","description":"Rare Games from the World\u2019s Best Small Publishers","publisher":{"@id":"https:\/\/aroshops.com\/#organization"},"potentialAction":[{"@type":"SearchAction","target":{"@type":"EntryPoint","urlTemplate":"https:\/\/aroshops.com\/?s={search_term_string}"},"query-input":"required name=search_term_string"}],"inLanguage":"de"},{"@type":"Organization","@id":"https:\/\/aroshops.com\/#organization","name":"Aroshops","url":"https:\/\/aroshops.com\/","logo":{"@type":"ImageObject","inLanguage":"de","@id":"https:\/\/aroshops.com\/#\/schema\/logo\/image\/","url":"https:\/\/aroshops.com\/wp-content\/uploads\/2022\/04\/AroQuadrat1-min-scaled.jpg","contentUrl":"https:\/\/aroshops.com\/wp-content\/uploads\/2022\/04\/AroQuadrat1-min-scaled.jpg","width":2560,"height":2560,"caption":"Aroshops"},"image":{"@id":"https:\/\/aroshops.com\/#\/schema\/logo\/image\/"},"sameAs":["https:\/\/www.facebook.com\/Aroshops-112003261334249","https:\/\/www.instagram.com\/aroshops_\/","https:\/\/www.linkedin.com\/company\/79450258\/admin\/","https:\/\/www.youtube.com\/channel\/UCAvICtso1DRXyhZbVgXqQ0g"]}]}},"_links":{"self":[{"href":"https:\/\/aroshops.com\/de\/wp-json\/wp\/v2\/product\/6318","targetHints":{"allow":["GET"]}}],"collection":[{"href":"https:\/\/aroshops.com\/de\/wp-json\/wp\/v2\/product"}],"about":[{"href":"https:\/\/aroshops.com\/de\/wp-json\/wp\/v2\/types\/product"}],"replies":[{"embeddable":true,"href":"https:\/\/aroshops.com\/de\/wp-json\/wp\/v2\/comments?post=6318"}],"wp:featuredmedia":[{"embeddable":true,"href":"https:\/\/aroshops.com\/de\/wp-json\/wp\/v2\/media\/6814"}],"wp:attachment":[{"href":"https:\/\/aroshops.com\/de\/wp-json\/wp\/v2\/media?parent=6318"}],"wp:term":[{"taxonomy":"product_brand","embeddable":true,"href":"https:\/\/aroshops.com\/de\/wp-json\/wp\/v2\/product_brand?post=6318"},{"taxonomy":"product_cat","embeddable":true,"href":"https:\/\/aroshops.com\/de\/wp-json\/wp\/v2\/product_cat?post=6318"},{"taxonomy":"product_tag","embeddable":true,"href":"https:\/\/aroshops.com\/de\/wp-json\/wp\/v2\/product_tag?post=6318"}],"curies":[{"name":"wp","href":"https:\/\/api.w.org\/{rel}","templated":true}]}}