{"id":6323,"date":"2024-12-08T10:30:30","date_gmt":"2024-12-08T10:31:32","guid":{"rendered":"https:\/\/aroshops.com\/?post_type=product&#038;p=6323"},"modified":"2025-04-26T03:33:38","modified_gmt":"2025-04-26T03:33:38","slug":"rubico","status":"publish","type":"product","link":"https:\/\/aroshops.com\/de\/produkt\/rubico\/","title":{"rendered":"Rubico (DE EN)"},"content":{"rendered":"<p>In Rubico schlie\u00dfen sich die Spieler rivalisierenden Fraktionen in einem spannenden Bluffspiel im alten Rom an. Gemeinsam im Team versuchst du, entweder den Fluss zu \u00fcberqueren und Rom zu erreichen oder die gegnerische Fraktion daran zu hindern. Setze deine Strategie ein, bluffe und antizipiere die Z\u00fcge des anderen Teams, um den Sieg f\u00fcr deine Seite zu sichern. Mit Wetten und Bluffen, Konfliktl\u00f6sung durch Kartenspiel und teamorientierter Taktik bringt Rubico die Spannung politischer Machenschaften im alten Rom auf deinen Spieltisch. Ideal f\u00fcr Gruppen, die ein strategisches Teamspiel mit Schichten aus T\u00e4uschung und Geschicklichkeit suchen.<\/p>\n<p>Spieldetails:<br \/>\nSpieler: 3\u20137<br \/>\nDauer: 30\u201345 Minuten<br \/>\nAlter: 10+<\/p>\n","protected":false},"excerpt":{"rendered":"<p>Nimm am Machtkampf im alten Rom teil in Rubico, einem teamorientierten Spiel voller Bluff und Strategie f\u00fcr 3\u20137 Spieler.<\/p>\n<p>Sprache: Englisch<br \/>\nSpieleranzahl: 3\u20137<br \/>\nSpieldauer: 30\u201345 Minuten<br \/>\nAlter: ab 10 Jahren<\/p>\n","protected":false},"featured_media":6824,"comment_status":"open","ping_status":"closed","template":"","meta":[],"product_brand":[],"product_cat":[281,282,283,291,294,79,296,297,298,212,232,234,233,202,81,210,287,289,288,290,301,302,307],"product_tag":[],"class_list":{"0":"post-6323","1":"product","2":"type-product","3":"status-publish","4":"has-post-thumbnail","6":"product_cat-altersgruppe","7":"product_cat-alter10-15","8":"product_cat-alter16-99","9":"product_cat-herkunft-de","10":"product_cat-deutschland-de","11":"product_cat-neuheiten","12":"product_cat-spielerzahl-de","13":"product_cat-2-6-spieler-de","14":"product_cat-7-spieler-de","15":"product_cat-spielgenere","16":"product_cat-bluffspiele","17":"product_cat-deckbuilding-de","18":"product_cat-kooperationsspiele","19":"product_cat-spielkategorie","20":"product_cat-kartenspiele","21":"product_cat-reisepiele","22":"product_cat-sprache-de","23":"product_cat-deutsch-de","24":"product_cat-englisch-de","25":"product_cat-mehrsprachig-de","26":"product_cat-zielgruppe-de","27":"product_cat-casual-de","28":"product_cat-familienspieler-de","29":"product_shipping_class-paket-1kg","31":"first","32":"outofstock","33":"taxable","34":"shipping-taxable","35":"purchasable","36":"product-type-simple"},"yoast_head":"<!-- This site is optimized with the Yoast SEO plugin v21.6 - https:\/\/yoast.com\/wordpress\/plugins\/seo\/ -->\n<title>Rubico (DE EN) - aroshops<\/title>\n<meta name=\"description\" content=\"Bestimme das Schicksal Roms in Rubico, einem teamorientierten Bluffspiel f\u00fcr 3\u20137 Spieler. Strategie und T\u00e4uschung! 30\u201345 Minuten Spielzeit.\" \/>\n<meta name=\"robots\" content=\"index, follow, max-snippet:-1, max-image-preview:large, max-video-preview:-1\" \/>\n<link rel=\"canonical\" href=\"https:\/\/aroshops.com\/produkt\/rubico\/\" \/>\n<meta property=\"og:locale\" content=\"de_DE\" \/>\n<meta property=\"og:type\" content=\"article\" \/>\n<meta property=\"og:title\" content=\"Rubico (DE EN) - aroshops\" \/>\n<meta property=\"og:description\" content=\"Bestimme das Schicksal Roms in Rubico, einem teamorientierten Bluffspiel f\u00fcr 3\u20137 Spieler. Strategie und T\u00e4uschung! 30\u201345 Minuten Spielzeit.\" \/>\n<meta property=\"og:url\" content=\"https:\/\/aroshops.com\/produkt\/rubico\/\" \/>\n<meta property=\"og:site_name\" content=\"aroshops\" \/>\n<meta property=\"article:publisher\" content=\"https:\/\/www.facebook.com\/Aroshops-112003261334249\" \/>\n<meta property=\"article:modified_time\" content=\"2025-04-26T03:33:38+00:00\" \/>\n<meta property=\"og:image\" content=\"https:\/\/aroshops.com\/wp-content\/uploads\/2024\/11\/Rubico_front-box.jpg\" \/>\n\t<meta property=\"og:image:width\" content=\"1100\" \/>\n\t<meta property=\"og:image:height\" content=\"1100\" \/>\n\t<meta property=\"og:image:type\" content=\"image\/jpeg\" \/>\n<meta name=\"twitter:card\" content=\"summary_large_image\" \/>\n<meta name=\"twitter:label1\" content=\"Gesch\u00e4tzte Lesezeit\" \/>\n\t<meta name=\"twitter:data1\" content=\"1 Minute\" \/>\n<script type=\"application\/ld+json\" class=\"yoast-schema-graph\">{\"@context\":\"https:\/\/schema.org\",\"@graph\":[{\"@type\":\"WebPage\",\"@id\":\"https:\/\/aroshops.com\/produkt\/rubico\/\",\"url\":\"https:\/\/aroshops.com\/produkt\/rubico\/\",\"name\":\"Rubico (DE EN) - aroshops\",\"isPartOf\":{\"@id\":\"https:\/\/aroshops.com\/#website\"},\"datePublished\":\"2024-12-08T10:31:32+00:00\",\"dateModified\":\"2025-04-26T03:33:38+00:00\",\"description\":\"Bestimme das Schicksal Roms in Rubico, einem teamorientierten Bluffspiel f\u00fcr 3\u20137 Spieler. Strategie und T\u00e4uschung! 30\u201345 Minuten Spielzeit.\",\"breadcrumb\":{\"@id\":\"https:\/\/aroshops.com\/produkt\/rubico\/#breadcrumb\"},\"inLanguage\":\"de\",\"potentialAction\":[{\"@type\":\"ReadAction\",\"target\":[\"https:\/\/aroshops.com\/produkt\/rubico\/\"]}]},{\"@type\":\"BreadcrumbList\",\"@id\":\"https:\/\/aroshops.com\/produkt\/rubico\/#breadcrumb\",\"itemListElement\":[{\"@type\":\"ListItem\",\"position\":1,\"name\":\"Home\",\"item\":\"https:\/\/aroshops.com\/de\/\"},{\"@type\":\"ListItem\",\"position\":2,\"name\":\"Shop\",\"item\":\"https:\/\/aroshops.com\/de\/shop-2\/\"},{\"@type\":\"ListItem\",\"position\":3,\"name\":\"Rubico (DE EN)\"}]},{\"@type\":\"WebSite\",\"@id\":\"https:\/\/aroshops.com\/#website\",\"url\":\"https:\/\/aroshops.com\/\",\"name\":\"aroshops\",\"description\":\"Rare Games from the World\u2019s Best Small Publishers\",\"publisher\":{\"@id\":\"https:\/\/aroshops.com\/#organization\"},\"potentialAction\":[{\"@type\":\"SearchAction\",\"target\":{\"@type\":\"EntryPoint\",\"urlTemplate\":\"https:\/\/aroshops.com\/?s={search_term_string}\"},\"query-input\":\"required name=search_term_string\"}],\"inLanguage\":\"de\"},{\"@type\":\"Organization\",\"@id\":\"https:\/\/aroshops.com\/#organization\",\"name\":\"Aroshops\",\"url\":\"https:\/\/aroshops.com\/\",\"logo\":{\"@type\":\"ImageObject\",\"inLanguage\":\"de\",\"@id\":\"https:\/\/aroshops.com\/#\/schema\/logo\/image\/\",\"url\":\"https:\/\/aroshops.com\/wp-content\/uploads\/2022\/04\/AroQuadrat1-min-scaled.jpg\",\"contentUrl\":\"https:\/\/aroshops.com\/wp-content\/uploads\/2022\/04\/AroQuadrat1-min-scaled.jpg\",\"width\":2560,\"height\":2560,\"caption\":\"Aroshops\"},\"image\":{\"@id\":\"https:\/\/aroshops.com\/#\/schema\/logo\/image\/\"},\"sameAs\":[\"https:\/\/www.facebook.com\/Aroshops-112003261334249\",\"https:\/\/www.instagram.com\/aroshops_\/\",\"https:\/\/www.linkedin.com\/company\/79450258\/admin\/\",\"https:\/\/www.youtube.com\/channel\/UCAvICtso1DRXyhZbVgXqQ0g\"]}]}<\/script>\n<!-- \/ Yoast SEO plugin. -->","yoast_head_json":{"title":"Rubico (DE EN) - aroshops","description":"Bestimme das Schicksal Roms in Rubico, einem teamorientierten Bluffspiel f\u00fcr 3\u20137 Spieler. Strategie und T\u00e4uschung! 30\u201345 Minuten Spielzeit.","robots":{"index":"index","follow":"follow","max-snippet":"max-snippet:-1","max-image-preview":"max-image-preview:large","max-video-preview":"max-video-preview:-1"},"canonical":"https:\/\/aroshops.com\/produkt\/rubico\/","og_locale":"de_DE","og_type":"article","og_title":"Rubico (DE EN) - aroshops","og_description":"Bestimme das Schicksal Roms in Rubico, einem teamorientierten Bluffspiel f\u00fcr 3\u20137 Spieler. Strategie und T\u00e4uschung! 30\u201345 Minuten Spielzeit.","og_url":"https:\/\/aroshops.com\/produkt\/rubico\/","og_site_name":"aroshops","article_publisher":"https:\/\/www.facebook.com\/Aroshops-112003261334249","article_modified_time":"2025-04-26T03:33:38+00:00","og_image":[{"width":1100,"height":1100,"url":"https:\/\/aroshops.com\/wp-content\/uploads\/2024\/11\/Rubico_front-box.jpg","type":"image\/jpeg"}],"twitter_card":"summary_large_image","twitter_misc":{"Gesch\u00e4tzte Lesezeit":"1 Minute"},"schema":{"@context":"https:\/\/schema.org","@graph":[{"@type":"WebPage","@id":"https:\/\/aroshops.com\/produkt\/rubico\/","url":"https:\/\/aroshops.com\/produkt\/rubico\/","name":"Rubico (DE EN) - aroshops","isPartOf":{"@id":"https:\/\/aroshops.com\/#website"},"datePublished":"2024-12-08T10:31:32+00:00","dateModified":"2025-04-26T03:33:38+00:00","description":"Bestimme das Schicksal Roms in Rubico, einem teamorientierten Bluffspiel f\u00fcr 3\u20137 Spieler. Strategie und T\u00e4uschung! 30\u201345 Minuten Spielzeit.","breadcrumb":{"@id":"https:\/\/aroshops.com\/produkt\/rubico\/#breadcrumb"},"inLanguage":"de","potentialAction":[{"@type":"ReadAction","target":["https:\/\/aroshops.com\/produkt\/rubico\/"]}]},{"@type":"BreadcrumbList","@id":"https:\/\/aroshops.com\/produkt\/rubico\/#breadcrumb","itemListElement":[{"@type":"ListItem","position":1,"name":"Home","item":"https:\/\/aroshops.com\/de\/"},{"@type":"ListItem","position":2,"name":"Shop","item":"https:\/\/aroshops.com\/de\/shop-2\/"},{"@type":"ListItem","position":3,"name":"Rubico (DE EN)"}]},{"@type":"WebSite","@id":"https:\/\/aroshops.com\/#website","url":"https:\/\/aroshops.com\/","name":"aroshops","description":"Rare Games from the World\u2019s Best Small Publishers","publisher":{"@id":"https:\/\/aroshops.com\/#organization"},"potentialAction":[{"@type":"SearchAction","target":{"@type":"EntryPoint","urlTemplate":"https:\/\/aroshops.com\/?s={search_term_string}"},"query-input":"required name=search_term_string"}],"inLanguage":"de"},{"@type":"Organization","@id":"https:\/\/aroshops.com\/#organization","name":"Aroshops","url":"https:\/\/aroshops.com\/","logo":{"@type":"ImageObject","inLanguage":"de","@id":"https:\/\/aroshops.com\/#\/schema\/logo\/image\/","url":"https:\/\/aroshops.com\/wp-content\/uploads\/2022\/04\/AroQuadrat1-min-scaled.jpg","contentUrl":"https:\/\/aroshops.com\/wp-content\/uploads\/2022\/04\/AroQuadrat1-min-scaled.jpg","width":2560,"height":2560,"caption":"Aroshops"},"image":{"@id":"https:\/\/aroshops.com\/#\/schema\/logo\/image\/"},"sameAs":["https:\/\/www.facebook.com\/Aroshops-112003261334249","https:\/\/www.instagram.com\/aroshops_\/","https:\/\/www.linkedin.com\/company\/79450258\/admin\/","https:\/\/www.youtube.com\/channel\/UCAvICtso1DRXyhZbVgXqQ0g"]}]}},"_links":{"self":[{"href":"https:\/\/aroshops.com\/de\/wp-json\/wp\/v2\/product\/6323","targetHints":{"allow":["GET"]}}],"collection":[{"href":"https:\/\/aroshops.com\/de\/wp-json\/wp\/v2\/product"}],"about":[{"href":"https:\/\/aroshops.com\/de\/wp-json\/wp\/v2\/types\/product"}],"replies":[{"embeddable":true,"href":"https:\/\/aroshops.com\/de\/wp-json\/wp\/v2\/comments?post=6323"}],"wp:featuredmedia":[{"embeddable":true,"href":"https:\/\/aroshops.com\/de\/wp-json\/wp\/v2\/media\/6824"}],"wp:attachment":[{"href":"https:\/\/aroshops.com\/de\/wp-json\/wp\/v2\/media?parent=6323"}],"wp:term":[{"taxonomy":"product_brand","embeddable":true,"href":"https:\/\/aroshops.com\/de\/wp-json\/wp\/v2\/product_brand?post=6323"},{"taxonomy":"product_cat","embeddable":true,"href":"https:\/\/aroshops.com\/de\/wp-json\/wp\/v2\/product_cat?post=6323"},{"taxonomy":"product_tag","embeddable":true,"href":"https:\/\/aroshops.com\/de\/wp-json\/wp\/v2\/product_tag?post=6323"}],"curies":[{"name":"wp","href":"https:\/\/api.w.org\/{rel}","templated":true}]}}