{"id":6334,"date":"2024-11-15T06:34:52","date_gmt":"2024-11-15T06:35:18","guid":{"rendered":"https:\/\/aroshops.com\/?post_type=product&#038;p=6334"},"modified":"2024-11-15T08:38:56","modified_gmt":"2024-11-15T08:38:56","slug":"jinxo","status":"publish","type":"product","link":"https:\/\/aroshops.com\/de\/produkt\/jinxo\/","title":{"rendered":"JinxO (EN)"},"content":{"rendered":"<p>JinxO ist ein lebhaftes Wortassoziations-Partyspiel, bei dem die Spieler versuchen, Antworten zu finden, die mit denen der anderen Spieler \u00fcbereinstimmen. Ziel ist es, Punkte zu erzielen, indem du Worte w\u00e4hlst, die andere auch ausw\u00e4hlen \u2013 aber Vorsicht, nicht jede Antwort bringt Punkte! Wenn niemand deine Antwort w\u00e4hlt, bist du \u201egejinxt\u201c und erh\u00e4ltst null Punkte. Der wahre Gewinn ist ein JinxO: Wenn nur ein anderer Spieler deine Antwort w\u00e4hlt, gibt es Extrapunkte! Mit einer Mischung aus Bingo und Abstimmung bringt JinxO Humor, Kreativit\u00e4t und freundschaftlichen Wettbewerb in jede Runde. Ideal f\u00fcr Gruppen, die ein schnelles, unterhaltsames Spiel suchen.<\/p>\n<p>Spieldetails:<br \/>\nSpieler: 4\u20137<br \/>\nDauer: 30\u201345 Minuten<br \/>\nAlter: 10+<\/p>\n","protected":false},"excerpt":{"rendered":"<p>Finde \u00dcbereinstimmungen mit Freunden in JinxO, einem Wortassoziationsspiel voller \u00dcberraschungen und Spa\u00df f\u00fcr 4\u20137 Spieler.<\/p>\n<p>Sprache: Englisch<br \/>\nSpieleranzahl: 4\u20137<br \/>\nSpieldauer: 30\u201345 Minuten<br \/>\nAlter: ab 10 Jahren<\/p>\n","protected":false},"featured_media":6459,"comment_status":"open","ping_status":"closed","template":"","meta":[],"product_brand":[],"product_cat":[281,282,283,291,292,79,296,297,298,212,202,83,287,288,301,302],"product_tag":[],"class_list":{"0":"post-6334","1":"product","2":"type-product","3":"status-publish","4":"has-post-thumbnail","6":"product_cat-altersgruppe","7":"product_cat-alter10-15","8":"product_cat-alter16-99","9":"product_cat-herkunft-de","10":"product_cat-asien-de","11":"product_cat-neuheiten","12":"product_cat-spielerzahl-de","13":"product_cat-2-6-spieler-de","14":"product_cat-7-spieler-de","15":"product_cat-spielgenere","16":"product_cat-spielkategorie","17":"product_cat-brettspiele","18":"product_cat-sprache-de","19":"product_cat-englisch-de","20":"product_cat-zielgruppe-de","21":"product_cat-casual-de","22":"product_shipping_class-paket-1kg","24":"first","25":"instock","26":"taxable","27":"shipping-taxable","28":"purchasable","29":"product-type-simple"},"yoast_head":"<!-- This site is optimized with the Yoast SEO plugin v21.6 - https:\/\/yoast.com\/wordpress\/plugins\/seo\/ -->\n<title>JinxO (EN) - aroshops<\/title>\n<meta name=\"description\" content=\"Punkte sammeln durch Wort-\u00dcbereinstimmungen in JinxO, einem Wortassoziationsspiel f\u00fcr 4\u20137 Spieler. Spa\u00df und Jinxes warten! 30\u201345 Minuten Spielzeit.\" \/>\n<meta name=\"robots\" content=\"index, follow, max-snippet:-1, max-image-preview:large, max-video-preview:-1\" \/>\n<link rel=\"canonical\" href=\"https:\/\/aroshops.com\/produkt\/jinxo\/\" \/>\n<meta property=\"og:locale\" content=\"de_DE\" \/>\n<meta property=\"og:type\" content=\"article\" \/>\n<meta property=\"og:title\" content=\"JinxO (EN) - aroshops\" \/>\n<meta property=\"og:description\" content=\"Punkte sammeln durch Wort-\u00dcbereinstimmungen in JinxO, einem Wortassoziationsspiel f\u00fcr 4\u20137 Spieler. Spa\u00df und Jinxes warten! 30\u201345 Minuten Spielzeit.\" \/>\n<meta property=\"og:url\" content=\"https:\/\/aroshops.com\/produkt\/jinxo\/\" \/>\n<meta property=\"og:site_name\" content=\"aroshops\" \/>\n<meta property=\"article:publisher\" content=\"https:\/\/www.facebook.com\/Aroshops-112003261334249\" \/>\n<meta property=\"article:modified_time\" content=\"2024-11-15T08:38:56+00:00\" \/>\n<meta property=\"og:image\" content=\"https:\/\/aroshops.com\/wp-content\/uploads\/2024\/11\/jinx-cover.jpg\" \/>\n\t<meta property=\"og:image:width\" content=\"1100\" \/>\n\t<meta property=\"og:image:height\" content=\"1100\" \/>\n\t<meta property=\"og:image:type\" content=\"image\/jpeg\" \/>\n<meta name=\"twitter:card\" content=\"summary_large_image\" \/>\n<meta name=\"twitter:label1\" content=\"Gesch\u00e4tzte Lesezeit\" \/>\n\t<meta name=\"twitter:data1\" content=\"1 Minute\" \/>\n<script type=\"application\/ld+json\" class=\"yoast-schema-graph\">{\"@context\":\"https:\/\/schema.org\",\"@graph\":[{\"@type\":\"WebPage\",\"@id\":\"https:\/\/aroshops.com\/produkt\/jinxo\/\",\"url\":\"https:\/\/aroshops.com\/produkt\/jinxo\/\",\"name\":\"JinxO (EN) - aroshops\",\"isPartOf\":{\"@id\":\"https:\/\/aroshops.com\/#website\"},\"datePublished\":\"2024-11-15T06:35:18+00:00\",\"dateModified\":\"2024-11-15T08:38:56+00:00\",\"description\":\"Punkte sammeln durch Wort-\u00dcbereinstimmungen in JinxO, einem Wortassoziationsspiel f\u00fcr 4\u20137 Spieler. Spa\u00df und Jinxes warten! 30\u201345 Minuten Spielzeit.\",\"breadcrumb\":{\"@id\":\"https:\/\/aroshops.com\/produkt\/jinxo\/#breadcrumb\"},\"inLanguage\":\"de\",\"potentialAction\":[{\"@type\":\"ReadAction\",\"target\":[\"https:\/\/aroshops.com\/produkt\/jinxo\/\"]}]},{\"@type\":\"BreadcrumbList\",\"@id\":\"https:\/\/aroshops.com\/produkt\/jinxo\/#breadcrumb\",\"itemListElement\":[{\"@type\":\"ListItem\",\"position\":1,\"name\":\"Home\",\"item\":\"https:\/\/aroshops.com\/de\/\"},{\"@type\":\"ListItem\",\"position\":2,\"name\":\"Shop\",\"item\":\"https:\/\/aroshops.com\/de\/shop-2\/\"},{\"@type\":\"ListItem\",\"position\":3,\"name\":\"JinxO (EN)\"}]},{\"@type\":\"WebSite\",\"@id\":\"https:\/\/aroshops.com\/#website\",\"url\":\"https:\/\/aroshops.com\/\",\"name\":\"aroshops\",\"description\":\"Rare Games from the World\u2019s Best Small Publishers\",\"publisher\":{\"@id\":\"https:\/\/aroshops.com\/#organization\"},\"potentialAction\":[{\"@type\":\"SearchAction\",\"target\":{\"@type\":\"EntryPoint\",\"urlTemplate\":\"https:\/\/aroshops.com\/?s={search_term_string}\"},\"query-input\":\"required name=search_term_string\"}],\"inLanguage\":\"de\"},{\"@type\":\"Organization\",\"@id\":\"https:\/\/aroshops.com\/#organization\",\"name\":\"Aroshops\",\"url\":\"https:\/\/aroshops.com\/\",\"logo\":{\"@type\":\"ImageObject\",\"inLanguage\":\"de\",\"@id\":\"https:\/\/aroshops.com\/#\/schema\/logo\/image\/\",\"url\":\"https:\/\/aroshops.com\/wp-content\/uploads\/2022\/04\/AroQuadrat1-min-scaled.jpg\",\"contentUrl\":\"https:\/\/aroshops.com\/wp-content\/uploads\/2022\/04\/AroQuadrat1-min-scaled.jpg\",\"width\":2560,\"height\":2560,\"caption\":\"Aroshops\"},\"image\":{\"@id\":\"https:\/\/aroshops.com\/#\/schema\/logo\/image\/\"},\"sameAs\":[\"https:\/\/www.facebook.com\/Aroshops-112003261334249\",\"https:\/\/www.instagram.com\/aroshops_\/\",\"https:\/\/www.linkedin.com\/company\/79450258\/admin\/\",\"https:\/\/www.youtube.com\/channel\/UCAvICtso1DRXyhZbVgXqQ0g\"]}]}<\/script>\n<!-- \/ Yoast SEO plugin. -->","yoast_head_json":{"title":"JinxO (EN) - aroshops","description":"Punkte sammeln durch Wort-\u00dcbereinstimmungen in JinxO, einem Wortassoziationsspiel f\u00fcr 4\u20137 Spieler. Spa\u00df und Jinxes warten! 30\u201345 Minuten Spielzeit.","robots":{"index":"index","follow":"follow","max-snippet":"max-snippet:-1","max-image-preview":"max-image-preview:large","max-video-preview":"max-video-preview:-1"},"canonical":"https:\/\/aroshops.com\/produkt\/jinxo\/","og_locale":"de_DE","og_type":"article","og_title":"JinxO (EN) - aroshops","og_description":"Punkte sammeln durch Wort-\u00dcbereinstimmungen in JinxO, einem Wortassoziationsspiel f\u00fcr 4\u20137 Spieler. Spa\u00df und Jinxes warten! 30\u201345 Minuten Spielzeit.","og_url":"https:\/\/aroshops.com\/produkt\/jinxo\/","og_site_name":"aroshops","article_publisher":"https:\/\/www.facebook.com\/Aroshops-112003261334249","article_modified_time":"2024-11-15T08:38:56+00:00","og_image":[{"width":1100,"height":1100,"url":"https:\/\/aroshops.com\/wp-content\/uploads\/2024\/11\/jinx-cover.jpg","type":"image\/jpeg"}],"twitter_card":"summary_large_image","twitter_misc":{"Gesch\u00e4tzte Lesezeit":"1 Minute"},"schema":{"@context":"https:\/\/schema.org","@graph":[{"@type":"WebPage","@id":"https:\/\/aroshops.com\/produkt\/jinxo\/","url":"https:\/\/aroshops.com\/produkt\/jinxo\/","name":"JinxO (EN) - aroshops","isPartOf":{"@id":"https:\/\/aroshops.com\/#website"},"datePublished":"2024-11-15T06:35:18+00:00","dateModified":"2024-11-15T08:38:56+00:00","description":"Punkte sammeln durch Wort-\u00dcbereinstimmungen in JinxO, einem Wortassoziationsspiel f\u00fcr 4\u20137 Spieler. Spa\u00df und Jinxes warten! 30\u201345 Minuten Spielzeit.","breadcrumb":{"@id":"https:\/\/aroshops.com\/produkt\/jinxo\/#breadcrumb"},"inLanguage":"de","potentialAction":[{"@type":"ReadAction","target":["https:\/\/aroshops.com\/produkt\/jinxo\/"]}]},{"@type":"BreadcrumbList","@id":"https:\/\/aroshops.com\/produkt\/jinxo\/#breadcrumb","itemListElement":[{"@type":"ListItem","position":1,"name":"Home","item":"https:\/\/aroshops.com\/de\/"},{"@type":"ListItem","position":2,"name":"Shop","item":"https:\/\/aroshops.com\/de\/shop-2\/"},{"@type":"ListItem","position":3,"name":"JinxO (EN)"}]},{"@type":"WebSite","@id":"https:\/\/aroshops.com\/#website","url":"https:\/\/aroshops.com\/","name":"aroshops","description":"Rare Games from the World\u2019s Best Small Publishers","publisher":{"@id":"https:\/\/aroshops.com\/#organization"},"potentialAction":[{"@type":"SearchAction","target":{"@type":"EntryPoint","urlTemplate":"https:\/\/aroshops.com\/?s={search_term_string}"},"query-input":"required name=search_term_string"}],"inLanguage":"de"},{"@type":"Organization","@id":"https:\/\/aroshops.com\/#organization","name":"Aroshops","url":"https:\/\/aroshops.com\/","logo":{"@type":"ImageObject","inLanguage":"de","@id":"https:\/\/aroshops.com\/#\/schema\/logo\/image\/","url":"https:\/\/aroshops.com\/wp-content\/uploads\/2022\/04\/AroQuadrat1-min-scaled.jpg","contentUrl":"https:\/\/aroshops.com\/wp-content\/uploads\/2022\/04\/AroQuadrat1-min-scaled.jpg","width":2560,"height":2560,"caption":"Aroshops"},"image":{"@id":"https:\/\/aroshops.com\/#\/schema\/logo\/image\/"},"sameAs":["https:\/\/www.facebook.com\/Aroshops-112003261334249","https:\/\/www.instagram.com\/aroshops_\/","https:\/\/www.linkedin.com\/company\/79450258\/admin\/","https:\/\/www.youtube.com\/channel\/UCAvICtso1DRXyhZbVgXqQ0g"]}]}},"_links":{"self":[{"href":"https:\/\/aroshops.com\/de\/wp-json\/wp\/v2\/product\/6334","targetHints":{"allow":["GET"]}}],"collection":[{"href":"https:\/\/aroshops.com\/de\/wp-json\/wp\/v2\/product"}],"about":[{"href":"https:\/\/aroshops.com\/de\/wp-json\/wp\/v2\/types\/product"}],"replies":[{"embeddable":true,"href":"https:\/\/aroshops.com\/de\/wp-json\/wp\/v2\/comments?post=6334"}],"wp:featuredmedia":[{"embeddable":true,"href":"https:\/\/aroshops.com\/de\/wp-json\/wp\/v2\/media\/6459"}],"wp:attachment":[{"href":"https:\/\/aroshops.com\/de\/wp-json\/wp\/v2\/media?parent=6334"}],"wp:term":[{"taxonomy":"product_brand","embeddable":true,"href":"https:\/\/aroshops.com\/de\/wp-json\/wp\/v2\/product_brand?post=6334"},{"taxonomy":"product_cat","embeddable":true,"href":"https:\/\/aroshops.com\/de\/wp-json\/wp\/v2\/product_cat?post=6334"},{"taxonomy":"product_tag","embeddable":true,"href":"https:\/\/aroshops.com\/de\/wp-json\/wp\/v2\/product_tag?post=6334"}],"curies":[{"name":"wp","href":"https:\/\/api.w.org\/{rel}","templated":true}]}}