{"id":7038,"date":"2024-12-10T13:14:55","date_gmt":"2024-12-10T13:14:55","guid":{"rendered":"https:\/\/aroshops.com\/product\/viking-see-saw\/"},"modified":"2025-12-12T12:30:46","modified_gmt":"2025-12-12T12:30:46","slug":"viking-see-saw","status":"publish","type":"product","link":"https:\/\/aroshops.com\/de\/produkt\/viking-see-saw\/","title":{"rendered":"Viking See-Saw (EN)"},"content":{"rendered":"<p>Halte das Gleichgewicht in Viking See-Saw, einem lustigen und rasanten Geschicklichkeitsspiel, bei dem Spieler ihr Gep\u00e4ck auf ein 3D-Schiff laden, ohne es kippen zu lassen! In jeder Runde platzieren die Spieler sorgf\u00e4ltig Gegenst\u00e4nde wie Messing, Aluminium, Glas und Holz auf dem geneigten Schiffsdeck. Wenn das Schiff kippt, muss der Spieler eine Straftruhe zu seinem Gep\u00e4ckstapel hinzuf\u00fcgen. Das Spiel endet, wenn ein Spieler erfolgreich sein gesamtes Gep\u00e4ck platziert oder die Straftruhen ausgehen. Mit einzigartigen Materialien und Gewichtstrategien verspricht Viking See-Saw Spa\u00df und \u00dcberraschungen f\u00fcr die ganze Familie.<\/p>\n<p>Spieldetails:<br \/>\nSpieler: 2\u20134<br \/>\nDauer: 10 Minuten<br \/>\nAlter: 8+<\/p>\n","protected":false},"excerpt":{"rendered":"<p>Balanciere dein Gep\u00e4ck und trickse deine Gegner aus in Viking See-Saw, einem lustigen Stapel- und Balancierspiel f\u00fcr 2\u20134 Spieler.<\/p>\n<p>Sprache: Englisch<br \/>\nSpieleranzahl: 2-4<br \/>\nSpieldauer: 10 Minuten<br \/>\nAlter: ab 8 Jahren<\/p>\n","protected":false},"featured_media":7031,"comment_status":"open","ping_status":"closed","template":"","meta":[],"product_brand":[],"product_cat":[281,286,282,283,291,292,79,296,297,212,244,202,210,287,288,301,302,306,307,303],"product_tag":[],"class_list":{"0":"post-7038","1":"product","2":"type-product","3":"status-publish","4":"has-post-thumbnail","6":"product_cat-altersgruppe","7":"product_cat-alter7-9","8":"product_cat-alter10-15","9":"product_cat-alter16-99","10":"product_cat-herkunft-de","11":"product_cat-asien-de","12":"product_cat-neuheiten","13":"product_cat-spielerzahl-de","14":"product_cat-2-6-spieler-de","15":"product_cat-spielgenere","16":"product_cat-reaktion-und-geschick","17":"product_cat-spielkategorie","18":"product_cat-reisepiele","19":"product_cat-sprache-de","20":"product_cat-englisch-de","21":"product_cat-zielgruppe-de","22":"product_cat-casual-de","23":"product_cat-explorer-de","24":"product_cat-familienspieler-de","25":"product_cat-sammler-de","26":"product_shipping_class-warenpost-de","28":"first","29":"outofstock","30":"taxable","31":"shipping-taxable","32":"purchasable","33":"product-type-simple"},"yoast_head":"<!-- This site is optimized with the Yoast SEO plugin v21.6 - https:\/\/yoast.com\/wordpress\/plugins\/seo\/ -->\n<title>Viking See-Saw (EN) - aroshops<\/title>\n<meta name=\"description\" content=\"Rase, um dein Gep\u00e4ck zu balancieren in Viking See-Saw! Ein 3D-Geschicklichkeitsspiel f\u00fcr 2\u20134 Spieler voller Spa\u00df und \u00dcberraschungen.\" \/>\n<meta name=\"robots\" content=\"index, follow, max-snippet:-1, max-image-preview:large, max-video-preview:-1\" \/>\n<link rel=\"canonical\" href=\"https:\/\/aroshops.com\/produkt\/viking-see-saw\/\" \/>\n<meta property=\"og:locale\" content=\"de_DE\" \/>\n<meta property=\"og:type\" content=\"article\" \/>\n<meta property=\"og:title\" content=\"Viking See-Saw (EN) - aroshops\" \/>\n<meta property=\"og:description\" content=\"Rase, um dein Gep\u00e4ck zu balancieren in Viking See-Saw! Ein 3D-Geschicklichkeitsspiel f\u00fcr 2\u20134 Spieler voller Spa\u00df und \u00dcberraschungen.\" \/>\n<meta property=\"og:url\" content=\"https:\/\/aroshops.com\/produkt\/viking-see-saw\/\" \/>\n<meta property=\"og:site_name\" content=\"aroshops\" \/>\n<meta property=\"article:publisher\" content=\"https:\/\/www.facebook.com\/Aroshops-112003261334249\" \/>\n<meta property=\"article:modified_time\" content=\"2025-12-12T12:30:46+00:00\" \/>\n<meta property=\"og:image\" content=\"https:\/\/aroshops.com\/wp-content\/uploads\/2024\/12\/Viking-See-Saw_front-box.jpg\" \/>\n\t<meta property=\"og:image:width\" content=\"1100\" \/>\n\t<meta property=\"og:image:height\" content=\"1100\" \/>\n\t<meta property=\"og:image:type\" content=\"image\/jpeg\" \/>\n<meta name=\"twitter:card\" content=\"summary_large_image\" \/>\n<meta name=\"twitter:label1\" content=\"Gesch\u00e4tzte Lesezeit\" \/>\n\t<meta name=\"twitter:data1\" content=\"1 Minute\" \/>\n<script type=\"application\/ld+json\" class=\"yoast-schema-graph\">{\"@context\":\"https:\/\/schema.org\",\"@graph\":[{\"@type\":\"WebPage\",\"@id\":\"https:\/\/aroshops.com\/produkt\/viking-see-saw\/\",\"url\":\"https:\/\/aroshops.com\/produkt\/viking-see-saw\/\",\"name\":\"Viking See-Saw (EN) - aroshops\",\"isPartOf\":{\"@id\":\"https:\/\/aroshops.com\/#website\"},\"datePublished\":\"2024-12-10T13:14:55+00:00\",\"dateModified\":\"2025-12-12T12:30:46+00:00\",\"description\":\"Rase, um dein Gep\u00e4ck zu balancieren in Viking See-Saw! Ein 3D-Geschicklichkeitsspiel f\u00fcr 2\u20134 Spieler voller Spa\u00df und \u00dcberraschungen.\",\"breadcrumb\":{\"@id\":\"https:\/\/aroshops.com\/produkt\/viking-see-saw\/#breadcrumb\"},\"inLanguage\":\"de\",\"potentialAction\":[{\"@type\":\"ReadAction\",\"target\":[\"https:\/\/aroshops.com\/produkt\/viking-see-saw\/\"]}]},{\"@type\":\"BreadcrumbList\",\"@id\":\"https:\/\/aroshops.com\/produkt\/viking-see-saw\/#breadcrumb\",\"itemListElement\":[{\"@type\":\"ListItem\",\"position\":1,\"name\":\"Home\",\"item\":\"https:\/\/aroshops.com\/de\/\"},{\"@type\":\"ListItem\",\"position\":2,\"name\":\"Shop\",\"item\":\"https:\/\/aroshops.com\/de\/shop-2\/\"},{\"@type\":\"ListItem\",\"position\":3,\"name\":\"Viking See-Saw (EN)\"}]},{\"@type\":\"WebSite\",\"@id\":\"https:\/\/aroshops.com\/#website\",\"url\":\"https:\/\/aroshops.com\/\",\"name\":\"aroshops\",\"description\":\"Rare Games from the World\u2019s Best Small Publishers\",\"publisher\":{\"@id\":\"https:\/\/aroshops.com\/#organization\"},\"potentialAction\":[{\"@type\":\"SearchAction\",\"target\":{\"@type\":\"EntryPoint\",\"urlTemplate\":\"https:\/\/aroshops.com\/?s={search_term_string}\"},\"query-input\":\"required name=search_term_string\"}],\"inLanguage\":\"de\"},{\"@type\":\"Organization\",\"@id\":\"https:\/\/aroshops.com\/#organization\",\"name\":\"Aroshops\",\"url\":\"https:\/\/aroshops.com\/\",\"logo\":{\"@type\":\"ImageObject\",\"inLanguage\":\"de\",\"@id\":\"https:\/\/aroshops.com\/#\/schema\/logo\/image\/\",\"url\":\"https:\/\/aroshops.com\/wp-content\/uploads\/2022\/04\/AroQuadrat1-min-scaled.jpg\",\"contentUrl\":\"https:\/\/aroshops.com\/wp-content\/uploads\/2022\/04\/AroQuadrat1-min-scaled.jpg\",\"width\":2560,\"height\":2560,\"caption\":\"Aroshops\"},\"image\":{\"@id\":\"https:\/\/aroshops.com\/#\/schema\/logo\/image\/\"},\"sameAs\":[\"https:\/\/www.facebook.com\/Aroshops-112003261334249\",\"https:\/\/www.instagram.com\/aroshops_\/\",\"https:\/\/www.linkedin.com\/company\/79450258\/admin\/\",\"https:\/\/www.youtube.com\/channel\/UCAvICtso1DRXyhZbVgXqQ0g\"]}]}<\/script>\n<!-- \/ Yoast SEO plugin. -->","yoast_head_json":{"title":"Viking See-Saw (EN) - aroshops","description":"Rase, um dein Gep\u00e4ck zu balancieren in Viking See-Saw! Ein 3D-Geschicklichkeitsspiel f\u00fcr 2\u20134 Spieler voller Spa\u00df und \u00dcberraschungen.","robots":{"index":"index","follow":"follow","max-snippet":"max-snippet:-1","max-image-preview":"max-image-preview:large","max-video-preview":"max-video-preview:-1"},"canonical":"https:\/\/aroshops.com\/produkt\/viking-see-saw\/","og_locale":"de_DE","og_type":"article","og_title":"Viking See-Saw (EN) - aroshops","og_description":"Rase, um dein Gep\u00e4ck zu balancieren in Viking See-Saw! Ein 3D-Geschicklichkeitsspiel f\u00fcr 2\u20134 Spieler voller Spa\u00df und \u00dcberraschungen.","og_url":"https:\/\/aroshops.com\/produkt\/viking-see-saw\/","og_site_name":"aroshops","article_publisher":"https:\/\/www.facebook.com\/Aroshops-112003261334249","article_modified_time":"2025-12-12T12:30:46+00:00","og_image":[{"width":1100,"height":1100,"url":"https:\/\/aroshops.com\/wp-content\/uploads\/2024\/12\/Viking-See-Saw_front-box.jpg","type":"image\/jpeg"}],"twitter_card":"summary_large_image","twitter_misc":{"Gesch\u00e4tzte Lesezeit":"1 Minute"},"schema":{"@context":"https:\/\/schema.org","@graph":[{"@type":"WebPage","@id":"https:\/\/aroshops.com\/produkt\/viking-see-saw\/","url":"https:\/\/aroshops.com\/produkt\/viking-see-saw\/","name":"Viking See-Saw (EN) - aroshops","isPartOf":{"@id":"https:\/\/aroshops.com\/#website"},"datePublished":"2024-12-10T13:14:55+00:00","dateModified":"2025-12-12T12:30:46+00:00","description":"Rase, um dein Gep\u00e4ck zu balancieren in Viking See-Saw! Ein 3D-Geschicklichkeitsspiel f\u00fcr 2\u20134 Spieler voller Spa\u00df und \u00dcberraschungen.","breadcrumb":{"@id":"https:\/\/aroshops.com\/produkt\/viking-see-saw\/#breadcrumb"},"inLanguage":"de","potentialAction":[{"@type":"ReadAction","target":["https:\/\/aroshops.com\/produkt\/viking-see-saw\/"]}]},{"@type":"BreadcrumbList","@id":"https:\/\/aroshops.com\/produkt\/viking-see-saw\/#breadcrumb","itemListElement":[{"@type":"ListItem","position":1,"name":"Home","item":"https:\/\/aroshops.com\/de\/"},{"@type":"ListItem","position":2,"name":"Shop","item":"https:\/\/aroshops.com\/de\/shop-2\/"},{"@type":"ListItem","position":3,"name":"Viking See-Saw (EN)"}]},{"@type":"WebSite","@id":"https:\/\/aroshops.com\/#website","url":"https:\/\/aroshops.com\/","name":"aroshops","description":"Rare Games from the World\u2019s Best Small Publishers","publisher":{"@id":"https:\/\/aroshops.com\/#organization"},"potentialAction":[{"@type":"SearchAction","target":{"@type":"EntryPoint","urlTemplate":"https:\/\/aroshops.com\/?s={search_term_string}"},"query-input":"required name=search_term_string"}],"inLanguage":"de"},{"@type":"Organization","@id":"https:\/\/aroshops.com\/#organization","name":"Aroshops","url":"https:\/\/aroshops.com\/","logo":{"@type":"ImageObject","inLanguage":"de","@id":"https:\/\/aroshops.com\/#\/schema\/logo\/image\/","url":"https:\/\/aroshops.com\/wp-content\/uploads\/2022\/04\/AroQuadrat1-min-scaled.jpg","contentUrl":"https:\/\/aroshops.com\/wp-content\/uploads\/2022\/04\/AroQuadrat1-min-scaled.jpg","width":2560,"height":2560,"caption":"Aroshops"},"image":{"@id":"https:\/\/aroshops.com\/#\/schema\/logo\/image\/"},"sameAs":["https:\/\/www.facebook.com\/Aroshops-112003261334249","https:\/\/www.instagram.com\/aroshops_\/","https:\/\/www.linkedin.com\/company\/79450258\/admin\/","https:\/\/www.youtube.com\/channel\/UCAvICtso1DRXyhZbVgXqQ0g"]}]}},"_links":{"self":[{"href":"https:\/\/aroshops.com\/de\/wp-json\/wp\/v2\/product\/7038","targetHints":{"allow":["GET"]}}],"collection":[{"href":"https:\/\/aroshops.com\/de\/wp-json\/wp\/v2\/product"}],"about":[{"href":"https:\/\/aroshops.com\/de\/wp-json\/wp\/v2\/types\/product"}],"replies":[{"embeddable":true,"href":"https:\/\/aroshops.com\/de\/wp-json\/wp\/v2\/comments?post=7038"}],"wp:featuredmedia":[{"embeddable":true,"href":"https:\/\/aroshops.com\/de\/wp-json\/wp\/v2\/media\/7031"}],"wp:attachment":[{"href":"https:\/\/aroshops.com\/de\/wp-json\/wp\/v2\/media?parent=7038"}],"wp:term":[{"taxonomy":"product_brand","embeddable":true,"href":"https:\/\/aroshops.com\/de\/wp-json\/wp\/v2\/product_brand?post=7038"},{"taxonomy":"product_cat","embeddable":true,"href":"https:\/\/aroshops.com\/de\/wp-json\/wp\/v2\/product_cat?post=7038"},{"taxonomy":"product_tag","embeddable":true,"href":"https:\/\/aroshops.com\/de\/wp-json\/wp\/v2\/product_tag?post=7038"}],"curies":[{"name":"wp","href":"https:\/\/api.w.org\/{rel}","templated":true}]}}